{"id":1006,"date":"2025-01-11T21:29:20","date_gmt":"2025-01-11T20:29:20","guid":{"rendered":"https:\/\/mdtunisie.com\/?page_id=1006"},"modified":"2025-01-11T21:29:21","modified_gmt":"2025-01-11T20:29:21","slug":"assistance-mise-en-production","status":"publish","type":"page","link":"https:\/\/mdtunisie.com\/de\/assistance-mise-en-production\/","title":{"rendered":"Unterst\u00fctzung bei der Einf\u00fchrung in die Produktion"},"content":{"rendered":"<div class=\"wp-block-cover aligncenter has-custom-content-position is-position-center-left\" style=\"min-height:250px;aspect-ratio:unset;\"><span aria-hidden=\"true\" class=\"wp-block-cover__background has-neve-text-color-background-color has-background-dim\"><\/span><img data-recalc-dims=\"1\" loading=\"lazy\" decoding=\"async\" width=\"910\" height=\"606\" sizes=\"auto, (max-width: 1200px) 100vw, 1200px\" class=\"wp-block-cover__image-background wp-image-1000\" alt=\"\" src=\"https:\/\/i0.wp.com\/mdtunisie.com\/wp-content\/uploads\/2025\/01\/pexels-zeleboba-5554948.webp?resize=910%2C606&#038;ssl=1\" data-object-fit=\"cover\" srcset=\"https:\/\/i0.wp.com\/mdtunisie.com\/wp-content\/uploads\/2025\/01\/pexels-zeleboba-5554948.webp?w=910&amp;ssl=1 910w, https:\/\/i0.wp.com\/mdtunisie.com\/wp-content\/uploads\/2025\/01\/pexels-zeleboba-5554948.webp?resize=300%2C200&amp;ssl=1 300w, https:\/\/i0.wp.com\/mdtunisie.com\/wp-content\/uploads\/2025\/01\/pexels-zeleboba-5554948.webp?resize=768%2C511&amp;ssl=1 768w\" \/><div class=\"wp-block-cover__inner-container is-layout-constrained wp-block-cover-is-layout-constrained\">\n<h2 class=\"wp-block-heading\"><mark style=\"background-color:rgba(0, 0, 0, 0)\" class=\"has-inline-color has-nv-site-bg-color\">Unterst\u00fctzung bei der Einf\u00fchrung in die Produktion<\/mark><\/h2>\n<\/div><\/div>\n\n\n\n<hr class=\"wp-block-separator has-alpha-channel-opacity\"\/>\n\n\n\n<p>Micro-Device Tunisie st\u00fctzt sich auf ein gro\u00dfes Netzwerk von Partnern, die auf die Elektronikindustrie spezialisiert sind, um Sie bei jedem Schritt Ihres Projekts bis hin zur Produktionsaufnahme zu begleiten.<\/p>\n\n\n\n<hr class=\"wp-block-separator has-alpha-channel-opacity\"\/>\n\n\n\n<div class=\"wp-block-columns is-layout-flex wp-container-core-columns-is-layout-9d6595d7 wp-block-columns-is-layout-flex\">\n<div class=\"wp-block-column is-layout-flow wp-block-column-is-layout-flow\">\n<div class=\"wp-block-cover\"><span aria-hidden=\"true\" class=\"wp-block-cover__background has-neve-link-hover-color-background-color has-background-dim-100 has-background-dim\"><\/span><div class=\"wp-block-cover__inner-container is-layout-constrained wp-block-cover-is-layout-constrained\">\n<h2 class=\"wp-block-heading has-large-font-size\">Profitieren Sie von einem Netzwerk von Partnern im Dienste Ihrer Elektronikproduktion<\/h2>\n\n\n\n<p class=\"has-text-align-left\"><mark style=\"background-color:rgba(0, 0, 0, 0)\" class=\"has-inline-color has-nv-site-bg-color\">Stark durch sein Netzwerk von Industriepartnern in Tunesien und Europa, <strong>Micro-Device Tunesien<\/strong> begleitet Sie bei der Einf\u00fchrung Ihrer elektronischen Produkte in die Produktion. Wir w\u00e4hlen f\u00fcr Sie die besten Partner entsprechend Ihren spezifischen Bed\u00fcrfnissen aus und sorgen f\u00fcr eine optimale Koordination der gesamten Produktionskette. Nutzen Sie unser Fachwissen, um Ihre Kosten zu optimieren und die Zeit bis zur Markteinf\u00fchrung zu verk\u00fcrzen.<\/mark><\/p>\n<\/div><\/div>\n<\/div>\n<\/div>\n\n\n\n<div class=\"wp-block-cover has-custom-content-position is-position-top-center\" style=\"min-height:508px;aspect-ratio:unset;\"><span aria-hidden=\"true\" class=\"wp-block-cover__background has-nv-dark-bg-background-color has-background-dim-100 has-background-dim\"><\/span><div class=\"wp-block-cover__inner-container is-layout-constrained wp-block-cover-is-layout-constrained\">\n<p><\/p>\n\n\n\n<div class=\"wp-block-columns is-layout-flex wp-container-core-columns-is-layout-9d6595d7 wp-block-columns-is-layout-flex\">\n<div class=\"wp-block-column is-layout-flow wp-block-column-is-layout-flow\"><div class=\"wp-block-image\">\n<figure class=\"aligncenter size-large is-resized\"><img data-recalc-dims=\"1\" loading=\"lazy\" decoding=\"async\" width=\"1024\" height=\"682\" sizes=\"auto, (max-width: 1200px) 100vw, 1200px\" src=\"https:\/\/i0.wp.com\/mdtunisie.com\/wp-content\/uploads\/2025\/01\/pexels-olly-845451.webp?resize=1024%2C682&#038;ssl=1\" alt=\"\" class=\"wp-image-775\" style=\"width:435px;height:auto\" srcset=\"https:\/\/i0.wp.com\/mdtunisie.com\/wp-content\/uploads\/2025\/01\/pexels-olly-845451.webp?resize=1024%2C682&amp;ssl=1 1024w, https:\/\/i0.wp.com\/mdtunisie.com\/wp-content\/uploads\/2025\/01\/pexels-olly-845451.webp?resize=300%2C200&amp;ssl=1 300w, https:\/\/i0.wp.com\/mdtunisie.com\/wp-content\/uploads\/2025\/01\/pexels-olly-845451.webp?resize=768%2C512&amp;ssl=1 768w, https:\/\/i0.wp.com\/mdtunisie.com\/wp-content\/uploads\/2025\/01\/pexels-olly-845451.webp?resize=930%2C620&amp;ssl=1 930w, https:\/\/i0.wp.com\/mdtunisie.com\/wp-content\/uploads\/2025\/01\/pexels-olly-845451.webp?w=1525&amp;ssl=1 1525w\" \/><\/figure>\n<\/div>\n\n\n<div style=\"height:25px\" aria-hidden=\"true\" class=\"wp-block-spacer\"><\/div>\n\n\n\n<div class=\"wp-block-buttons is-content-justification-center is-layout-flex wp-container-core-buttons-is-layout-16018d1d wp-block-buttons-is-layout-flex\">\n<div class=\"wp-block-button is-style-default\"><a class=\"wp-block-button__link wp-element-button\" href=\"https:\/\/mdtunisie.com\/index.php\/expertises\/\">Entdecken Sie unsere Expertisen<\/a><\/div>\n<\/div>\n<\/div>\n\n\n\n<div class=\"wp-block-column is-layout-flow wp-block-column-is-layout-flow\"><div class=\"wp-block-image\">\n<figure class=\"aligncenter size-large is-resized\"><img data-recalc-dims=\"1\" loading=\"lazy\" decoding=\"async\" width=\"1024\" height=\"684\" sizes=\"auto, (max-width: 1200px) 100vw, 1200px\" src=\"https:\/\/i0.wp.com\/mdtunisie.com\/wp-content\/uploads\/2025\/01\/pexels-divinetechygirl-1181346.webp?resize=1024%2C684&#038;ssl=1\" alt=\"project\" class=\"wp-image-776\" style=\"width:439px;height:auto\" srcset=\"https:\/\/i0.wp.com\/mdtunisie.com\/wp-content\/uploads\/2025\/01\/pexels-divinetechygirl-1181346.webp?resize=1024%2C684&amp;ssl=1 1024w, https:\/\/i0.wp.com\/mdtunisie.com\/wp-content\/uploads\/2025\/01\/pexels-divinetechygirl-1181346.webp?resize=300%2C200&amp;ssl=1 300w, https:\/\/i0.wp.com\/mdtunisie.com\/wp-content\/uploads\/2025\/01\/pexels-divinetechygirl-1181346.webp?resize=768%2C513&amp;ssl=1 768w, https:\/\/i0.wp.com\/mdtunisie.com\/wp-content\/uploads\/2025\/01\/pexels-divinetechygirl-1181346.webp?resize=930%2C620&amp;ssl=1 930w, https:\/\/i0.wp.com\/mdtunisie.com\/wp-content\/uploads\/2025\/01\/pexels-divinetechygirl-1181346.webp?w=1203&amp;ssl=1 1203w\" \/><\/figure>\n<\/div>\n\n\n<div style=\"height:25px\" aria-hidden=\"true\" class=\"wp-block-spacer\"><\/div>\n\n\n\n<div class=\"wp-block-buttons alignwide is-content-justification-center is-layout-flex wp-container-core-buttons-is-layout-16018d1d wp-block-buttons-is-layout-flex\">\n<div class=\"wp-block-button\"><a class=\"wp-block-button__link has-text-align-center wp-element-button\" href=\"https:\/\/mdtunisie.com\/index.php\/project-form\/\">Erz\u00e4hlen Sie uns von Ihrem Projekt<\/a><\/div>\n<\/div>\n<\/div>\n<\/div>\n<\/div><\/div>\n\n\n\n<div class=\"wp-block-cover alignfull has-custom-content-position is-position-top-center\" style=\"min-height:60px;aspect-ratio:unset;\"><span aria-hidden=\"true\" class=\"wp-block-cover__background has-nv-light-bg-background-color has-background-dim-100 has-background-dim\"><\/span><div class=\"wp-block-cover__inner-container is-layout-constrained wp-block-cover-is-layout-constrained\">\n<p class=\"has-text-align-center has-neve-link-color-color has-text-color has-link-color wp-elements-6f1ef0452211a4e2a5770da552373032\">Copyright \u00a9 Micro Device Tunesien - 2025<\/p>\n<\/div><\/div>","protected":false},"excerpt":{"rendered":"<p>Micro-Device Tunisie st\u00fctzt sich auf ein gro\u00dfes Netzwerk von Partnern, die auf die Elektronikindustrie spezialisiert sind, um Sie bei jedem Schritt Ihres Projekts bis hin zur Produktionsaufnahme zu begleiten.<\/p>","protected":false},"author":1,"featured_media":0,"parent":0,"menu_order":0,"comment_status":"closed","ping_status":"closed","template":"","meta":{"neve_meta_sidebar":"","neve_meta_container":"","neve_meta_enable_content_width":"","neve_meta_content_width":0,"neve_meta_title_alignment":"","neve_meta_author_avatar":"","neve_post_elements_order":"","neve_meta_disable_header":"","neve_meta_disable_footer":"on","neve_meta_disable_title":"on","footnotes":""},"class_list":["post-1006","page","type-page","status-publish","hentry"],"yoast_head":"<!-- This site is optimized with the Yoast SEO plugin v27.4 - https:\/\/yoast.com\/product\/yoast-seo-wordpress\/ -->\n<title>Assistance mise en production - Micro Device Tunisie<\/title>\n<meta name=\"description\" content=\"MDT s&#039;appuie sur un vaste r\u00e9seau sp\u00e9cialis\u00e9 dans l&#039;industrie \u00e9lectronique pour vous accompagner dans votre projet.\" \/>\n<meta name=\"robots\" content=\"index, follow, max-snippet:-1, max-image-preview:large, max-video-preview:-1\" \/>\n<link rel=\"canonical\" href=\"https:\/\/mdtunisie.com\/de\/assistance-mise-en-production\/\" \/>\n<meta property=\"og:locale\" content=\"de_DE\" \/>\n<meta property=\"og:type\" content=\"article\" \/>\n<meta property=\"og:title\" content=\"Assistance mise en production - Micro Device Tunisie\" \/>\n<meta property=\"og:description\" content=\"MDT s&#039;appuie sur un vaste r\u00e9seau sp\u00e9cialis\u00e9 dans l&#039;industrie \u00e9lectronique pour vous accompagner dans votre projet.\" \/>\n<meta property=\"og:url\" content=\"https:\/\/mdtunisie.com\/de\/assistance-mise-en-production\/\" \/>\n<meta property=\"og:site_name\" content=\"Micro Device Tunisie\" \/>\n<meta property=\"article:modified_time\" content=\"2025-01-11T20:29:21+00:00\" \/>\n<meta property=\"og:image\" content=\"https:\/\/mdtunisie.com\/wp-content\/uploads\/2025\/01\/pexels-zeleboba-5554948.webp\" \/>\n<meta name=\"twitter:card\" content=\"summary_large_image\" \/>\n<meta name=\"twitter:label1\" content=\"Gesch\u00e4tzte Lesezeit\" \/>\n\t<meta name=\"twitter:data1\" content=\"2\u00a0Minuten\" \/>\n<script type=\"application\/ld+json\" class=\"yoast-schema-graph\">{\"@context\":\"https:\\\/\\\/schema.org\",\"@graph\":[{\"@type\":\"WebPage\",\"@id\":\"https:\\\/\\\/mdtunisie.com\\\/en\\\/assistance-mise-en-production\\\/\",\"url\":\"https:\\\/\\\/mdtunisie.com\\\/en\\\/assistance-mise-en-production\\\/\",\"name\":\"Assistance mise en production - Micro Device Tunisie\",\"isPartOf\":{\"@id\":\"https:\\\/\\\/mdtunisie.com\\\/#website\"},\"primaryImageOfPage\":{\"@id\":\"https:\\\/\\\/mdtunisie.com\\\/en\\\/assistance-mise-en-production\\\/#primaryimage\"},\"image\":{\"@id\":\"https:\\\/\\\/mdtunisie.com\\\/en\\\/assistance-mise-en-production\\\/#primaryimage\"},\"thumbnailUrl\":\"https:\\\/\\\/mdtunisie.com\\\/wp-content\\\/uploads\\\/2025\\\/01\\\/pexels-zeleboba-5554948.webp\",\"datePublished\":\"2025-01-11T20:29:20+00:00\",\"dateModified\":\"2025-01-11T20:29:21+00:00\",\"description\":\"MDT s'appuie sur un vaste r\u00e9seau sp\u00e9cialis\u00e9 dans l'industrie \u00e9lectronique pour vous accompagner dans votre projet.\",\"breadcrumb\":{\"@id\":\"https:\\\/\\\/mdtunisie.com\\\/en\\\/assistance-mise-en-production\\\/#breadcrumb\"},\"inLanguage\":\"de\",\"potentialAction\":[{\"@type\":\"ReadAction\",\"target\":[\"https:\\\/\\\/mdtunisie.com\\\/en\\\/assistance-mise-en-production\\\/\"]}]},{\"@type\":\"ImageObject\",\"inLanguage\":\"de\",\"@id\":\"https:\\\/\\\/mdtunisie.com\\\/en\\\/assistance-mise-en-production\\\/#primaryimage\",\"url\":\"https:\\\/\\\/mdtunisie.com\\\/wp-content\\\/uploads\\\/2025\\\/01\\\/pexels-zeleboba-5554948.webp\",\"contentUrl\":\"https:\\\/\\\/mdtunisie.com\\\/wp-content\\\/uploads\\\/2025\\\/01\\\/pexels-zeleboba-5554948.webp\"},{\"@type\":\"BreadcrumbList\",\"@id\":\"https:\\\/\\\/mdtunisie.com\\\/en\\\/assistance-mise-en-production\\\/#breadcrumb\",\"itemListElement\":[{\"@type\":\"ListItem\",\"position\":1,\"name\":\"Accueil\",\"item\":\"https:\\\/\\\/mdtunisie.com\\\/\"},{\"@type\":\"ListItem\",\"position\":2,\"name\":\"Assistance mise en production\"}]},{\"@type\":\"WebSite\",\"@id\":\"https:\\\/\\\/mdtunisie.com\\\/#website\",\"url\":\"https:\\\/\\\/mdtunisie.com\\\/\",\"name\":\"Micro Device Tunisie\",\"description\":\"Imaginons ensemble les innovations de demain\",\"alternateName\":\"Micro Device Tunisia\",\"potentialAction\":[{\"@type\":\"SearchAction\",\"target\":{\"@type\":\"EntryPoint\",\"urlTemplate\":\"https:\\\/\\\/mdtunisie.com\\\/?s={search_term_string}\"},\"query-input\":{\"@type\":\"PropertyValueSpecification\",\"valueRequired\":true,\"valueName\":\"search_term_string\"}}],\"inLanguage\":\"de\"}]}<\/script>\n<!-- \/ Yoast SEO plugin. -->","yoast_head_json":{"title":"Unterst\u00fctzung bei der Produktionsaufnahme - Micro Device Tunisie","description":"MDT st\u00fctzt sich auf ein gro\u00dfes Netzwerk, das auf die Elektronikindustrie spezialisiert ist, um Sie bei Ihrem Projekt zu unterst\u00fctzen.","robots":{"index":"index","follow":"follow","max-snippet":"max-snippet:-1","max-image-preview":"max-image-preview:large","max-video-preview":"max-video-preview:-1"},"canonical":"https:\/\/mdtunisie.com\/de\/assistance-mise-en-production\/","og_locale":"de_DE","og_type":"article","og_title":"Assistance mise en production - Micro Device Tunisie","og_description":"MDT s'appuie sur un vaste r\u00e9seau sp\u00e9cialis\u00e9 dans l'industrie \u00e9lectronique pour vous accompagner dans votre projet.","og_url":"https:\/\/mdtunisie.com\/de\/assistance-mise-en-production\/","og_site_name":"Micro Device Tunisie","article_modified_time":"2025-01-11T20:29:21+00:00","og_image":[{"url":"https:\/\/mdtunisie.com\/wp-content\/uploads\/2025\/01\/pexels-zeleboba-5554948.webp","type":"","width":"","height":""}],"twitter_card":"summary_large_image","twitter_misc":{"Gesch\u00e4tzte Lesezeit":"2\u00a0Minuten"},"schema":{"@context":"https:\/\/schema.org","@graph":[{"@type":"WebPage","@id":"https:\/\/mdtunisie.com\/en\/assistance-mise-en-production\/","url":"https:\/\/mdtunisie.com\/en\/assistance-mise-en-production\/","name":"Unterst\u00fctzung bei der Produktionsaufnahme - Micro Device Tunisie","isPartOf":{"@id":"https:\/\/mdtunisie.com\/#website"},"primaryImageOfPage":{"@id":"https:\/\/mdtunisie.com\/en\/assistance-mise-en-production\/#primaryimage"},"image":{"@id":"https:\/\/mdtunisie.com\/en\/assistance-mise-en-production\/#primaryimage"},"thumbnailUrl":"https:\/\/mdtunisie.com\/wp-content\/uploads\/2025\/01\/pexels-zeleboba-5554948.webp","datePublished":"2025-01-11T20:29:20+00:00","dateModified":"2025-01-11T20:29:21+00:00","description":"MDT st\u00fctzt sich auf ein gro\u00dfes Netzwerk, das auf die Elektronikindustrie spezialisiert ist, um Sie bei Ihrem Projekt zu unterst\u00fctzen.","breadcrumb":{"@id":"https:\/\/mdtunisie.com\/en\/assistance-mise-en-production\/#breadcrumb"},"inLanguage":"de","potentialAction":[{"@type":"ReadAction","target":["https:\/\/mdtunisie.com\/en\/assistance-mise-en-production\/"]}]},{"@type":"ImageObject","inLanguage":"de","@id":"https:\/\/mdtunisie.com\/en\/assistance-mise-en-production\/#primaryimage","url":"https:\/\/mdtunisie.com\/wp-content\/uploads\/2025\/01\/pexels-zeleboba-5554948.webp","contentUrl":"https:\/\/mdtunisie.com\/wp-content\/uploads\/2025\/01\/pexels-zeleboba-5554948.webp"},{"@type":"BreadcrumbList","@id":"https:\/\/mdtunisie.com\/en\/assistance-mise-en-production\/#breadcrumb","itemListElement":[{"@type":"ListItem","position":1,"name":"Accueil","item":"https:\/\/mdtunisie.com\/"},{"@type":"ListItem","position":2,"name":"Assistance mise en production"}]},{"@type":"WebSite","@id":"https:\/\/mdtunisie.com\/#website","url":"https:\/\/mdtunisie.com\/","name":"Micro Device Tunesien","description":"Lassen Sie uns gemeinsam die Innovationen von morgen erdenken","alternateName":"Micro Device Tunisia","potentialAction":[{"@type":"SearchAction","target":{"@type":"EntryPoint","urlTemplate":"https:\/\/mdtunisie.com\/?s={search_term_string}"},"query-input":{"@type":"PropertyValueSpecification","valueRequired":true,"valueName":"search_term_string"}}],"inLanguage":"de"}]}},"jetpack_sharing_enabled":true,"jetpack_likes_enabled":true,"_links":{"self":[{"href":"https:\/\/mdtunisie.com\/de\/wp-json\/wp\/v2\/pages\/1006","targetHints":{"allow":["GET"]}}],"collection":[{"href":"https:\/\/mdtunisie.com\/de\/wp-json\/wp\/v2\/pages"}],"about":[{"href":"https:\/\/mdtunisie.com\/de\/wp-json\/wp\/v2\/types\/page"}],"author":[{"embeddable":true,"href":"https:\/\/mdtunisie.com\/de\/wp-json\/wp\/v2\/users\/1"}],"replies":[{"embeddable":true,"href":"https:\/\/mdtunisie.com\/de\/wp-json\/wp\/v2\/comments?post=1006"}],"version-history":[{"count":2,"href":"https:\/\/mdtunisie.com\/de\/wp-json\/wp\/v2\/pages\/1006\/revisions"}],"predecessor-version":[{"id":1008,"href":"https:\/\/mdtunisie.com\/de\/wp-json\/wp\/v2\/pages\/1006\/revisions\/1008"}],"wp:attachment":[{"href":"https:\/\/mdtunisie.com\/de\/wp-json\/wp\/v2\/media?parent=1006"}],"curies":[{"name":"wp","href":"https:\/\/api.w.org\/{rel}","templated":true}]}}