{"id":730,"date":"2025-01-10T21:39:05","date_gmt":"2025-01-10T20:39:05","guid":{"rendered":"https:\/\/mdtunisie.com\/?page_id=730"},"modified":"2025-05-10T11:05:14","modified_gmt":"2025-05-10T09:05:14","slug":"nos-clients","status":"publish","type":"page","link":"https:\/\/mdtunisie.com\/de\/nos-clients\/","title":{"rendered":"Unsere Klienten"},"content":{"rendered":"<div class=\"wp-block-cover aligncenter has-custom-content-position is-position-center-left\" style=\"min-height:250px;aspect-ratio:unset;\"><img data-recalc-dims=\"1\" loading=\"lazy\" decoding=\"async\" width=\"816\" height=\"444\" sizes=\"auto, (max-width: 1200px) 100vw, 1200px\" class=\"wp-block-cover__image-background wp-image-768\" alt=\"\" src=\"https:\/\/i0.wp.com\/mdtunisie.com\/wp-content\/uploads\/2025\/01\/pexels-sora-shimazaki-5668839.webp?resize=816%2C444&#038;ssl=1\" data-object-fit=\"cover\" srcset=\"https:\/\/i0.wp.com\/mdtunisie.com\/wp-content\/uploads\/2025\/01\/pexels-sora-shimazaki-5668839.webp?w=816&amp;ssl=1 816w, https:\/\/i0.wp.com\/mdtunisie.com\/wp-content\/uploads\/2025\/01\/pexels-sora-shimazaki-5668839.webp?resize=300%2C163&amp;ssl=1 300w, https:\/\/i0.wp.com\/mdtunisie.com\/wp-content\/uploads\/2025\/01\/pexels-sora-shimazaki-5668839.webp?resize=768%2C418&amp;ssl=1 768w\" \/><span aria-hidden=\"true\" class=\"wp-block-cover__background has-neve-text-color-background-color has-background-dim\"><\/span><div class=\"wp-block-cover__inner-container is-layout-constrained wp-block-cover-is-layout-constrained\">\n<h2 class=\"wp-block-heading\">Auf jeden Industriellen zugeschnittene Dienstleistungen<\/h2>\n<\/div><\/div>\n\n\n\n<p><\/p>\n\n\n\n<div class=\"wp-block-cover\" style=\"min-height:92px;aspect-ratio:unset;\"><span aria-hidden=\"true\" class=\"wp-block-cover__background has-neve-link-hover-color-background-color has-background-dim-100 has-background-dim\"><\/span><div class=\"wp-block-cover__inner-container is-layout-constrained wp-block-cover-is-layout-constrained\">\n<h3 class=\"wp-block-heading alignwide has-text-align-center\"><mark style=\"background-color:var(--nv-secondary-accent)\" class=\"has-inline-color has-nv-site-bg-color\">Studienb\u00fcro <\/mark>mit starker europ\u00e4ischer Erfahrung <\/h3>\n<\/div><\/div>\n\n\n\n<div class=\"wp-block-columns is-layout-flex wp-container-core-columns-is-layout-9d6595d7 wp-block-columns-is-layout-flex\">\n<div class=\"wp-block-column is-vertically-aligned-center is-layout-flow wp-block-column-is-layout-flow\"><div class=\"wp-block-image\">\n<figure class=\"aligncenter size-full\"><img data-recalc-dims=\"1\" loading=\"lazy\" decoding=\"async\" width=\"600\" height=\"400\" sizes=\"auto, (max-width: 1200px) 100vw, 1200px\" src=\"https:\/\/i0.wp.com\/mdtunisie.com\/wp-content\/uploads\/2025\/05\/pexels-anthonybbeck-4278036.webp?resize=600%2C400&#038;ssl=1\" alt=\"mdt europe\" class=\"wp-image-1074\" srcset=\"https:\/\/i0.wp.com\/mdtunisie.com\/wp-content\/uploads\/2025\/05\/pexels-anthonybbeck-4278036.webp?w=600&amp;ssl=1 600w, https:\/\/i0.wp.com\/mdtunisie.com\/wp-content\/uploads\/2025\/05\/pexels-anthonybbeck-4278036.webp?resize=300%2C200&amp;ssl=1 300w, https:\/\/i0.wp.com\/mdtunisie.com\/wp-content\/uploads\/2025\/05\/pexels-anthonybbeck-4278036.webp?resize=18%2C12&amp;ssl=1 18w\" \/><\/figure>\n<\/div><\/div>\n\n\n\n<div class=\"wp-block-column is-vertically-aligned-center is-layout-flow wp-block-column-is-layout-flow\">\n<p class=\" translation-block\">Mit einer ausschlie\u00dflich europ\u00e4ischen Pr\u00e4senz, insbesondere in Frankreich, beweist <strong>Micro Device Tunisie<\/strong> eine tiefe Vertrautheit mit den europ\u00e4ischen Normen und Standards, die f\u00fcr die Elektronikindustrie ma\u00dfgeblich sind. Diese umfassende Kenntnis erm\u00f6glicht es dem Unternehmen, L\u00f6sungen und Dienstleistungen anzubieten, die den Anforderungen des Marktes voll und ganz entsprechen, und so seinen Partnern eine reibungslose und erfolgreiche Integration ihrer elektronischen Produkte und Systeme innerhalb des europ\u00e4ischen \u00d6kosystems zu gew\u00e4hrleisten.<\/p>\n<\/div>\n<\/div>\n\n\n\n<div class=\"wp-block-cover\" style=\"min-height:92px;aspect-ratio:unset;\"><span aria-hidden=\"true\" class=\"wp-block-cover__background has-neve-link-hover-color-background-color has-background-dim-100 has-background-dim\"><\/span><div class=\"wp-block-cover__inner-container is-layout-constrained wp-block-cover-is-layout-constrained\">\n<h3 class=\"wp-block-heading alignwide has-text-align-center\"><mark style=\"background-color:var(--nv-secondary-accent)\" class=\"has-inline-color has-nv-site-bg-color\">OEM: Nutzen Sie die Flexibilit\u00e4t unserer Dienstleistungen und konzentrieren Sie sich auf Ihr Kerngesch\u00e4ft.<\/mark><\/h3>\n<\/div><\/div>\n\n\n\n<div class=\"wp-block-columns is-layout-flex wp-container-core-columns-is-layout-9d6595d7 wp-block-columns-is-layout-flex\">\n<div class=\"wp-block-column is-vertically-aligned-center is-layout-flow wp-block-column-is-layout-flow\"><div class=\"wp-block-image\">\n<figure class=\"aligncenter size-large\"><img data-recalc-dims=\"1\" loading=\"lazy\" decoding=\"async\" width=\"1024\" height=\"684\" sizes=\"auto, (max-width: 1200px) 100vw, 1200px\" src=\"https:\/\/i0.wp.com\/mdtunisie.com\/wp-content\/uploads\/2024\/08\/pexels-wdnet-213162-1024x684.webp?resize=1024%2C684&#038;ssl=1\" alt=\"\" class=\"wp-image-734\" srcset=\"https:\/\/i0.wp.com\/mdtunisie.com\/wp-content\/uploads\/2024\/08\/pexels-wdnet-213162-scaled.webp?resize=1024%2C684&amp;ssl=1 1024w, https:\/\/i0.wp.com\/mdtunisie.com\/wp-content\/uploads\/2024\/08\/pexels-wdnet-213162-scaled.webp?resize=300%2C200&amp;ssl=1 300w, https:\/\/i0.wp.com\/mdtunisie.com\/wp-content\/uploads\/2024\/08\/pexels-wdnet-213162-scaled.webp?resize=768%2C513&amp;ssl=1 768w, https:\/\/i0.wp.com\/mdtunisie.com\/wp-content\/uploads\/2024\/08\/pexels-wdnet-213162-scaled.webp?resize=1536%2C1025&amp;ssl=1 1536w, https:\/\/i0.wp.com\/mdtunisie.com\/wp-content\/uploads\/2024\/08\/pexels-wdnet-213162-scaled.webp?resize=2048%2C1367&amp;ssl=1 2048w, https:\/\/i0.wp.com\/mdtunisie.com\/wp-content\/uploads\/2024\/08\/pexels-wdnet-213162-scaled.webp?resize=930%2C620&amp;ssl=1 930w, https:\/\/i0.wp.com\/mdtunisie.com\/wp-content\/uploads\/2024\/08\/pexels-wdnet-213162-scaled.webp?w=2400&amp;ssl=1 2400w\" \/><\/figure>\n<\/div><\/div>\n\n\n\n<div class=\"wp-block-column is-vertically-aligned-center is-layout-flow wp-block-column-is-layout-flow\">\n<p class=\"has-text-align-left translation-block\">Wir richten unsere Dienstleistungen an OEMs (Original Equipment Manufacturers), um ihre Produkte mit unserem Fachwissen im Bereich Elektronik zu bereichern. So greift <strong>Micro Device Tunisie<\/strong> in allen Phasen des Lebenszyklus Ihres Produkts ein.<\/p>\n\n\n\n<ul class=\"wp-block-list\">\n<li>Verfassen des Lastenhefts<\/li>\n\n\n\n<li>Die Definition des Geh\u00e4uses<\/li>\n\n\n\n<li>System- und PCB-Design<\/li>\n\n\n\n<li>Begleitung bei der Einf\u00fchrung in die Produktion<\/li>\n<\/ul>\n<\/div>\n<\/div>\n\n\n\n<div class=\"wp-block-cover\" style=\"min-height:92px;aspect-ratio:unset;\"><span aria-hidden=\"true\" class=\"wp-block-cover__background has-neve-link-hover-color-background-color has-background-dim-100 has-background-dim\"><\/span><div class=\"wp-block-cover__inner-container is-layout-constrained wp-block-cover-is-layout-constrained\">\n<h3 class=\"wp-block-heading alignwide has-text-align-center\"><mark style=\"background-color:var(--nv-secondary-accent)\" class=\"has-inline-color has-nv-site-bg-color\"><mark style=\"background-color:var(--nv-secondary-accent)\" class=\"has-inline-color has-nv-site-bg-color\"><mark style=\"background-color:var(--nv-secondary-accent)\" class=\"has-inline-color has-nv-site-bg-color\">EMS: Erg\u00e4nzen Sie Ihr Produktionsangebot mit einem passenden Studienservice<\/mark><\/mark><\/mark><\/h3>\n<\/div><\/div>\n\n\n\n<div class=\"wp-block-columns is-layout-flex wp-container-core-columns-is-layout-9d6595d7 wp-block-columns-is-layout-flex\">\n<div class=\"wp-block-column is-layout-flow wp-block-column-is-layout-flow\">\n<p><\/p>\n\n\n\n<p class=\" translation-block\">Die Anbieter von Dienstleistungen f\u00fcr die Montage elektronischer Leiterplatten geh\u00f6ren zu unseren bevorzugten Partnern. Sie werden oft vorrangig nach dem Bedarf f\u00fcr die Realisierung von Elektronikprojekten gefragt und wissen, dass sie sich darauf verlassen k\u00f6nnen, dass <strong>Micro Device Tunisie<\/strong> die Entwicklung und Erstellung der von ihnen ben\u00f6tigten Produktionsunterlagen \u00fcbernimmt.<\/p>\n\n\n\n<p>Diese enge und komplement\u00e4re Zusammenarbeit st\u00e4rkt die F\u00e4higkeit unserer EMS-Partner, Projekte abzurufen, und vereinfacht auch den Prozess f\u00fcr den Endkunden.<\/p>\n<\/div>\n\n\n\n<div class=\"wp-block-column is-layout-flow wp-block-column-is-layout-flow\">\n<figure class=\"wp-block-image size-full\"><img data-recalc-dims=\"1\" loading=\"lazy\" decoding=\"async\" width=\"583\" height=\"341\" sizes=\"auto, (max-width: 1200px) 100vw, 1200px\" src=\"https:\/\/i0.wp.com\/mdtunisie.com\/wp-content\/uploads\/2025\/01\/pexels-cottonbro-4705610-0.webp?resize=583%2C341&#038;ssl=1\" alt=\"\" class=\"wp-image-765\" srcset=\"https:\/\/i0.wp.com\/mdtunisie.com\/wp-content\/uploads\/2025\/01\/pexels-cottonbro-4705610-0.webp?w=583&amp;ssl=1 583w, https:\/\/i0.wp.com\/mdtunisie.com\/wp-content\/uploads\/2025\/01\/pexels-cottonbro-4705610-0.webp?resize=300%2C175&amp;ssl=1 300w\" \/><\/figure>\n<\/div>\n<\/div>\n\n\n\n<div class=\"wp-block-cover has-custom-content-position is-position-top-center has-small-font-size\" style=\"min-height:69px;aspect-ratio:unset;\"><span aria-hidden=\"true\" class=\"wp-block-cover__background has-neve-link-hover-color-background-color has-background-dim-100 has-background-dim\"><\/span><div class=\"wp-block-cover__inner-container is-layout-constrained wp-block-cover-is-layout-constrained\">\n<h3 class=\"wp-block-heading alignwide has-text-align-center\"><mark style=\"background-color:var(--nv-secondary-accent)\" class=\"has-inline-color has-nv-site-bg-color\"><mark style=\"background-color:var(--nv-secondary-accent)\" class=\"has-inline-color has-nv-site-bg-color\">Ingenieurb\u00fcros: Profitieren Sie von der 10-j\u00e4hrigen Erfahrung eines multidisziplin\u00e4ren Ingenieurb\u00fcros.<\/mark><\/mark><\/h3>\n<\/div><\/div>\n\n\n\n<div class=\"wp-block-columns is-layout-flex wp-container-core-columns-is-layout-9d6595d7 wp-block-columns-is-layout-flex\">\n<div class=\"wp-block-column is-vertically-aligned-center is-layout-flow wp-block-column-is-layout-flow\">\n<figure class=\"wp-block-image size-large\"><img data-recalc-dims=\"1\" loading=\"lazy\" decoding=\"async\" width=\"1024\" height=\"683\" sizes=\"auto, (max-width: 1200px) 100vw, 1200px\" src=\"https:\/\/i0.wp.com\/mdtunisie.com\/wp-content\/uploads\/2024\/08\/pexels-fauxels-3184436-1024x683.webp?resize=1024%2C683&#038;ssl=1\" alt=\"\" class=\"wp-image-735\" srcset=\"https:\/\/i0.wp.com\/mdtunisie.com\/wp-content\/uploads\/2024\/08\/pexels-fauxels-3184436-jpg.webp?resize=1024%2C683&amp;ssl=1 1024w, https:\/\/i0.wp.com\/mdtunisie.com\/wp-content\/uploads\/2024\/08\/pexels-fauxels-3184436-jpg.webp?resize=300%2C200&amp;ssl=1 300w, https:\/\/i0.wp.com\/mdtunisie.com\/wp-content\/uploads\/2024\/08\/pexels-fauxels-3184436-jpg.webp?resize=768%2C512&amp;ssl=1 768w, https:\/\/i0.wp.com\/mdtunisie.com\/wp-content\/uploads\/2024\/08\/pexels-fauxels-3184436-jpg.webp?resize=930%2C620&amp;ssl=1 930w, https:\/\/i0.wp.com\/mdtunisie.com\/wp-content\/uploads\/2024\/08\/pexels-fauxels-3184436-jpg.webp?w=1200&amp;ssl=1 1200w\" \/><\/figure>\n<\/div>\n\n\n\n<div class=\"wp-block-column is-vertically-aligned-center is-layout-flow wp-block-column-is-layout-flow\">\n<p class=\" translation-block\">Wir unterst\u00fctzen auch Konstruktionsb\u00fcros bei ihren verschiedenen Entwicklungsaufgaben im Rahmen einer Co-Entwicklung. Die vielf\u00e4ltigen Erfahrungen von <strong>Micro Device Tunisie<\/strong> und die Vielfalt der Projekte, an denen wir beteiligt waren, sind ein wertvoller Trumpf, um Ihre Teams zu st\u00e4rken und eine Zusammenarbeit in perfekter Synergie zu gew\u00e4hrleisten. Gewinnen Sie mehr Bandbreite mit Dienstleistungen, die auf Ihre Bed\u00fcrfnisse zugeschnitten sind, sei es eine einfache Erstellung von Bauteilbibliotheken, das Zeichnen von Schaltpl\u00e4nen oder PCB-Routing.<\/p>\n<\/div>\n<\/div>\n\n\n\n<div class=\"wp-block-cover has-custom-content-position is-position-top-center\" style=\"min-height:508px;aspect-ratio:unset;\"><span aria-hidden=\"true\" class=\"wp-block-cover__background has-nv-dark-bg-background-color has-background-dim-100 has-background-dim\"><\/span><div class=\"wp-block-cover__inner-container is-layout-constrained wp-block-cover-is-layout-constrained\">\n<p><\/p>\n\n\n\n<div class=\"wp-block-columns is-layout-flex wp-container-core-columns-is-layout-9d6595d7 wp-block-columns-is-layout-flex\">\n<div class=\"wp-block-column is-layout-flow wp-block-column-is-layout-flow\"><div class=\"wp-block-image\">\n<figure class=\"aligncenter size-large is-resized\"><img data-recalc-dims=\"1\" loading=\"lazy\" decoding=\"async\" width=\"1024\" height=\"682\" sizes=\"auto, (max-width: 1200px) 100vw, 1200px\" src=\"https:\/\/i0.wp.com\/mdtunisie.com\/wp-content\/uploads\/2025\/01\/pexels-olly-845451.webp?resize=1024%2C682&#038;ssl=1\" alt=\"\" class=\"wp-image-775\" style=\"width:435px;height:auto\" srcset=\"https:\/\/i0.wp.com\/mdtunisie.com\/wp-content\/uploads\/2025\/01\/pexels-olly-845451.webp?resize=1024%2C682&amp;ssl=1 1024w, https:\/\/i0.wp.com\/mdtunisie.com\/wp-content\/uploads\/2025\/01\/pexels-olly-845451.webp?resize=300%2C200&amp;ssl=1 300w, https:\/\/i0.wp.com\/mdtunisie.com\/wp-content\/uploads\/2025\/01\/pexels-olly-845451.webp?resize=768%2C512&amp;ssl=1 768w, https:\/\/i0.wp.com\/mdtunisie.com\/wp-content\/uploads\/2025\/01\/pexels-olly-845451.webp?resize=930%2C620&amp;ssl=1 930w, https:\/\/i0.wp.com\/mdtunisie.com\/wp-content\/uploads\/2025\/01\/pexels-olly-845451.webp?w=1525&amp;ssl=1 1525w\" \/><\/figure>\n<\/div>\n\n\n<p><\/p>\n\n\n\n<div class=\"wp-block-buttons is-content-justification-center is-layout-flex wp-container-core-buttons-is-layout-16018d1d wp-block-buttons-is-layout-flex\">\n<div class=\"wp-block-button is-style-default\"><a class=\"wp-block-button__link wp-element-button\" href=\"https:\/\/mdtunisie.com\/index.php\/expertises\/\">Entdecken Sie alle unsere Expertisen<\/a><\/div>\n<\/div>\n<\/div>\n\n\n\n<div class=\"wp-block-column is-layout-flow wp-block-column-is-layout-flow\"><div class=\"wp-block-image\">\n<figure class=\"aligncenter size-large is-resized\"><img data-recalc-dims=\"1\" loading=\"lazy\" decoding=\"async\" width=\"1024\" height=\"684\" sizes=\"auto, (max-width: 1200px) 100vw, 1200px\" src=\"https:\/\/i0.wp.com\/mdtunisie.com\/wp-content\/uploads\/2025\/01\/pexels-divinetechygirl-1181346.webp?resize=1024%2C684&#038;ssl=1\" alt=\"\" class=\"wp-image-776\" style=\"width:439px;height:auto\" srcset=\"https:\/\/i0.wp.com\/mdtunisie.com\/wp-content\/uploads\/2025\/01\/pexels-divinetechygirl-1181346.webp?resize=1024%2C684&amp;ssl=1 1024w, https:\/\/i0.wp.com\/mdtunisie.com\/wp-content\/uploads\/2025\/01\/pexels-divinetechygirl-1181346.webp?resize=300%2C200&amp;ssl=1 300w, https:\/\/i0.wp.com\/mdtunisie.com\/wp-content\/uploads\/2025\/01\/pexels-divinetechygirl-1181346.webp?resize=768%2C513&amp;ssl=1 768w, https:\/\/i0.wp.com\/mdtunisie.com\/wp-content\/uploads\/2025\/01\/pexels-divinetechygirl-1181346.webp?resize=930%2C620&amp;ssl=1 930w, https:\/\/i0.wp.com\/mdtunisie.com\/wp-content\/uploads\/2025\/01\/pexels-divinetechygirl-1181346.webp?w=1203&amp;ssl=1 1203w\" \/><\/figure>\n<\/div>\n\n\n<p><\/p>\n\n\n\n<div class=\"wp-block-buttons alignwide is-content-justification-center is-layout-flex wp-container-core-buttons-is-layout-16018d1d wp-block-buttons-is-layout-flex\">\n<div class=\"wp-block-button\"><a class=\"wp-block-button__link has-text-align-center wp-element-button\" href=\"https:\/\/mdtunisie.com\/index.php\/project-form\/\">Erz\u00e4hlen Sie uns von Ihrem Projekt<\/a><\/div>\n<\/div>\n<\/div>\n<\/div>\n<\/div><\/div>\n\n\n\n<div class=\"wp-block-cover alignfull has-custom-content-position is-position-top-center\" style=\"min-height:60px;aspect-ratio:unset;\"><span aria-hidden=\"true\" class=\"wp-block-cover__background has-nv-light-bg-background-color has-background-dim-100 has-background-dim\"><\/span><div class=\"wp-block-cover__inner-container is-layout-constrained wp-block-cover-is-layout-constrained\">\n<p class=\"has-text-align-center has-neve-link-color-color has-text-color has-link-color wp-elements-6f1ef0452211a4e2a5770da552373032\">Copyright \u00a9 Micro Device Tunesien - 2025<\/p>\n<\/div><\/div>","protected":false},"excerpt":{"rendered":"<p>Avec une pr\u00e9sence exclusivement Europ\u00e9enne, et particuli\u00e8rement en France, Micro Device Tunisie d\u00e9montre une profonde familiarit\u00e9 avec les normes et standards europ\u00e9ens qui r\u00e9gissent l&rsquo;industrie \u00e9lectronique. Cette connaissance approfondie permet \u00e0 l&rsquo;entreprise d&rsquo;offrir des solutions et des services parfaitement conformes aux exigences du march\u00e9, assurant ainsi \u00e0 ses partenaires une int\u00e9gration fluide et r\u00e9ussie de&hellip;&nbsp;<a href=\"https:\/\/mdtunisie.com\/de\/nos-clients\/\" rel=\"bookmark\">Weiterlesen &raquo;<span class=\"screen-reader-text\">Unsere Klienten<\/span><\/a><\/p>","protected":false},"author":1,"featured_media":0,"parent":0,"menu_order":0,"comment_status":"closed","ping_status":"closed","template":"","meta":{"neve_meta_sidebar":"","neve_meta_container":"","neve_meta_enable_content_width":"off","neve_meta_content_width":70,"neve_meta_title_alignment":"","neve_meta_author_avatar":"","neve_post_elements_order":"","neve_meta_disable_header":"off","neve_meta_disable_footer":"on","neve_meta_disable_title":"on","footnotes":""},"class_list":["post-730","page","type-page","status-publish","hentry"],"yoast_head":"<!-- This site is optimized with the Yoast SEO plugin v27.4 - https:\/\/yoast.com\/product\/yoast-seo-wordpress\/ -->\n<title>Nos clients - Micro Device Tunisie<\/title>\n<meta name=\"description\" content=\"Micro Device Tunisie propose une gamme compl\u00e8te de services pour accompagner ses clients dans le d\u00e9veloppement de leurs produits.\" \/>\n<meta name=\"robots\" content=\"index, follow, max-snippet:-1, max-image-preview:large, max-video-preview:-1\" \/>\n<link rel=\"canonical\" href=\"https:\/\/mdtunisie.com\/de\/nos-clients\/\" \/>\n<meta property=\"og:locale\" content=\"de_DE\" \/>\n<meta property=\"og:type\" content=\"article\" \/>\n<meta property=\"og:title\" content=\"Nos clients - Micro Device Tunisie\" \/>\n<meta property=\"og:description\" content=\"Micro Device Tunisie propose une gamme compl\u00e8te de services pour accompagner ses clients dans le d\u00e9veloppement de leurs produits.\" \/>\n<meta property=\"og:url\" content=\"https:\/\/mdtunisie.com\/de\/nos-clients\/\" \/>\n<meta property=\"og:site_name\" content=\"Micro Device Tunisie\" \/>\n<meta property=\"article:modified_time\" content=\"2025-05-10T09:05:14+00:00\" \/>\n<meta property=\"og:image\" content=\"https:\/\/mdtunisie.com\/wp-content\/uploads\/2025\/01\/pexels-sora-shimazaki-5668839.webp\" \/>\n<meta name=\"twitter:card\" content=\"summary_large_image\" \/>\n<meta name=\"twitter:label1\" content=\"Gesch\u00e4tzte Lesezeit\" \/>\n\t<meta name=\"twitter:data1\" content=\"4\u00a0Minuten\" \/>\n<script type=\"application\/ld+json\" class=\"yoast-schema-graph\">{\"@context\":\"https:\\\/\\\/schema.org\",\"@graph\":[{\"@type\":\"WebPage\",\"@id\":\"https:\\\/\\\/mdtunisie.com\\\/nos-clients\\\/\",\"url\":\"https:\\\/\\\/mdtunisie.com\\\/nos-clients\\\/\",\"name\":\"Nos clients - Micro Device Tunisie\",\"isPartOf\":{\"@id\":\"https:\\\/\\\/mdtunisie.com\\\/#website\"},\"primaryImageOfPage\":{\"@id\":\"https:\\\/\\\/mdtunisie.com\\\/nos-clients\\\/#primaryimage\"},\"image\":{\"@id\":\"https:\\\/\\\/mdtunisie.com\\\/nos-clients\\\/#primaryimage\"},\"thumbnailUrl\":\"https:\\\/\\\/mdtunisie.com\\\/wp-content\\\/uploads\\\/2025\\\/01\\\/pexels-sora-shimazaki-5668839.webp\",\"datePublished\":\"2025-01-10T20:39:05+00:00\",\"dateModified\":\"2025-05-10T09:05:14+00:00\",\"description\":\"Micro Device Tunisie propose une gamme compl\u00e8te de services pour accompagner ses clients dans le d\u00e9veloppement de leurs produits.\",\"breadcrumb\":{\"@id\":\"https:\\\/\\\/mdtunisie.com\\\/nos-clients\\\/#breadcrumb\"},\"inLanguage\":\"de\",\"potentialAction\":[{\"@type\":\"ReadAction\",\"target\":[\"https:\\\/\\\/mdtunisie.com\\\/nos-clients\\\/\"]}]},{\"@type\":\"ImageObject\",\"inLanguage\":\"de\",\"@id\":\"https:\\\/\\\/mdtunisie.com\\\/nos-clients\\\/#primaryimage\",\"url\":\"https:\\\/\\\/mdtunisie.com\\\/wp-content\\\/uploads\\\/2025\\\/01\\\/pexels-sora-shimazaki-5668839.webp\",\"contentUrl\":\"https:\\\/\\\/mdtunisie.com\\\/wp-content\\\/uploads\\\/2025\\\/01\\\/pexels-sora-shimazaki-5668839.webp\"},{\"@type\":\"BreadcrumbList\",\"@id\":\"https:\\\/\\\/mdtunisie.com\\\/nos-clients\\\/#breadcrumb\",\"itemListElement\":[{\"@type\":\"ListItem\",\"position\":1,\"name\":\"Accueil\",\"item\":\"https:\\\/\\\/mdtunisie.com\\\/\"},{\"@type\":\"ListItem\",\"position\":2,\"name\":\"Nos clients\"}]},{\"@type\":\"WebSite\",\"@id\":\"https:\\\/\\\/mdtunisie.com\\\/#website\",\"url\":\"https:\\\/\\\/mdtunisie.com\\\/\",\"name\":\"Micro Device Tunisie\",\"description\":\"Imaginons ensemble les innovations de demain\",\"alternateName\":\"Micro Device Tunisia\",\"potentialAction\":[{\"@type\":\"SearchAction\",\"target\":{\"@type\":\"EntryPoint\",\"urlTemplate\":\"https:\\\/\\\/mdtunisie.com\\\/?s={search_term_string}\"},\"query-input\":{\"@type\":\"PropertyValueSpecification\",\"valueRequired\":true,\"valueName\":\"search_term_string\"}}],\"inLanguage\":\"de\"}]}<\/script>\n<!-- \/ Yoast SEO plugin. -->","yoast_head_json":{"title":"Nos clients - Micro Device Tunisie","description":"Micro Device Tunisie propose une gamme compl\u00e8te de services pour accompagner ses clients dans le d\u00e9veloppement de leurs produits.","robots":{"index":"index","follow":"follow","max-snippet":"max-snippet:-1","max-image-preview":"max-image-preview:large","max-video-preview":"max-video-preview:-1"},"canonical":"https:\/\/mdtunisie.com\/de\/nos-clients\/","og_locale":"de_DE","og_type":"article","og_title":"Nos clients - Micro Device Tunisie","og_description":"Micro Device Tunisie propose une gamme compl\u00e8te de services pour accompagner ses clients dans le d\u00e9veloppement de leurs produits.","og_url":"https:\/\/mdtunisie.com\/de\/nos-clients\/","og_site_name":"Micro Device Tunisie","article_modified_time":"2025-05-10T09:05:14+00:00","og_image":[{"url":"https:\/\/mdtunisie.com\/wp-content\/uploads\/2025\/01\/pexels-sora-shimazaki-5668839.webp","type":"","width":"","height":""}],"twitter_card":"summary_large_image","twitter_misc":{"Gesch\u00e4tzte Lesezeit":"4\u00a0Minuten"},"schema":{"@context":"https:\/\/schema.org","@graph":[{"@type":"WebPage","@id":"https:\/\/mdtunisie.com\/nos-clients\/","url":"https:\/\/mdtunisie.com\/nos-clients\/","name":"Nos clients - Micro Device Tunisie","isPartOf":{"@id":"https:\/\/mdtunisie.com\/#website"},"primaryImageOfPage":{"@id":"https:\/\/mdtunisie.com\/nos-clients\/#primaryimage"},"image":{"@id":"https:\/\/mdtunisie.com\/nos-clients\/#primaryimage"},"thumbnailUrl":"https:\/\/mdtunisie.com\/wp-content\/uploads\/2025\/01\/pexels-sora-shimazaki-5668839.webp","datePublished":"2025-01-10T20:39:05+00:00","dateModified":"2025-05-10T09:05:14+00:00","description":"Micro Device Tunisie propose une gamme compl\u00e8te de services pour accompagner ses clients dans le d\u00e9veloppement de leurs produits.","breadcrumb":{"@id":"https:\/\/mdtunisie.com\/nos-clients\/#breadcrumb"},"inLanguage":"de","potentialAction":[{"@type":"ReadAction","target":["https:\/\/mdtunisie.com\/nos-clients\/"]}]},{"@type":"ImageObject","inLanguage":"de","@id":"https:\/\/mdtunisie.com\/nos-clients\/#primaryimage","url":"https:\/\/mdtunisie.com\/wp-content\/uploads\/2025\/01\/pexels-sora-shimazaki-5668839.webp","contentUrl":"https:\/\/mdtunisie.com\/wp-content\/uploads\/2025\/01\/pexels-sora-shimazaki-5668839.webp"},{"@type":"BreadcrumbList","@id":"https:\/\/mdtunisie.com\/nos-clients\/#breadcrumb","itemListElement":[{"@type":"ListItem","position":1,"name":"Accueil","item":"https:\/\/mdtunisie.com\/"},{"@type":"ListItem","position":2,"name":"Nos clients"}]},{"@type":"WebSite","@id":"https:\/\/mdtunisie.com\/#website","url":"https:\/\/mdtunisie.com\/","name":"Micro Device Tunesien","description":"Lassen Sie uns gemeinsam die Innovationen von morgen erdenken","alternateName":"Micro Device Tunisia","potentialAction":[{"@type":"SearchAction","target":{"@type":"EntryPoint","urlTemplate":"https:\/\/mdtunisie.com\/?s={search_term_string}"},"query-input":{"@type":"PropertyValueSpecification","valueRequired":true,"valueName":"search_term_string"}}],"inLanguage":"de"}]}},"jetpack_sharing_enabled":true,"jetpack_likes_enabled":true,"_links":{"self":[{"href":"https:\/\/mdtunisie.com\/de\/wp-json\/wp\/v2\/pages\/730","targetHints":{"allow":["GET"]}}],"collection":[{"href":"https:\/\/mdtunisie.com\/de\/wp-json\/wp\/v2\/pages"}],"about":[{"href":"https:\/\/mdtunisie.com\/de\/wp-json\/wp\/v2\/types\/page"}],"author":[{"embeddable":true,"href":"https:\/\/mdtunisie.com\/de\/wp-json\/wp\/v2\/users\/1"}],"replies":[{"embeddable":true,"href":"https:\/\/mdtunisie.com\/de\/wp-json\/wp\/v2\/comments?post=730"}],"version-history":[{"count":30,"href":"https:\/\/mdtunisie.com\/de\/wp-json\/wp\/v2\/pages\/730\/revisions"}],"predecessor-version":[{"id":1078,"href":"https:\/\/mdtunisie.com\/de\/wp-json\/wp\/v2\/pages\/730\/revisions\/1078"}],"wp:attachment":[{"href":"https:\/\/mdtunisie.com\/de\/wp-json\/wp\/v2\/media?parent=730"}],"curies":[{"name":"wp","href":"https:\/\/api.w.org\/{rel}","templated":true}]}}