{"id":840,"date":"2025-01-10T23:51:58","date_gmt":"2025-01-10T22:51:58","guid":{"rendered":"https:\/\/mdtunisie.com\/?page_id=840"},"modified":"2025-01-11T20:48:36","modified_gmt":"2025-01-11T19:48:36","slug":"developpement-logiciel-embarque","status":"publish","type":"page","link":"https:\/\/mdtunisie.com\/de\/developpement-logiciel-embarque\/","title":{"rendered":"Entwicklung eingebetteter Software"},"content":{"rendered":"<div class=\"wp-block-cover aligncenter has-custom-content-position is-position-center-left\" style=\"min-height:250px;aspect-ratio:unset;\"><span aria-hidden=\"true\" class=\"wp-block-cover__background has-neve-text-color-background-color has-background-dim\"><\/span><img data-recalc-dims=\"1\" loading=\"lazy\" decoding=\"async\" width=\"1200\" height=\"797\" sizes=\"auto, (max-width: 1200px) 100vw, 1200px\" class=\"wp-block-cover__image-background wp-image-273\" alt=\"logiciel embarqu\u00e9\" src=\"https:\/\/i0.wp.com\/mdtunisie.com\/wp-content\/uploads\/2021\/04\/artificial-intelligence-blur-close-up-546819-scaled.jpg?resize=1200%2C797&#038;ssl=1\" data-object-fit=\"cover\" srcset=\"https:\/\/i0.wp.com\/mdtunisie.com\/wp-content\/uploads\/2021\/04\/artificial-intelligence-blur-close-up-546819-scaled.jpg?w=2560&amp;ssl=1 2560w, https:\/\/i0.wp.com\/mdtunisie.com\/wp-content\/uploads\/2021\/04\/artificial-intelligence-blur-close-up-546819-scaled.jpg?resize=300%2C199&amp;ssl=1 300w, https:\/\/i0.wp.com\/mdtunisie.com\/wp-content\/uploads\/2021\/04\/artificial-intelligence-blur-close-up-546819-scaled.jpg?resize=1024%2C680&amp;ssl=1 1024w, https:\/\/i0.wp.com\/mdtunisie.com\/wp-content\/uploads\/2021\/04\/artificial-intelligence-blur-close-up-546819-scaled.jpg?resize=768%2C510&amp;ssl=1 768w, https:\/\/i0.wp.com\/mdtunisie.com\/wp-content\/uploads\/2021\/04\/artificial-intelligence-blur-close-up-546819-scaled.jpg?resize=1536%2C1020&amp;ssl=1 1536w, https:\/\/i0.wp.com\/mdtunisie.com\/wp-content\/uploads\/2021\/04\/artificial-intelligence-blur-close-up-546819-scaled.jpg?resize=2048%2C1360&amp;ssl=1 2048w, https:\/\/i0.wp.com\/mdtunisie.com\/wp-content\/uploads\/2021\/04\/artificial-intelligence-blur-close-up-546819-scaled.jpg?w=2400&amp;ssl=1 2400w\" \/><div class=\"wp-block-cover__inner-container is-layout-constrained wp-block-cover-is-layout-constrained\">\n<h2 class=\"wp-block-heading\">Entwicklung eingebetteter Software<\/h2>\n<\/div><\/div>\n\n\n\n<hr class=\"wp-block-separator has-alpha-channel-opacity\"\/>\n\n\n\n<p>Als Spezialisten f\u00fcr die Entwicklung eingebetteter Software erstellen wir ma\u00dfgeschneiderte L\u00f6sungen, um die Leistung Ihrer Systeme zu optimieren. Unser Fachwissen garantiert zuverl\u00e4ssige, innovative Software, die perfekt auf die Anforderungen Ihrer Ger\u00e4te abgestimmt ist, ganz gleich, in welcher Branche Sie t\u00e4tig sind.<\/p>\n\n\n\n<hr class=\"wp-block-separator has-alpha-channel-opacity\"\/>\n\n\n\n<div class=\"wp-block-columns is-layout-flex wp-container-core-columns-is-layout-9d6595d7 wp-block-columns-is-layout-flex\">\n<div class=\"wp-block-column is-layout-flow wp-block-column-is-layout-flow\">\n<div class=\"wp-block-cover\"><span aria-hidden=\"true\" class=\"wp-block-cover__background has-neve-link-hover-color-background-color has-background-dim-100 has-background-dim\"><\/span><div class=\"wp-block-cover__inner-container is-layout-constrained wp-block-cover-is-layout-constrained\">\n<h2 class=\"wp-block-heading has-text-align-center\">Entwicklung f\u00fcr MCU<\/h2>\n\n\n\n<p class=\"has-text-align-center\"><mark style=\"background-color:rgba(0, 0, 0, 0)\" class=\"has-inline-color has-nv-site-bg-color\"><strong>Micro-Device Tunesien<\/strong> entwickelt eingebettete Software f\u00fcr verschiedene Architekturen und unter Verwendung mehrerer Programmiersprachen. Unser Fachwissen deckt ein breites Spektrum an Plattformen und Mikrocontrollern ab, sodass wir ma\u00dfgeschneiderte L\u00f6sungen erstellen k\u00f6nnen, die auf die spezifischen Anforderungen jedes Projekts zugeschnitten sind.<\/mark><\/p>\n<\/div><\/div>\n<\/div>\n\n\n\n<div class=\"wp-block-column is-layout-flow wp-block-column-is-layout-flow\">\n<div class=\"wp-block-cover\"><span aria-hidden=\"true\" class=\"wp-block-cover__background has-neve-link-hover-color-background-color has-background-dim-100 has-background-dim\"><\/span><div class=\"wp-block-cover__inner-container is-layout-constrained wp-block-cover-is-layout-constrained\">\n<h2 class=\"wp-block-heading has-text-align-center\">Entwicklung f\u00fcr eingebettetes Linux<\/h2>\n\n\n\n<p class=\"has-text-align-center\"><mark style=\"background-color:rgba(0, 0, 0, 0)\" class=\"has-inline-color has-nv-site-bg-color\">Mit ihrem Fachwissen \u00fcber eingebettete Systeme, <strong>Micro-Device Tunesien<\/strong> entwirft ma\u00dfgeschneiderte L\u00f6sungen, die sich auf einen Linux-Kern konzentrieren, um die anspruchsvollsten Anforderungen an Leistung und Funktionalit\u00e4t zu erf\u00fcllen.<\/mark><\/p>\n<\/div><\/div>\n<\/div>\n<\/div>\n\n\n\n<div class=\"wp-block-cover has-custom-content-position is-position-top-center\" style=\"min-height:508px;aspect-ratio:unset;\"><span aria-hidden=\"true\" class=\"wp-block-cover__background has-nv-dark-bg-background-color has-background-dim-100 has-background-dim\"><\/span><div class=\"wp-block-cover__inner-container is-layout-constrained wp-block-cover-is-layout-constrained\">\n<p><\/p>\n\n\n\n<div class=\"wp-block-columns is-layout-flex wp-container-core-columns-is-layout-9d6595d7 wp-block-columns-is-layout-flex\">\n<div class=\"wp-block-column is-layout-flow wp-block-column-is-layout-flow\"><div class=\"wp-block-image\">\n<figure class=\"aligncenter size-large is-resized\"><img data-recalc-dims=\"1\" loading=\"lazy\" decoding=\"async\" width=\"1024\" height=\"682\" sizes=\"auto, (max-width: 1200px) 100vw, 1200px\" src=\"https:\/\/i0.wp.com\/mdtunisie.com\/wp-content\/uploads\/2025\/01\/pexels-olly-845451.webp?resize=1024%2C682&#038;ssl=1\" alt=\"\" class=\"wp-image-775\" style=\"width:435px;height:auto\" srcset=\"https:\/\/i0.wp.com\/mdtunisie.com\/wp-content\/uploads\/2025\/01\/pexels-olly-845451.webp?resize=1024%2C682&amp;ssl=1 1024w, https:\/\/i0.wp.com\/mdtunisie.com\/wp-content\/uploads\/2025\/01\/pexels-olly-845451.webp?resize=300%2C200&amp;ssl=1 300w, https:\/\/i0.wp.com\/mdtunisie.com\/wp-content\/uploads\/2025\/01\/pexels-olly-845451.webp?resize=768%2C512&amp;ssl=1 768w, https:\/\/i0.wp.com\/mdtunisie.com\/wp-content\/uploads\/2025\/01\/pexels-olly-845451.webp?resize=930%2C620&amp;ssl=1 930w, https:\/\/i0.wp.com\/mdtunisie.com\/wp-content\/uploads\/2025\/01\/pexels-olly-845451.webp?w=1525&amp;ssl=1 1525w\" \/><\/figure>\n<\/div>\n\n\n<div style=\"height:25px\" aria-hidden=\"true\" class=\"wp-block-spacer\"><\/div>\n\n\n\n<div class=\"wp-block-buttons is-content-justification-center is-layout-flex wp-container-core-buttons-is-layout-16018d1d wp-block-buttons-is-layout-flex\">\n<div class=\"wp-block-button is-style-default\"><a class=\"wp-block-button__link wp-element-button\" href=\"https:\/\/mdtunisie.com\/index.php\/expertises\/\">Entdecken Sie unsere Expertisen<\/a><\/div>\n<\/div>\n<\/div>\n\n\n\n<div class=\"wp-block-column is-layout-flow wp-block-column-is-layout-flow\"><div class=\"wp-block-image\">\n<figure class=\"aligncenter size-large is-resized\"><img data-recalc-dims=\"1\" loading=\"lazy\" decoding=\"async\" width=\"1024\" height=\"684\" sizes=\"auto, (max-width: 1200px) 100vw, 1200px\" src=\"https:\/\/i0.wp.com\/mdtunisie.com\/wp-content\/uploads\/2025\/01\/pexels-divinetechygirl-1181346.webp?resize=1024%2C684&#038;ssl=1\" alt=\"\" class=\"wp-image-776\" style=\"width:439px;height:auto\" srcset=\"https:\/\/i0.wp.com\/mdtunisie.com\/wp-content\/uploads\/2025\/01\/pexels-divinetechygirl-1181346.webp?resize=1024%2C684&amp;ssl=1 1024w, https:\/\/i0.wp.com\/mdtunisie.com\/wp-content\/uploads\/2025\/01\/pexels-divinetechygirl-1181346.webp?resize=300%2C200&amp;ssl=1 300w, https:\/\/i0.wp.com\/mdtunisie.com\/wp-content\/uploads\/2025\/01\/pexels-divinetechygirl-1181346.webp?resize=768%2C513&amp;ssl=1 768w, https:\/\/i0.wp.com\/mdtunisie.com\/wp-content\/uploads\/2025\/01\/pexels-divinetechygirl-1181346.webp?resize=930%2C620&amp;ssl=1 930w, https:\/\/i0.wp.com\/mdtunisie.com\/wp-content\/uploads\/2025\/01\/pexels-divinetechygirl-1181346.webp?w=1203&amp;ssl=1 1203w\" \/><\/figure>\n<\/div>\n\n\n<div style=\"height:25px\" aria-hidden=\"true\" class=\"wp-block-spacer\"><\/div>\n\n\n\n<div class=\"wp-block-buttons alignwide is-content-justification-center is-layout-flex wp-container-core-buttons-is-layout-16018d1d wp-block-buttons-is-layout-flex\">\n<div class=\"wp-block-button\"><a class=\"wp-block-button__link has-text-align-center wp-element-button\" href=\"https:\/\/mdtunisie.com\/index.php\/project-form\/\">Erz\u00e4hlen Sie uns von Ihrem Projekt<\/a><\/div>\n<\/div>\n<\/div>\n<\/div>\n<\/div><\/div>\n\n\n\n<div class=\"wp-block-cover alignfull has-custom-content-position is-position-top-center\" style=\"min-height:60px;aspect-ratio:unset;\"><span aria-hidden=\"true\" class=\"wp-block-cover__background has-nv-light-bg-background-color has-background-dim-100 has-background-dim\"><\/span><div class=\"wp-block-cover__inner-container is-layout-constrained wp-block-cover-is-layout-constrained\">\n<p class=\"has-text-align-center has-neve-link-color-color has-text-color has-link-color wp-elements-6f1ef0452211a4e2a5770da552373032\">Copyright \u00a9 Micro Device Tunesien - 2025<\/p>\n<\/div><\/div>","protected":false},"excerpt":{"rendered":"<p>Als Spezialisten f\u00fcr die Entwicklung eingebetteter Software erstellen wir ma\u00dfgeschneiderte L\u00f6sungen, um die Leistung Ihrer Systeme zu optimieren. Unser Fachwissen garantiert zuverl\u00e4ssige, innovative Software, die perfekt auf die Anforderungen Ihrer Ger\u00e4te abgestimmt ist, ganz gleich, in welcher Branche Sie t\u00e4tig sind.<\/p>","protected":false},"author":1,"featured_media":0,"parent":0,"menu_order":0,"comment_status":"closed","ping_status":"closed","template":"","meta":{"neve_meta_sidebar":"","neve_meta_container":"","neve_meta_enable_content_width":"","neve_meta_content_width":0,"neve_meta_title_alignment":"","neve_meta_author_avatar":"","neve_post_elements_order":"","neve_meta_disable_header":"","neve_meta_disable_footer":"on","neve_meta_disable_title":"on","footnotes":""},"class_list":["post-840","page","type-page","status-publish","hentry"],"yoast_head":"<!-- This site is optimized with the Yoast SEO plugin v27.4 - https:\/\/yoast.com\/product\/yoast-seo-wordpress\/ -->\n<title>D\u00e9veloppement logiciel embarqu\u00e9 - Micro Device Tunisie<\/title>\n<meta name=\"description\" content=\"Sp\u00e9cialistes du d\u00e9veloppement de logiciels embarqu\u00e9s, nous cr\u00e9ons des solutions sur mesure pour optimiser les performances de vos syst\u00e8mes.\" \/>\n<meta name=\"robots\" content=\"index, follow, max-snippet:-1, max-image-preview:large, max-video-preview:-1\" \/>\n<link rel=\"canonical\" href=\"https:\/\/mdtunisie.com\/de\/developpement-logiciel-embarque\/\" \/>\n<meta property=\"og:locale\" content=\"de_DE\" \/>\n<meta property=\"og:type\" content=\"article\" \/>\n<meta property=\"og:title\" content=\"D\u00e9veloppement logiciel embarqu\u00e9 - Micro Device Tunisie\" \/>\n<meta property=\"og:description\" content=\"Sp\u00e9cialistes du d\u00e9veloppement de logiciels embarqu\u00e9s, nous cr\u00e9ons des solutions sur mesure pour optimiser les performances de vos syst\u00e8mes.\" \/>\n<meta property=\"og:url\" content=\"https:\/\/mdtunisie.com\/de\/developpement-logiciel-embarque\/\" \/>\n<meta property=\"og:site_name\" content=\"Micro Device Tunisie\" \/>\n<meta property=\"article:modified_time\" content=\"2025-01-11T19:48:36+00:00\" \/>\n<meta property=\"og:image\" content=\"https:\/\/mdtunisie.com\/wp-content\/uploads\/2021\/04\/artificial-intelligence-blur-close-up-546819-scaled.jpg\" \/>\n<meta name=\"twitter:card\" content=\"summary_large_image\" \/>\n<meta name=\"twitter:label1\" content=\"Gesch\u00e4tzte Lesezeit\" \/>\n\t<meta name=\"twitter:data1\" content=\"2\u00a0Minuten\" \/>\n<script type=\"application\/ld+json\" class=\"yoast-schema-graph\">{\"@context\":\"https:\\\/\\\/schema.org\",\"@graph\":[{\"@type\":\"WebPage\",\"@id\":\"https:\\\/\\\/mdtunisie.com\\\/en\\\/developpement-logiciel-embarque\\\/\",\"url\":\"https:\\\/\\\/mdtunisie.com\\\/en\\\/developpement-logiciel-embarque\\\/\",\"name\":\"D\u00e9veloppement logiciel embarqu\u00e9 - Micro Device Tunisie\",\"isPartOf\":{\"@id\":\"https:\\\/\\\/mdtunisie.com\\\/#website\"},\"primaryImageOfPage\":{\"@id\":\"https:\\\/\\\/mdtunisie.com\\\/en\\\/developpement-logiciel-embarque\\\/#primaryimage\"},\"image\":{\"@id\":\"https:\\\/\\\/mdtunisie.com\\\/en\\\/developpement-logiciel-embarque\\\/#primaryimage\"},\"thumbnailUrl\":\"https:\\\/\\\/mdtunisie.com\\\/wp-content\\\/uploads\\\/2021\\\/04\\\/artificial-intelligence-blur-close-up-546819-scaled.jpg\",\"datePublished\":\"2025-01-10T22:51:58+00:00\",\"dateModified\":\"2025-01-11T19:48:36+00:00\",\"description\":\"Sp\u00e9cialistes du d\u00e9veloppement de logiciels embarqu\u00e9s, nous cr\u00e9ons des solutions sur mesure pour optimiser les performances de vos syst\u00e8mes.\",\"breadcrumb\":{\"@id\":\"https:\\\/\\\/mdtunisie.com\\\/en\\\/developpement-logiciel-embarque\\\/#breadcrumb\"},\"inLanguage\":\"de\",\"potentialAction\":[{\"@type\":\"ReadAction\",\"target\":[\"https:\\\/\\\/mdtunisie.com\\\/en\\\/developpement-logiciel-embarque\\\/\"]}]},{\"@type\":\"ImageObject\",\"inLanguage\":\"de\",\"@id\":\"https:\\\/\\\/mdtunisie.com\\\/en\\\/developpement-logiciel-embarque\\\/#primaryimage\",\"url\":\"https:\\\/\\\/mdtunisie.com\\\/wp-content\\\/uploads\\\/2021\\\/04\\\/artificial-intelligence-blur-close-up-546819-scaled.jpg\",\"contentUrl\":\"https:\\\/\\\/mdtunisie.com\\\/wp-content\\\/uploads\\\/2021\\\/04\\\/artificial-intelligence-blur-close-up-546819-scaled.jpg\"},{\"@type\":\"BreadcrumbList\",\"@id\":\"https:\\\/\\\/mdtunisie.com\\\/en\\\/developpement-logiciel-embarque\\\/#breadcrumb\",\"itemListElement\":[{\"@type\":\"ListItem\",\"position\":1,\"name\":\"Accueil\",\"item\":\"https:\\\/\\\/mdtunisie.com\\\/\"},{\"@type\":\"ListItem\",\"position\":2,\"name\":\"D\u00e9veloppement logiciel embarqu\u00e9\"}]},{\"@type\":\"WebSite\",\"@id\":\"https:\\\/\\\/mdtunisie.com\\\/#website\",\"url\":\"https:\\\/\\\/mdtunisie.com\\\/\",\"name\":\"Micro Device Tunisie\",\"description\":\"Imaginons ensemble les innovations de demain\",\"alternateName\":\"Micro Device Tunisia\",\"potentialAction\":[{\"@type\":\"SearchAction\",\"target\":{\"@type\":\"EntryPoint\",\"urlTemplate\":\"https:\\\/\\\/mdtunisie.com\\\/?s={search_term_string}\"},\"query-input\":{\"@type\":\"PropertyValueSpecification\",\"valueRequired\":true,\"valueName\":\"search_term_string\"}}],\"inLanguage\":\"de\"}]}<\/script>\n<!-- \/ Yoast SEO plugin. -->","yoast_head_json":{"title":"D\u00e9veloppement logiciel embarqu\u00e9 - Micro Device Tunisie","description":"Als Spezialisten f\u00fcr die Entwicklung von eingebetteter Software erstellen wir ma\u00dfgeschneiderte L\u00f6sungen, um die Leistung Ihrer Systeme zu optimieren.","robots":{"index":"index","follow":"follow","max-snippet":"max-snippet:-1","max-image-preview":"max-image-preview:large","max-video-preview":"max-video-preview:-1"},"canonical":"https:\/\/mdtunisie.com\/de\/developpement-logiciel-embarque\/","og_locale":"de_DE","og_type":"article","og_title":"D\u00e9veloppement logiciel embarqu\u00e9 - Micro Device Tunisie","og_description":"Sp\u00e9cialistes du d\u00e9veloppement de logiciels embarqu\u00e9s, nous cr\u00e9ons des solutions sur mesure pour optimiser les performances de vos syst\u00e8mes.","og_url":"https:\/\/mdtunisie.com\/de\/developpement-logiciel-embarque\/","og_site_name":"Micro Device Tunisie","article_modified_time":"2025-01-11T19:48:36+00:00","og_image":[{"url":"https:\/\/mdtunisie.com\/wp-content\/uploads\/2021\/04\/artificial-intelligence-blur-close-up-546819-scaled.jpg","type":"","width":"","height":""}],"twitter_card":"summary_large_image","twitter_misc":{"Gesch\u00e4tzte Lesezeit":"2\u00a0Minuten"},"schema":{"@context":"https:\/\/schema.org","@graph":[{"@type":"WebPage","@id":"https:\/\/mdtunisie.com\/en\/developpement-logiciel-embarque\/","url":"https:\/\/mdtunisie.com\/en\/developpement-logiciel-embarque\/","name":"D\u00e9veloppement logiciel embarqu\u00e9 - Micro Device Tunisie","isPartOf":{"@id":"https:\/\/mdtunisie.com\/#website"},"primaryImageOfPage":{"@id":"https:\/\/mdtunisie.com\/en\/developpement-logiciel-embarque\/#primaryimage"},"image":{"@id":"https:\/\/mdtunisie.com\/en\/developpement-logiciel-embarque\/#primaryimage"},"thumbnailUrl":"https:\/\/mdtunisie.com\/wp-content\/uploads\/2021\/04\/artificial-intelligence-blur-close-up-546819-scaled.jpg","datePublished":"2025-01-10T22:51:58+00:00","dateModified":"2025-01-11T19:48:36+00:00","description":"Als Spezialisten f\u00fcr die Entwicklung von eingebetteter Software erstellen wir ma\u00dfgeschneiderte L\u00f6sungen, um die Leistung Ihrer Systeme zu optimieren.","breadcrumb":{"@id":"https:\/\/mdtunisie.com\/en\/developpement-logiciel-embarque\/#breadcrumb"},"inLanguage":"de","potentialAction":[{"@type":"ReadAction","target":["https:\/\/mdtunisie.com\/en\/developpement-logiciel-embarque\/"]}]},{"@type":"ImageObject","inLanguage":"de","@id":"https:\/\/mdtunisie.com\/en\/developpement-logiciel-embarque\/#primaryimage","url":"https:\/\/mdtunisie.com\/wp-content\/uploads\/2021\/04\/artificial-intelligence-blur-close-up-546819-scaled.jpg","contentUrl":"https:\/\/mdtunisie.com\/wp-content\/uploads\/2021\/04\/artificial-intelligence-blur-close-up-546819-scaled.jpg"},{"@type":"BreadcrumbList","@id":"https:\/\/mdtunisie.com\/en\/developpement-logiciel-embarque\/#breadcrumb","itemListElement":[{"@type":"ListItem","position":1,"name":"Accueil","item":"https:\/\/mdtunisie.com\/"},{"@type":"ListItem","position":2,"name":"D\u00e9veloppement logiciel embarqu\u00e9"}]},{"@type":"WebSite","@id":"https:\/\/mdtunisie.com\/#website","url":"https:\/\/mdtunisie.com\/","name":"Micro Device Tunesien","description":"Lassen Sie uns gemeinsam die Innovationen von morgen erdenken","alternateName":"Micro Device Tunisia","potentialAction":[{"@type":"SearchAction","target":{"@type":"EntryPoint","urlTemplate":"https:\/\/mdtunisie.com\/?s={search_term_string}"},"query-input":{"@type":"PropertyValueSpecification","valueRequired":true,"valueName":"search_term_string"}}],"inLanguage":"de"}]}},"jetpack_sharing_enabled":true,"jetpack_likes_enabled":true,"_links":{"self":[{"href":"https:\/\/mdtunisie.com\/de\/wp-json\/wp\/v2\/pages\/840","targetHints":{"allow":["GET"]}}],"collection":[{"href":"https:\/\/mdtunisie.com\/de\/wp-json\/wp\/v2\/pages"}],"about":[{"href":"https:\/\/mdtunisie.com\/de\/wp-json\/wp\/v2\/types\/page"}],"author":[{"embeddable":true,"href":"https:\/\/mdtunisie.com\/de\/wp-json\/wp\/v2\/users\/1"}],"replies":[{"embeddable":true,"href":"https:\/\/mdtunisie.com\/de\/wp-json\/wp\/v2\/comments?post=840"}],"version-history":[{"count":4,"href":"https:\/\/mdtunisie.com\/de\/wp-json\/wp\/v2\/pages\/840\/revisions"}],"predecessor-version":[{"id":991,"href":"https:\/\/mdtunisie.com\/de\/wp-json\/wp\/v2\/pages\/840\/revisions\/991"}],"wp:attachment":[{"href":"https:\/\/mdtunisie.com\/de\/wp-json\/wp\/v2\/media?parent=840"}],"curies":[{"name":"wp","href":"https:\/\/api.w.org\/{rel}","templated":true}]}}