{"id":1084,"date":"2025-05-16T00:13:22","date_gmt":"2025-05-15T22:13:22","guid":{"rendered":"https:\/\/mdtunisie.com\/?page_id=1084"},"modified":"2025-06-14T12:24:06","modified_gmt":"2025-06-14T10:24:06","slug":"products","status":"publish","type":"page","link":"https:\/\/mdtunisie.com\/en\/products\/","title":{"rendered":"Products"},"content":{"rendered":"<div class=\"wp-block-cover\" style=\"min-height:150px;aspect-ratio:unset;\"><span aria-hidden=\"true\" class=\"wp-block-cover__background has-background-dim\" style=\"background-color:#6d6b64\"><\/span><img data-recalc-dims=\"1\" loading=\"lazy\" decoding=\"async\" width=\"1141\" height=\"761\" src=\"https:\/\/i0.wp.com\/mdtunisie.com\/wp-content\/uploads\/2025\/05\/pexels-tima-miroshnichenko-6169028.webp?resize=1141%2C761&#038;ssl=1\" class=\"wp-block-cover__image-background wp-post-image\" alt=\"mdt products\" data-object-fit=\"cover\" srcset=\"https:\/\/i0.wp.com\/mdtunisie.com\/wp-content\/uploads\/2025\/05\/pexels-tima-miroshnichenko-6169028.webp?w=1141&amp;ssl=1 1141w, https:\/\/i0.wp.com\/mdtunisie.com\/wp-content\/uploads\/2025\/05\/pexels-tima-miroshnichenko-6169028.webp?resize=300%2C200&amp;ssl=1 300w, https:\/\/i0.wp.com\/mdtunisie.com\/wp-content\/uploads\/2025\/05\/pexels-tima-miroshnichenko-6169028.webp?resize=1024%2C683&amp;ssl=1 1024w, https:\/\/i0.wp.com\/mdtunisie.com\/wp-content\/uploads\/2025\/05\/pexels-tima-miroshnichenko-6169028.webp?resize=768%2C512&amp;ssl=1 768w, https:\/\/i0.wp.com\/mdtunisie.com\/wp-content\/uploads\/2025\/05\/pexels-tima-miroshnichenko-6169028.webp?resize=18%2C12&amp;ssl=1 18w, https:\/\/i0.wp.com\/mdtunisie.com\/wp-content\/uploads\/2025\/05\/pexels-tima-miroshnichenko-6169028.webp?resize=930%2C620&amp;ssl=1 930w\" sizes=\"auto, (max-width: 1141px) 100vw, 1141px\" \/><div class=\"wp-block-cover__inner-container is-layout-constrained wp-block-cover-is-layout-constrained\">\n<h2 class=\"wp-block-heading\">Products<\/h2>\n<\/div><\/div>\n\n\n\n<hr class=\"wp-block-separator has-alpha-channel-opacity\"\/>\n\n\n\n<p>Explore a range of products conceived and engineered by Micro-Device Tunisia, stemming directly from the development of our proprietary tools and evaluation kits.<\/p>\n\n\n\n<hr class=\"wp-block-separator has-alpha-channel-opacity\"\/>\n\n\n\n<div class=\"wp-block-columns is-layout-flex wp-container-core-columns-is-layout-9d6595d7 wp-block-columns-is-layout-flex\">\n<div class=\"wp-block-column is-layout-flow wp-block-column-is-layout-flow\"><div class=\"wp-block-image\">\n<figure class=\"aligncenter size-full is-resized\"><img data-recalc-dims=\"1\" loading=\"lazy\" decoding=\"async\" width=\"623\" height=\"331\" sizes=\"auto, (max-width: 1200px) 100vw, 1200px\" src=\"https:\/\/i0.wp.com\/mdtunisie.com\/wp-content\/uploads\/2023\/02\/Sans-titre.png?resize=623%2C331&#038;ssl=1\" alt=\"\" class=\"wp-image-497\" style=\"width:503px;height:auto\" srcset=\"https:\/\/i0.wp.com\/mdtunisie.com\/wp-content\/uploads\/2023\/02\/Sans-titre.png?w=623&amp;ssl=1 623w, https:\/\/i0.wp.com\/mdtunisie.com\/wp-content\/uploads\/2023\/02\/Sans-titre.png?resize=300%2C159&amp;ssl=1 300w\" \/><\/figure>\n<\/div>\n\n\n<h3 class=\"wp-block-heading\">USB GNSS Receiver<\/h3>\n\n\n\n<p><strong>Description<\/strong> :<br>GNSS USB key (GPS,GLONASS,GALILEO, BEIDOU). <br>USB Micro-B connection<\/p>\n\n\n\n<p><strong>Type <\/strong>: Dev-Drop<\/p>\n\n\n\n<p class=\" translation-block\"><strong>Possible use<\/strong>: Evaluation kit for u-blox NEO module. Navigation receiver for laptops...<\/p>\n\n\n\n<p><strong>Features<\/strong> : <\/p>\n\n\n\n<ul class=\"wp-block-list\">\n<li>USB Connector<\/li>\n\n\n\n<li>4 Constellation GPS,GLONASS,GALILEO, BEIDOU<\/li>\n<\/ul>\n\n\n\n<p class=\" translation-block\"><strong>CE Certification <\/strong> : No<\/p>\n\n\n\n<p><strong>Useful links<\/strong><\/p>\n\n\n\n<p><a href=\"https:\/\/www.u-blox.com\/en\/product\/neo-m9n-module\">https:\/\/www.u-blox.com\/en\/product\/neo-m9n-module<\/a><br><a href=\"https:\/\/www.u-blox.com\/en\/product\/nina-w15-series-u-connect\">https:\/\/www.u-blox.com\/en\/product\/nina-w15-series-u-connect<\/a><\/p>\n\n\n\n<p>#ublox #gnss #NEO-M9 #DR<\/p>\n<\/div>\n\n\n\n<div class=\"wp-block-column is-layout-flow wp-block-column-is-layout-flow\">\n<figure class=\"wp-block-image size-full\"><img data-recalc-dims=\"1\" loading=\"lazy\" decoding=\"async\" width=\"816\" height=\"376\" sizes=\"auto, (max-width: 1200px) 100vw, 1200px\" src=\"https:\/\/i0.wp.com\/mdtunisie.com\/wp-content\/uploads\/2025\/01\/20241218_132333.webp?resize=816%2C376&#038;ssl=1\" alt=\"mdt stm32 esp32\" class=\"wp-image-877\" srcset=\"https:\/\/i0.wp.com\/mdtunisie.com\/wp-content\/uploads\/2025\/01\/20241218_132333.webp?w=816&amp;ssl=1 816w, https:\/\/i0.wp.com\/mdtunisie.com\/wp-content\/uploads\/2025\/01\/20241218_132333.webp?resize=300%2C138&amp;ssl=1 300w, https:\/\/i0.wp.com\/mdtunisie.com\/wp-content\/uploads\/2025\/01\/20241218_132333.webp?resize=768%2C354&amp;ssl=1 768w\" \/><\/figure>\n\n\n\n<h3 class=\"wp-block-heading\">STM32, ESP32 Programmer, debugger<\/h3>\n\n\n\n<p class=\" translation-block\"><strong>Description<\/strong> :<br>Dual-use flashing and debugging tool for applications using one or both of the two most popular IoT MCUs.<\/p>\n\n\n\n<p><strong>Type <\/strong>: Dev-Drop<\/p>\n\n\n\n<p class=\" translation-block\"><strong>Possible use<\/strong>: Program and debug boards using STM32 and\/or ESP32.<\/p>\n\n\n\n<p><strong>Features<\/strong> : <\/p>\n\n\n\n<ul class=\"wp-block-list\">\n<li>USB Micro-B connection<\/li>\n\n\n\n<li>5\u00d72 1.27mm connector<\/li>\n\n\n\n<li>STM32 SWD interface for programming\/debugging<\/li>\n\n\n\n<li>UART interface to flash, log output of the ESP32. Boot and Reset signals are available of the connector. Switch automatically to bootloader for flashing.<\/li>\n\n\n\n<li>1.8V and 3.3V output<\/li>\n<\/ul>\n\n\n\n<p class=\" translation-block\"><strong>CE Certification <\/strong> : No<\/p>\n\n\n\n<p>#stm32 #esp32 #flash #debug #iot<\/p>\n<\/div>\n<\/div>\n\n\n\n<div class=\"wp-block-columns is-layout-flex wp-container-core-columns-is-layout-9d6595d7 wp-block-columns-is-layout-flex\">\n<div class=\"wp-block-column is-layout-flow wp-block-column-is-layout-flow\">\n<div class=\"wp-block-buttons is-layout-flex wp-block-buttons-is-layout-flex\">\n<div class=\"wp-block-button is-style-primary\"><a class=\"wp-block-button__link wp-element-button\" href=\"https:\/\/mdtunisie.com\/devis\/\"><mark style=\"background-color:rgba(0, 0, 0, 0)\" class=\"has-inline-color has-nv-site-bg-color\">Quote request<\/mark><\/a><\/div>\n\n\n\n<div class=\"wp-block-button is-style-primary\"><a class=\"wp-block-button__link wp-element-button\" href=\"https:\/\/mdtunisie.com\/plug-and-play-dead-reckoning-demo-using-neo-m9v\/\"><mark style=\"background-color:rgba(0, 0, 0, 0)\" class=\"has-inline-color has-nv-site-bg-color\">Demonstration<\/mark><\/a><\/div>\n<\/div>\n<\/div>\n\n\n\n<div class=\"wp-block-column is-vertically-aligned-center is-layout-flow wp-block-column-is-layout-flow\">\n<div class=\"wp-block-buttons is-content-justification-center is-layout-flex wp-container-core-buttons-is-layout-16018d1d wp-block-buttons-is-layout-flex\">\n<div class=\"wp-block-button is-style-primary\"><a class=\"wp-block-button__link wp-element-button\" href=\"https:\/\/mdtunisie.com\/devis\/\"><mark style=\"background-color:rgba(0, 0, 0, 0)\" class=\"has-inline-color has-nv-site-bg-color\">Quote request<\/mark><\/a><\/div>\n<\/div>\n<\/div>\n<\/div>\n\n\n\n<hr class=\"wp-block-separator has-alpha-channel-opacity\"\/>\n\n\n\n<div class=\"wp-block-columns is-layout-flex wp-container-core-columns-is-layout-9d6595d7 wp-block-columns-is-layout-flex\">\n<div class=\"wp-block-column is-vertically-aligned-top is-layout-flow wp-block-column-is-layout-flow\">\n<figure class=\"wp-block-image size-full\"><img data-recalc-dims=\"1\" loading=\"lazy\" decoding=\"async\" width=\"666\" height=\"336\" sizes=\"auto, (max-width: 1200px) 100vw, 1200px\" src=\"https:\/\/i0.wp.com\/mdtunisie.com\/wp-content\/uploads\/2025\/05\/542e9cf0-f0e2-47f4-bd44-2390cfcba882.webp?resize=666%2C336&#038;ssl=1\" alt=\"mdt ant-b10\" class=\"wp-image-1088\" srcset=\"https:\/\/i0.wp.com\/mdtunisie.com\/wp-content\/uploads\/2025\/05\/542e9cf0-f0e2-47f4-bd44-2390cfcba882.webp?w=666&amp;ssl=1 666w, https:\/\/i0.wp.com\/mdtunisie.com\/wp-content\/uploads\/2025\/05\/542e9cf0-f0e2-47f4-bd44-2390cfcba882.webp?resize=300%2C151&amp;ssl=1 300w, https:\/\/i0.wp.com\/mdtunisie.com\/wp-content\/uploads\/2025\/05\/542e9cf0-f0e2-47f4-bd44-2390cfcba882.webp?resize=18%2C9&amp;ssl=1 18w\" \/><\/figure>\n<\/div>\n\n\n\n<div class=\"wp-block-column is-vertically-aligned-center is-layout-flow wp-block-column-is-layout-flow\">\n<h3 class=\"wp-block-heading\">AoA antenna extension board - ANT-B10<\/h3>\n\n\n\n<p><strong>Description<\/strong> :<br>Expansion board designed specifically for mounting on the Ublox ANT-B10 antenna board. The card enables the ANT-B10 antenna to be powered and the AoA measurement messages generated by ANT-B10 to be broadcast via WiFi.<\/p>\n\n\n\n<p><strong>Type <\/strong>: Dev-Drop<\/p>\n\n\n\n<p><strong>Use <\/strong>Development and evaluation tool for AoA applications.<\/p>\n\n\n\n<p><strong>Features<\/strong> : <\/p>\n\n\n\n<ul class=\"wp-block-list\">\n<li>USB Micro-B connection<\/li>\n\n\n\n<li>UART output<\/li>\n\n\n\n<li>3.3V output<\/li>\n\n\n\n<li>2.4GHz Wifi connection<\/li>\n\n\n\n<li>TCP server or MQTT client<\/li>\n<\/ul>\n\n\n\n<p class=\" translation-block\"><strong>CE Certification <\/strong> : No<\/p>\n\n\n\n<p><strong>Useful links<\/strong><\/p>\n\n\n\n<p><a href=\"https:\/\/www.u-blox.com\/en\/product\/ant-b10-antenna-board\">https:\/\/www.u-blox.com\/en\/product\/ant-b10-antenna-board<\/a><\/p>\n\n\n\n<p>#ublox #AoA #mqtt #wifi #ant-b10<\/p>\n\n\n\n<div class=\"wp-block-buttons is-layout-flex wp-block-buttons-is-layout-flex\">\n<div class=\"wp-block-button is-style-primary\"><a class=\"wp-block-button__link wp-element-button\" href=\"https:\/\/mdtunisie.com\/devis\/\"><mark style=\"background-color:rgba(0, 0, 0, 0)\" class=\"has-inline-color has-nv-site-bg-color\">Request<\/mark> <mark style=\"background-color:rgba(0, 0, 0, 0)\" class=\"has-inline-color has-nv-site-bg-color\">a quote<\/mark><\/a><\/div>\n\n\n\n<div class=\"wp-block-button is-style-primary\"><a class=\"wp-block-button__link wp-element-button\" href=\"https:\/\/mdtunisie.com\/u-blox-indoor-positioning-solution-demonstration\/\"><mark style=\"background-color:rgba(0, 0, 0, 0)\" class=\"has-inline-color has-nv-site-bg-color\">Demonstration<\/mark><\/a><\/div>\n<\/div>\n<\/div>\n<\/div>\n\n\n\n<hr class=\"wp-block-separator has-alpha-channel-opacity\"\/>\n\n\n\n<div class=\"wp-block-cover\" style=\"min-height:535px;aspect-ratio:unset;\"><span aria-hidden=\"true\" class=\"wp-block-cover__background has-nv-dark-bg-background-color has-background-dim-100 has-background-dim\"><\/span><div class=\"wp-block-cover__inner-container is-layout-constrained wp-block-cover-is-layout-constrained\">\n<p><\/p>\n\n\n\n<div class=\"wp-block-media-text is-stacked-on-mobile\" style=\"grid-template-columns:40% auto\"><figure class=\"wp-block-media-text__media\"><img data-recalc-dims=\"1\" loading=\"lazy\" decoding=\"async\" width=\"540\" height=\"360\" src=\"https:\/\/i0.wp.com\/mdtunisie.com\/wp-content\/uploads\/2025\/05\/mdt_thinker.webp?resize=540%2C360&#038;ssl=1\" alt=\"\" class=\"wp-image-1108 size-full\" srcset=\"https:\/\/i0.wp.com\/mdtunisie.com\/wp-content\/uploads\/2025\/05\/mdt_thinker.webp?w=540&amp;ssl=1 540w, https:\/\/i0.wp.com\/mdtunisie.com\/wp-content\/uploads\/2025\/05\/mdt_thinker.webp?resize=300%2C200&amp;ssl=1 300w, https:\/\/i0.wp.com\/mdtunisie.com\/wp-content\/uploads\/2025\/05\/mdt_thinker.webp?resize=18%2C12&amp;ssl=1 18w\" sizes=\"auto, (max-width: 540px) 100vw, 540px\" \/><\/figure><div class=\"wp-block-media-text__content\">\n<p><\/p>\n\n\n\n<h3 class=\"wp-block-heading\">You've spotted something you like, but...<\/h3>\n\n\n\n<p class=\"has-nv-site-bg-color has-text-color has-link-color wp-elements-408ab04901f257600c1e4487eb1b9db7\">Don't hesitate to specify your specific needs in your quote request - or contact us directly to tell us about your project.<\/p>\n\n\n\n<div class=\"wp-block-buttons is-layout-flex wp-block-buttons-is-layout-flex\">\n<div class=\"wp-block-button\"><a class=\"wp-block-button__link wp-element-button\" href=\"https:\/\/mdtunisie.com\/devis\/\">Quote request<\/a><\/div>\n\n\n\n<div class=\"wp-block-button\"><a class=\"wp-block-button__link wp-element-button\" href=\"https:\/\/mdtunisie.com\/project-form\/\">Tell us about your project<\/a><\/div>\n<\/div>\n\n\n\n<p><\/p>\n<\/div><\/div>\n<\/div><\/div>\n\n\n\n<div class=\"wp-block-cover\" style=\"min-height:451px;aspect-ratio:unset;\"><span aria-hidden=\"true\" class=\"wp-block-cover__background has-neve-link-hover-color-background-color has-background-dim-100 has-background-dim\"><\/span><div class=\"wp-block-cover__inner-container is-layout-constrained wp-block-cover-is-layout-constrained\">\n<div class=\"wp-block-media-text has-media-on-the-right is-stacked-on-mobile\" style=\"grid-template-columns:auto 40%\"><div class=\"wp-block-media-text__content\">\n<h2 class=\"wp-block-heading\">Design offices and HW\/SW developers<\/h2>\n\n\n\n<p class=\"has-nv-site-bg-color has-text-color has-link-color wp-elements-3ad587e4b63f3e2748c8d39031fd0490\">Do you design similar products? Accelerate your development by taking advantage of Micro-Device Tunisie's CAD solutions, know-how and experience. Let's talk about your project today!<\/p>\n\n\n\n<div class=\"wp-block-buttons is-layout-flex wp-block-buttons-is-layout-flex\">\n<div class=\"wp-block-button\"><a class=\"wp-block-button__link wp-element-button\" href=\"https:\/\/mdtunisie.com\/project-form\/\">Tell us about your project<\/a><\/div>\n<\/div>\n<\/div><figure class=\"wp-block-media-text__media\"><img data-recalc-dims=\"1\" loading=\"lazy\" decoding=\"async\" width=\"745\" height=\"497\" src=\"https:\/\/i0.wp.com\/mdtunisie.com\/wp-content\/uploads\/2025\/05\/mdt_engineers.webp?resize=745%2C497&#038;ssl=1\" alt=\"\" class=\"wp-image-1112 size-full\" srcset=\"https:\/\/i0.wp.com\/mdtunisie.com\/wp-content\/uploads\/2025\/05\/mdt_engineers.webp?w=745&amp;ssl=1 745w, https:\/\/i0.wp.com\/mdtunisie.com\/wp-content\/uploads\/2025\/05\/mdt_engineers.webp?resize=300%2C200&amp;ssl=1 300w, https:\/\/i0.wp.com\/mdtunisie.com\/wp-content\/uploads\/2025\/05\/mdt_engineers.webp?resize=18%2C12&amp;ssl=1 18w\" sizes=\"auto, (max-width: 745px) 100vw, 745px\" \/><\/figure><\/div>\n<\/div><\/div>\n\n\n\n<div class=\"wp-block-cover alignfull has-custom-content-position is-position-top-center\" style=\"min-height:60px;aspect-ratio:unset;\"><span aria-hidden=\"true\" class=\"wp-block-cover__background has-nv-light-bg-background-color has-background-dim-100 has-background-dim\"><\/span><div class=\"wp-block-cover__inner-container is-layout-constrained wp-block-cover-is-layout-constrained\">\n<p class=\"has-text-align-center has-neve-link-color-color has-text-color has-link-color wp-elements-6f1ef0452211a4e2a5770da552373032\">Copyright \u00a9 Micro Device Tunisie - 2025<\/p>\n<\/div><\/div>\n\n\n\n<p><\/p>","protected":false},"excerpt":{"rendered":"<p>Discover a range of products designed and developed by Micro-Device Tunisie, the direct result of the development of our own tools. GNSS USB receiver Description :GNSS USB key (GPS,GLONASS,GALILEO, BEIDOU). USB connection. Category: Dev-Drop Use: Ublox NEO family module evaluation kit. Geolocation tool for laptop. Features: CE certification: No Useful links...&nbsp;<a href=\"https:\/\/mdtunisie.com\/en\/products\/\" rel=\"bookmark\">Read More \"<span class=\"screen-reader-text\">Products<\/span><\/a><\/p>","protected":false},"author":1,"featured_media":1085,"parent":0,"menu_order":0,"comment_status":"closed","ping_status":"closed","template":"","meta":{"neve_meta_sidebar":"","neve_meta_container":"","neve_meta_enable_content_width":"","neve_meta_content_width":0,"neve_meta_title_alignment":"","neve_meta_author_avatar":"","neve_post_elements_order":"","neve_meta_disable_header":"","neve_meta_disable_footer":"","neve_meta_disable_title":"","footnotes":""},"class_list":["post-1084","page","type-page","status-publish","has-post-thumbnail","hentry"],"yoast_head":"<!-- This site is optimized with the Yoast SEO plugin v27.4 - https:\/\/yoast.com\/product\/yoast-seo-wordpress\/ -->\n<title>Produits - Micro Device Tunisie<\/title>\n<meta name=\"description\" content=\"D\u00e9couvrez une gamme de produits con\u00e7us et d\u00e9velopp\u00e9s par Micro-Device Tunisie, fruit direct du d\u00e9veloppement de nos propre outils.\" \/>\n<meta name=\"robots\" content=\"index, follow, max-snippet:-1, max-image-preview:large, max-video-preview:-1\" \/>\n<link rel=\"canonical\" href=\"https:\/\/mdtunisie.com\/en\/products\/\" \/>\n<meta property=\"og:locale\" content=\"en_US\" \/>\n<meta property=\"og:type\" content=\"article\" \/>\n<meta property=\"og:title\" content=\"Produits - Micro Device Tunisie\" \/>\n<meta property=\"og:description\" content=\"D\u00e9couvrez une gamme de produits con\u00e7us et d\u00e9velopp\u00e9s par Micro-Device Tunisie, fruit direct du d\u00e9veloppement de nos propre outils.\" \/>\n<meta property=\"og:url\" content=\"https:\/\/mdtunisie.com\/en\/products\/\" \/>\n<meta property=\"og:site_name\" content=\"Micro Device Tunisie\" \/>\n<meta property=\"article:modified_time\" content=\"2025-06-14T10:24:06+00:00\" \/>\n<meta property=\"og:image\" content=\"https:\/\/i0.wp.com\/mdtunisie.com\/wp-content\/uploads\/2025\/05\/pexels-tima-miroshnichenko-6169028.webp?fit=1141%2C761&ssl=1\" \/>\n\t<meta property=\"og:image:width\" content=\"1141\" \/>\n\t<meta property=\"og:image:height\" content=\"761\" \/>\n\t<meta property=\"og:image:type\" content=\"image\/jpeg\" \/>\n<meta name=\"twitter:card\" content=\"summary_large_image\" \/>\n<meta name=\"twitter:label1\" content=\"Est. reading time\" \/>\n\t<meta name=\"twitter:data1\" content=\"3 minutes\" \/>\n<script type=\"application\/ld+json\" class=\"yoast-schema-graph\">{\"@context\":\"https:\\\/\\\/schema.org\",\"@graph\":[{\"@type\":\"WebPage\",\"@id\":\"https:\\\/\\\/mdtunisie.com\\\/products\\\/\",\"url\":\"https:\\\/\\\/mdtunisie.com\\\/products\\\/\",\"name\":\"Produits - Micro Device Tunisie\",\"isPartOf\":{\"@id\":\"https:\\\/\\\/mdtunisie.com\\\/#website\"},\"primaryImageOfPage\":{\"@id\":\"https:\\\/\\\/mdtunisie.com\\\/products\\\/#primaryimage\"},\"image\":{\"@id\":\"https:\\\/\\\/mdtunisie.com\\\/products\\\/#primaryimage\"},\"thumbnailUrl\":\"https:\\\/\\\/i0.wp.com\\\/mdtunisie.com\\\/wp-content\\\/uploads\\\/2025\\\/05\\\/pexels-tima-miroshnichenko-6169028.webp?fit=1141%2C761&ssl=1\",\"datePublished\":\"2025-05-15T22:13:22+00:00\",\"dateModified\":\"2025-06-14T10:24:06+00:00\",\"description\":\"D\u00e9couvrez une gamme de produits con\u00e7us et d\u00e9velopp\u00e9s par Micro-Device Tunisie, fruit direct du d\u00e9veloppement de nos propre outils.\",\"breadcrumb\":{\"@id\":\"https:\\\/\\\/mdtunisie.com\\\/products\\\/#breadcrumb\"},\"inLanguage\":\"en-US\",\"potentialAction\":[{\"@type\":\"ReadAction\",\"target\":[\"https:\\\/\\\/mdtunisie.com\\\/products\\\/\"]}]},{\"@type\":\"ImageObject\",\"inLanguage\":\"en-US\",\"@id\":\"https:\\\/\\\/mdtunisie.com\\\/products\\\/#primaryimage\",\"url\":\"https:\\\/\\\/i0.wp.com\\\/mdtunisie.com\\\/wp-content\\\/uploads\\\/2025\\\/05\\\/pexels-tima-miroshnichenko-6169028.webp?fit=1141%2C761&ssl=1\",\"contentUrl\":\"https:\\\/\\\/i0.wp.com\\\/mdtunisie.com\\\/wp-content\\\/uploads\\\/2025\\\/05\\\/pexels-tima-miroshnichenko-6169028.webp?fit=1141%2C761&ssl=1\",\"width\":1141,\"height\":761,\"caption\":\"mdt products\"},{\"@type\":\"BreadcrumbList\",\"@id\":\"https:\\\/\\\/mdtunisie.com\\\/products\\\/#breadcrumb\",\"itemListElement\":[{\"@type\":\"ListItem\",\"position\":1,\"name\":\"Accueil\",\"item\":\"https:\\\/\\\/mdtunisie.com\\\/\"},{\"@type\":\"ListItem\",\"position\":2,\"name\":\"Produits\"}]},{\"@type\":\"WebSite\",\"@id\":\"https:\\\/\\\/mdtunisie.com\\\/#website\",\"url\":\"https:\\\/\\\/mdtunisie.com\\\/\",\"name\":\"Micro Device Tunisie\",\"description\":\"Imaginons ensemble les innovations de demain\",\"alternateName\":\"Micro Device Tunisia\",\"potentialAction\":[{\"@type\":\"SearchAction\",\"target\":{\"@type\":\"EntryPoint\",\"urlTemplate\":\"https:\\\/\\\/mdtunisie.com\\\/?s={search_term_string}\"},\"query-input\":{\"@type\":\"PropertyValueSpecification\",\"valueRequired\":true,\"valueName\":\"search_term_string\"}}],\"inLanguage\":\"en-US\"}]}<\/script>\n<!-- \/ Yoast SEO plugin. -->","yoast_head_json":{"title":"Products - Micro Device Tunisia","description":"Explore a range of products conceived and engineered by Micro-Device Tunisia, stemming directly from the development of our proprietary tools and evaluation kits.","robots":{"index":"index","follow":"follow","max-snippet":"max-snippet:-1","max-image-preview":"max-image-preview:large","max-video-preview":"max-video-preview:-1"},"canonical":"https:\/\/mdtunisie.com\/en\/products\/","og_locale":"en_US","og_type":"article","og_title":"Produits - Micro Device Tunisie","og_description":"D\u00e9couvrez une gamme de produits con\u00e7us et d\u00e9velopp\u00e9s par Micro-Device Tunisie, fruit direct du d\u00e9veloppement de nos propre outils.","og_url":"https:\/\/mdtunisie.com\/en\/products\/","og_site_name":"Micro Device Tunisie","article_modified_time":"2025-06-14T10:24:06+00:00","og_image":[{"width":1141,"height":761,"url":"https:\/\/i0.wp.com\/mdtunisie.com\/wp-content\/uploads\/2025\/05\/pexels-tima-miroshnichenko-6169028.webp?fit=1141%2C761&ssl=1","type":"image\/jpeg"}],"twitter_card":"summary_large_image","twitter_misc":{"Est. reading time":"3 minutes"},"schema":{"@context":"https:\/\/schema.org","@graph":[{"@type":"WebPage","@id":"https:\/\/mdtunisie.com\/products\/","url":"https:\/\/mdtunisie.com\/products\/","name":"Products - Micro Device Tunisia","isPartOf":{"@id":"https:\/\/mdtunisie.com\/#website"},"primaryImageOfPage":{"@id":"https:\/\/mdtunisie.com\/products\/#primaryimage"},"image":{"@id":"https:\/\/mdtunisie.com\/products\/#primaryimage"},"thumbnailUrl":"https:\/\/i0.wp.com\/mdtunisie.com\/wp-content\/uploads\/2025\/05\/pexels-tima-miroshnichenko-6169028.webp?fit=1141%2C761&ssl=1","datePublished":"2025-05-15T22:13:22+00:00","dateModified":"2025-06-14T10:24:06+00:00","description":"Explore a range of products conceived and engineered by Micro-Device Tunisia, stemming directly from the development of our proprietary tools and evaluation kits.","breadcrumb":{"@id":"https:\/\/mdtunisie.com\/products\/#breadcrumb"},"inLanguage":"en-US","potentialAction":[{"@type":"ReadAction","target":["https:\/\/mdtunisie.com\/products\/"]}]},{"@type":"ImageObject","inLanguage":"en-US","@id":"https:\/\/mdtunisie.com\/products\/#primaryimage","url":"https:\/\/i0.wp.com\/mdtunisie.com\/wp-content\/uploads\/2025\/05\/pexels-tima-miroshnichenko-6169028.webp?fit=1141%2C761&ssl=1","contentUrl":"https:\/\/i0.wp.com\/mdtunisie.com\/wp-content\/uploads\/2025\/05\/pexels-tima-miroshnichenko-6169028.webp?fit=1141%2C761&ssl=1","width":1141,"height":761,"caption":"mdt products"},{"@type":"BreadcrumbList","@id":"https:\/\/mdtunisie.com\/products\/#breadcrumb","itemListElement":[{"@type":"ListItem","position":1,"name":"Accueil","item":"https:\/\/mdtunisie.com\/"},{"@type":"ListItem","position":2,"name":"Produits"}]},{"@type":"WebSite","@id":"https:\/\/mdtunisie.com\/#website","url":"https:\/\/mdtunisie.com\/","name":"Micro Device Tunisia","description":"Shaping tomorrow's innovations, together","alternateName":"Micro Device Tunisia","potentialAction":[{"@type":"SearchAction","target":{"@type":"EntryPoint","urlTemplate":"https:\/\/mdtunisie.com\/?s={search_term_string}"},"query-input":{"@type":"PropertyValueSpecification","valueRequired":true,"valueName":"search_term_string"}}],"inLanguage":"en-US"}]}},"jetpack_sharing_enabled":true,"jetpack_likes_enabled":true,"_links":{"self":[{"href":"https:\/\/mdtunisie.com\/en\/wp-json\/wp\/v2\/pages\/1084","targetHints":{"allow":["GET"]}}],"collection":[{"href":"https:\/\/mdtunisie.com\/en\/wp-json\/wp\/v2\/pages"}],"about":[{"href":"https:\/\/mdtunisie.com\/en\/wp-json\/wp\/v2\/types\/page"}],"author":[{"embeddable":true,"href":"https:\/\/mdtunisie.com\/en\/wp-json\/wp\/v2\/users\/1"}],"replies":[{"embeddable":true,"href":"https:\/\/mdtunisie.com\/en\/wp-json\/wp\/v2\/comments?post=1084"}],"version-history":[{"count":17,"href":"https:\/\/mdtunisie.com\/en\/wp-json\/wp\/v2\/pages\/1084\/revisions"}],"predecessor-version":[{"id":1131,"href":"https:\/\/mdtunisie.com\/en\/wp-json\/wp\/v2\/pages\/1084\/revisions\/1131"}],"wp:featuredmedia":[{"embeddable":true,"href":"https:\/\/mdtunisie.com\/en\/wp-json\/wp\/v2\/media\/1085"}],"wp:attachment":[{"href":"https:\/\/mdtunisie.com\/en\/wp-json\/wp\/v2\/media?parent=1084"}],"curies":[{"name":"wp","href":"https:\/\/api.w.org\/{rel}","templated":true}]}}