{"id":508,"date":"2023-02-01T23:48:41","date_gmt":"2023-02-01T22:48:41","guid":{"rendered":"https:\/\/mdtunisie.com\/?page_id=508"},"modified":"2026-02-14T23:58:14","modified_gmt":"2026-02-14T22:58:14","slug":"articles","status":"publish","type":"page","link":"https:\/\/mdtunisie.com\/en\/articles\/","title":{"rendered":"Articles"},"content":{"rendered":"<hr class=\"wp-block-separator has-alpha-channel-opacity\"\/>\n\n\n\n<div class=\"wp-block-cover aligncenter\" style=\"min-height:193px;aspect-ratio:unset;\"><img data-recalc-dims=\"1\" loading=\"lazy\" decoding=\"async\" width=\"1024\" height=\"197\" sizes=\"auto, (max-width: 1200px) 100vw, 1200px\" class=\"wp-block-cover__image-background wp-image-679\" alt=\"\" src=\"https:\/\/i0.wp.com\/mdtunisie.com\/wp-content\/uploads\/2024\/08\/lab.png?resize=1024%2C197&#038;ssl=1\" data-object-fit=\"cover\" srcset=\"https:\/\/i0.wp.com\/mdtunisie.com\/wp-content\/uploads\/2024\/08\/lab.png?resize=1024%2C197&amp;ssl=1 1024w, https:\/\/i0.wp.com\/mdtunisie.com\/wp-content\/uploads\/2024\/08\/lab.png?resize=300%2C58&amp;ssl=1 300w, https:\/\/i0.wp.com\/mdtunisie.com\/wp-content\/uploads\/2024\/08\/lab.png?resize=768%2C148&amp;ssl=1 768w, https:\/\/i0.wp.com\/mdtunisie.com\/wp-content\/uploads\/2024\/08\/lab.png?w=1264&amp;ssl=1 1264w\" \/><span aria-hidden=\"true\" class=\"wp-block-cover__background has-background-dim\"><\/span><div class=\"wp-block-cover__inner-container is-layout-flow wp-block-cover-is-layout-flow\">\n<h2 class=\"wp-block-heading has-text-align-left\">Articles<\/h2>\n<\/div><\/div>\n\n\n\n<div style=\"height:44px\" aria-hidden=\"true\" class=\"wp-block-spacer\"><\/div>\n\n\n\n<p>Micro Device Tunisia is committed to sharing its knowledge and advancements with the engineering community. With expertise accumulated over the years, the company makes it a point of honor to disseminate its experiences, discoveries, and best practices.<\/p>\n\n\n\n<hr class=\"wp-block-separator has-alpha-channel-opacity\"\/>\n\n\n\n<div class=\"wp-block-query is-layout-flow wp-block-query-is-layout-flow\"><ul class=\"wp-block-post-template is-layout-flow wp-block-post-template-is-layout-flow\"><li class=\"wp-block-post post-1193 post type-post status-publish format-standard has-post-thumbnail hentry category-gnss tag-crpa tag-gnss tag-jamming tag-rf_design tag-ublox\">\n\n<div class=\"wp-block-group\" style=\"padding-top:30px;padding-right:30px;padding-bottom:30px;padding-left:30px\"><div class=\"wp-block-group__inner-container is-layout-flow wp-block-group-is-layout-flow\"><h2 class=\"wp-block-post-title\"><a href=\"https:\/\/mdtunisie.com\/en\/blog\/experimental-evaluation-of-gnss-crpa-like-null-steering-u-blox-m10-receivers\/\" target=\"_self\" >Experimental Evaluation of GNSS \u00ab CRPA-Like \u00bb Null Steering u-blox M10 Receivers<\/a><\/h2>\n\n<div class=\"wp-block-post-excerpt\"><p class=\"wp-block-post-excerpt__excerpt\">CRPA is the abbreviation for Controlled Reception Pattern Antennas. In the context of GNSS applications, this term was, until recently, largely confined to closed circles within the high-end defense industry. However, as CRPA is one of the most effective techniques for mitigating GNSS jamming and spoofing, it is now attracting increasing interest across the broader... <\/p><\/div>\n\n<div class=\"wp-block-post-date\"><time datetime=\"2026-02-14T23:50:22+01:00\">February 14, 2026<\/time><\/div><\/div><\/div>\n\n<\/li><li class=\"wp-block-post post-1168 post type-post status-publish format-standard has-post-thumbnail hentry category-marketing tag-ems tag-systemdesign\">\n\n<div class=\"wp-block-group\" style=\"padding-top:30px;padding-right:30px;padding-bottom:30px;padding-left:30px\"><div class=\"wp-block-group__inner-container is-layout-flow wp-block-group-is-layout-flow\"><h2 class=\"wp-block-post-title\"><a href=\"https:\/\/mdtunisie.com\/en\/blog\/ems-bureau-detudes\/\" target=\"_self\" >EMS &amp; Bureau d'\u00c9tudes: A Strategic Partnership<\/a><\/h2>\n\n<div class=\"wp-block-post-excerpt\"><p class=\"wp-block-post-excerpt__excerpt\">In an increasingly competitive electronics sector, the ability of an EMS to differentiate itself no longer rests solely on the quality of its assembly, but on its ability to intervene early in a product's life cycle. This is where Micro Device Tunisie comes in: by becoming the R&amp;D extension of the companies... <\/p><\/div>\n\n<div class=\"wp-block-post-date\"><time datetime=\"2026-01-11T22:06:07+01:00\">11 January 2026<\/time><\/div><\/div><\/div>\n\n<\/li><li class=\"wp-block-post post-1146 post type-post status-publish format-standard has-post-thumbnail hentry category-gnss category-positionning tag-gnss tag-jamming tag-positioning tag-ublox\">\n\n<div class=\"wp-block-group\" style=\"padding-top:30px;padding-right:30px;padding-bottom:30px;padding-left:30px\"><div class=\"wp-block-group__inner-container is-layout-flow wp-block-group-is-layout-flow\"><h2 class=\"wp-block-post-title\"><a href=\"https:\/\/mdtunisie.com\/en\/blog\/host-level-detection-of-gnss-jamming-using-u-blox-receivers\/\" target=\"_self\" >Host-Level Detection of GNSS Jamming Using u-blox Receivers<\/a><\/h2>\n\n<div class=\"wp-block-post-excerpt\"><p class=\"wp-block-post-excerpt__excerpt\">Introduction GNSS signal jamming and position spoofing have become highly relevant topics in today's geopolitical climate. Ongoing global conflicts have made GNSS jamming a widely used tactic to disrupt satellite-based positioning systems, effectively denying service availability in targeted regions. However, jamming is not limited to military or defense-related applications. It poses a threat to a... <\/p><\/div>\n\n<div class=\"wp-block-post-date\"><time datetime=\"2025-07-20T16:08:55+02:00\">July 20, 2025<\/time><\/div><\/div><\/div>\n\n<\/li><li class=\"wp-block-post post-1132 post type-post status-publish format-standard has-post-thumbnail hentry category-gnss category-positionning tag-gnss tag-positioning tag-ublox\">\n\n<div class=\"wp-block-group\" style=\"padding-top:30px;padding-right:30px;padding-bottom:30px;padding-left:30px\"><div class=\"wp-block-group__inner-container is-layout-flow wp-block-group-is-layout-flow\"><h2 class=\"wp-block-post-title\"><a href=\"https:\/\/mdtunisie.com\/en\/blog\/ublox-cloudlocate-evaluation\/\" target=\"_self\" >Ublox - CloudLocate Evaluation<\/a><\/h2>\n\n<div class=\"wp-block-post-excerpt\"><p class=\"wp-block-post-excerpt__excerpt\">This one has been waiting on the to-do list for a while. CloudLocate is a location service announced by u-blox around 2021, and it's part of the Thingstream Location-as-a-Service package. The primary goal of the service is to reduce Time-To-First-Fix (TTFF) by offloading satellite measurement data to the cloud. This allows position calculation to happen... <\/p><\/div>\n\n<div class=\"wp-block-post-date\"><time datetime=\"2025-06-27T21:48:30+02:00\">27 June 2025<\/time><\/div><\/div><\/div>\n\n<\/li><li class=\"wp-block-post post-635 post type-post status-publish format-standard has-post-thumbnail hentry category-positionning tag-aoa tag-indoor tag-positioning tag-rf tag-systemdesign tag-ublox\">\n\n<div class=\"wp-block-group\" style=\"padding-top:30px;padding-right:30px;padding-bottom:30px;padding-left:30px\"><div class=\"wp-block-group__inner-container is-layout-flow wp-block-group-is-layout-flow\"><h2 class=\"wp-block-post-title\"><a href=\"https:\/\/mdtunisie.com\/en\/blog\/u-blox-indoor-positioning-solution-demonstration\/\" target=\"_self\" >U-blox Indoor positioning antenna ANT-B10 demo<\/a><\/h2>\n\n<div class=\"wp-block-post-excerpt\"><p class=\"wp-block-post-excerpt__excerpt\">While global positioning has long been solved by GPS and similar systems, these technologies have a clear limitation-they only work outdoors. This is because GNSS receivers require continuous visibility of GNSS signals, which isn't possible outdoors. Until recently, affordable and reliable indoor positioning remained an unsolved challenge, with previous technologies being either too expensive or... <\/p><\/div>\n\n<div class=\"wp-block-post-date\"><time datetime=\"2024-08-24T15:37:15+02:00\">August 24, 2024<\/time><\/div><\/div><\/div>\n\n<\/li><li class=\"wp-block-post post-544 post type-post status-publish format-standard has-post-thumbnail hentry category-gnss tag-gnss tag-taoglas tag-ublox\">\n\n<div class=\"wp-block-group\" style=\"padding-top:30px;padding-right:30px;padding-bottom:30px;padding-left:30px\"><div class=\"wp-block-group__inner-container is-layout-flow wp-block-group-is-layout-flow\"><h2 class=\"wp-block-post-title\"><a href=\"https:\/\/mdtunisie.com\/en\/blog\/taoglas-invisible-gnss-antenna-tfx125-a-what-to-expect\/\" target=\"_self\" >Taoglas Invisible GNSS Antenna TFX125.A - What to expect<\/a><\/h2>\n\n<div class=\"wp-block-post-excerpt\"><p class=\"wp-block-post-excerpt__excerpt\">The TFX125.A Flexible antennas have long been a staple in countless applications, offering adaptability across a wide array of uses. However, the \" TFX125.A \" flexible antenna stands out as truly unique. Its most remarkable feature? Near invisibility. This exceptional property caught our eye, especially considering its ability to seamlessly integrate into applications requiring internal antennas within... <\/p><\/div>\n\n<div class=\"wp-block-post-date\"><time datetime=\"2024-04-15T03:30:30+02:00\">15 April 2024<\/time><\/div><\/div><\/div>\n\n<\/li><\/ul><\/div>\n\n\n\n<div class=\"wp-block-cover alignfull has-custom-content-position is-position-top-center\" style=\"min-height:60px;aspect-ratio:unset;\"><span aria-hidden=\"true\" class=\"wp-block-cover__background has-nv-light-bg-background-color has-background-dim-100 has-background-dim\"><\/span><div class=\"wp-block-cover__inner-container is-layout-constrained wp-block-cover-is-layout-constrained\">\n<p class=\"has-text-align-center has-neve-link-color-color has-text-color has-link-color wp-elements-6f1ef0452211a4e2a5770da552373032\">Copyright \u00a9 Micro Device Tunisie - 2025<\/p>\n<\/div><\/div>","protected":false},"excerpt":{"rendered":"<p>Micro Device Tunisia is committed to sharing its knowledge and advancements with the engineering community. With expertise accumulated over the years, the company makes it a point of honor to disseminate its experiences, discoveries, and best practices.<\/p>","protected":false},"author":1,"featured_media":0,"parent":0,"menu_order":0,"comment_status":"closed","ping_status":"closed","template":"","meta":{"neve_meta_sidebar":"full-width","neve_meta_container":"default","neve_meta_enable_content_width":"off","neve_meta_content_width":100,"neve_meta_title_alignment":"","neve_meta_author_avatar":"","neve_post_elements_order":"","neve_meta_disable_header":"","neve_meta_disable_footer":"on","neve_meta_disable_title":"on","footnotes":""},"class_list":["post-508","page","type-page","status-publish","hentry"],"yoast_head":"<!-- This site is optimized with the Yoast SEO plugin v27.4 - https:\/\/yoast.com\/product\/yoast-seo-wordpress\/ -->\n<title>Articles - Micro Device Tunisie<\/title>\n<meta name=\"description\" content=\"Explorez une vari\u00e9t\u00e9 d&#039;articles techniques r\u00e9dig\u00e9s par les ing\u00e9nieurs de Micro Device Tunisie, couvrant divers sujets sp\u00e9cialis\u00e9s.\" \/>\n<meta name=\"robots\" content=\"index, follow, max-snippet:-1, max-image-preview:large, max-video-preview:-1\" \/>\n<link rel=\"canonical\" href=\"https:\/\/mdtunisie.com\/en\/articles\/\" \/>\n<meta property=\"og:locale\" content=\"en_US\" \/>\n<meta property=\"og:type\" content=\"article\" \/>\n<meta property=\"og:title\" content=\"Articles - Micro Device Tunisie\" \/>\n<meta property=\"og:description\" content=\"Explorez une vari\u00e9t\u00e9 d&#039;articles techniques r\u00e9dig\u00e9s par les ing\u00e9nieurs de Micro Device Tunisie, couvrant divers sujets sp\u00e9cialis\u00e9s.\" \/>\n<meta property=\"og:url\" content=\"https:\/\/mdtunisie.com\/en\/articles\/\" \/>\n<meta property=\"og:site_name\" content=\"Micro Device Tunisie\" \/>\n<meta property=\"article:modified_time\" content=\"2026-02-14T22:58:14+00:00\" \/>\n<meta property=\"og:image\" content=\"https:\/\/mdtunisie.com\/wp-content\/uploads\/2024\/08\/lab-1024x197.png\" \/>\n<meta name=\"twitter:card\" content=\"summary_large_image\" \/>\n<meta name=\"twitter:label1\" content=\"Est. reading time\" \/>\n\t<meta name=\"twitter:data1\" content=\"1 minute\" \/>\n<script type=\"application\/ld+json\" class=\"yoast-schema-graph\">{\"@context\":\"https:\\\/\\\/schema.org\",\"@graph\":[{\"@type\":\"WebPage\",\"@id\":\"https:\\\/\\\/mdtunisie.com\\\/articles\\\/\",\"url\":\"https:\\\/\\\/mdtunisie.com\\\/articles\\\/\",\"name\":\"Articles - Micro Device Tunisie\",\"isPartOf\":{\"@id\":\"https:\\\/\\\/mdtunisie.com\\\/#website\"},\"primaryImageOfPage\":{\"@id\":\"https:\\\/\\\/mdtunisie.com\\\/articles\\\/#primaryimage\"},\"image\":{\"@id\":\"https:\\\/\\\/mdtunisie.com\\\/articles\\\/#primaryimage\"},\"thumbnailUrl\":\"https:\\\/\\\/mdtunisie.com\\\/wp-content\\\/uploads\\\/2024\\\/08\\\/lab-1024x197.png\",\"datePublished\":\"2023-02-01T22:48:41+00:00\",\"dateModified\":\"2026-02-14T22:58:14+00:00\",\"description\":\"Explorez une vari\u00e9t\u00e9 d'articles techniques r\u00e9dig\u00e9s par les ing\u00e9nieurs de Micro Device Tunisie, couvrant divers sujets sp\u00e9cialis\u00e9s.\",\"breadcrumb\":{\"@id\":\"https:\\\/\\\/mdtunisie.com\\\/articles\\\/#breadcrumb\"},\"inLanguage\":\"en-US\",\"potentialAction\":[{\"@type\":\"ReadAction\",\"target\":[\"https:\\\/\\\/mdtunisie.com\\\/articles\\\/\"]}]},{\"@type\":\"ImageObject\",\"inLanguage\":\"en-US\",\"@id\":\"https:\\\/\\\/mdtunisie.com\\\/articles\\\/#primaryimage\",\"url\":\"https:\\\/\\\/mdtunisie.com\\\/wp-content\\\/uploads\\\/2024\\\/08\\\/lab-1024x197.png\",\"contentUrl\":\"https:\\\/\\\/mdtunisie.com\\\/wp-content\\\/uploads\\\/2024\\\/08\\\/lab-1024x197.png\"},{\"@type\":\"BreadcrumbList\",\"@id\":\"https:\\\/\\\/mdtunisie.com\\\/articles\\\/#breadcrumb\",\"itemListElement\":[{\"@type\":\"ListItem\",\"position\":1,\"name\":\"Accueil\",\"item\":\"https:\\\/\\\/mdtunisie.com\\\/\"},{\"@type\":\"ListItem\",\"position\":2,\"name\":\"Articles\"}]},{\"@type\":\"WebSite\",\"@id\":\"https:\\\/\\\/mdtunisie.com\\\/#website\",\"url\":\"https:\\\/\\\/mdtunisie.com\\\/\",\"name\":\"Micro Device Tunisie\",\"description\":\"Imaginons ensemble les innovations de demain\",\"alternateName\":\"Micro Device Tunisia\",\"potentialAction\":[{\"@type\":\"SearchAction\",\"target\":{\"@type\":\"EntryPoint\",\"urlTemplate\":\"https:\\\/\\\/mdtunisie.com\\\/?s={search_term_string}\"},\"query-input\":{\"@type\":\"PropertyValueSpecification\",\"valueRequired\":true,\"valueName\":\"search_term_string\"}}],\"inLanguage\":\"en-US\"}]}<\/script>\n<!-- \/ Yoast SEO plugin. -->","yoast_head_json":{"title":"Articles - Micro Device Tunisia","description":"Explore a variety of technical articles written by Micro Device Tunisie engineers, covering a range of specialized topics.","robots":{"index":"index","follow":"follow","max-snippet":"max-snippet:-1","max-image-preview":"max-image-preview:large","max-video-preview":"max-video-preview:-1"},"canonical":"https:\/\/mdtunisie.com\/en\/articles\/","og_locale":"en_US","og_type":"article","og_title":"Articles - Micro Device Tunisie","og_description":"Explorez une vari\u00e9t\u00e9 d'articles techniques r\u00e9dig\u00e9s par les ing\u00e9nieurs de Micro Device Tunisie, couvrant divers sujets sp\u00e9cialis\u00e9s.","og_url":"https:\/\/mdtunisie.com\/en\/articles\/","og_site_name":"Micro Device Tunisie","article_modified_time":"2026-02-14T22:58:14+00:00","og_image":[{"url":"https:\/\/mdtunisie.com\/wp-content\/uploads\/2024\/08\/lab-1024x197.png","type":"","width":"","height":""}],"twitter_card":"summary_large_image","twitter_misc":{"Est. reading time":"1 minute"},"schema":{"@context":"https:\/\/schema.org","@graph":[{"@type":"WebPage","@id":"https:\/\/mdtunisie.com\/articles\/","url":"https:\/\/mdtunisie.com\/articles\/","name":"Articles - Micro Device Tunisia","isPartOf":{"@id":"https:\/\/mdtunisie.com\/#website"},"primaryImageOfPage":{"@id":"https:\/\/mdtunisie.com\/articles\/#primaryimage"},"image":{"@id":"https:\/\/mdtunisie.com\/articles\/#primaryimage"},"thumbnailUrl":"https:\/\/mdtunisie.com\/wp-content\/uploads\/2024\/08\/lab-1024x197.png","datePublished":"2023-02-01T22:48:41+00:00","dateModified":"2026-02-14T22:58:14+00:00","description":"Explore a variety of technical articles written by Micro Device Tunisie engineers, covering a range of specialized topics.","breadcrumb":{"@id":"https:\/\/mdtunisie.com\/articles\/#breadcrumb"},"inLanguage":"en-US","potentialAction":[{"@type":"ReadAction","target":["https:\/\/mdtunisie.com\/articles\/"]}]},{"@type":"ImageObject","inLanguage":"en-US","@id":"https:\/\/mdtunisie.com\/articles\/#primaryimage","url":"https:\/\/mdtunisie.com\/wp-content\/uploads\/2024\/08\/lab-1024x197.png","contentUrl":"https:\/\/mdtunisie.com\/wp-content\/uploads\/2024\/08\/lab-1024x197.png"},{"@type":"BreadcrumbList","@id":"https:\/\/mdtunisie.com\/articles\/#breadcrumb","itemListElement":[{"@type":"ListItem","position":1,"name":"Accueil","item":"https:\/\/mdtunisie.com\/"},{"@type":"ListItem","position":2,"name":"Articles"}]},{"@type":"WebSite","@id":"https:\/\/mdtunisie.com\/#website","url":"https:\/\/mdtunisie.com\/","name":"Micro Device Tunisia","description":"Shaping tomorrow's innovations, together","alternateName":"Micro Device Tunisia","potentialAction":[{"@type":"SearchAction","target":{"@type":"EntryPoint","urlTemplate":"https:\/\/mdtunisie.com\/?s={search_term_string}"},"query-input":{"@type":"PropertyValueSpecification","valueRequired":true,"valueName":"search_term_string"}}],"inLanguage":"en-US"}]}},"jetpack_sharing_enabled":true,"jetpack_likes_enabled":true,"_links":{"self":[{"href":"https:\/\/mdtunisie.com\/en\/wp-json\/wp\/v2\/pages\/508","targetHints":{"allow":["GET"]}}],"collection":[{"href":"https:\/\/mdtunisie.com\/en\/wp-json\/wp\/v2\/pages"}],"about":[{"href":"https:\/\/mdtunisie.com\/en\/wp-json\/wp\/v2\/types\/page"}],"author":[{"embeddable":true,"href":"https:\/\/mdtunisie.com\/en\/wp-json\/wp\/v2\/users\/1"}],"replies":[{"embeddable":true,"href":"https:\/\/mdtunisie.com\/en\/wp-json\/wp\/v2\/comments?post=508"}],"version-history":[{"count":32,"href":"https:\/\/mdtunisie.com\/en\/wp-json\/wp\/v2\/pages\/508\/revisions"}],"predecessor-version":[{"id":1228,"href":"https:\/\/mdtunisie.com\/en\/wp-json\/wp\/v2\/pages\/508\/revisions\/1228"}],"wp:attachment":[{"href":"https:\/\/mdtunisie.com\/en\/wp-json\/wp\/v2\/media?parent=508"}],"curies":[{"name":"wp","href":"https:\/\/api.w.org\/{rel}","templated":true}]}}