{"id":844,"date":"2025-01-11T00:01:11","date_gmt":"2025-01-10T23:01:11","guid":{"rendered":"https:\/\/mdtunisie.com\/?page_id=844"},"modified":"2025-01-11T20:49:04","modified_gmt":"2025-01-11T19:49:04","slug":"developpement-interface-utilisateur","status":"publish","type":"page","link":"https:\/\/mdtunisie.com\/en\/developpement-interface-utilisateur\/","title":{"rendered":"HMI Design"},"content":{"rendered":"<div class=\"wp-block-cover aligncenter has-custom-content-position is-position-center-left\" style=\"min-height:250px;aspect-ratio:unset;\"><span aria-hidden=\"true\" class=\"wp-block-cover__background has-neve-text-color-background-color has-background-dim\"><\/span><img data-recalc-dims=\"1\" loading=\"lazy\" decoding=\"async\" width=\"1200\" height=\"800\" sizes=\"auto, (max-width: 1200px) 100vw, 1200px\" class=\"wp-block-cover__image-background wp-image-803\" alt=\"\" src=\"https:\/\/i0.wp.com\/mdtunisie.com\/wp-content\/uploads\/2025\/01\/pexels-shvetsa-5953589.webp?resize=1200%2C800&ssl=1\" data-object-fit=\"cover\" srcset=\"https:\/\/i0.wp.com\/mdtunisie.com\/wp-content\/uploads\/2025\/01\/pexels-shvetsa-5953589.webp?w=1560&ssl=1 1560w, https:\/\/i0.wp.com\/mdtunisie.com\/wp-content\/uploads\/2025\/01\/pexels-shvetsa-5953589.webp?resize=300%2C200&ssl=1 300w, https:\/\/i0.wp.com\/mdtunisie.com\/wp-content\/uploads\/2025\/01\/pexels-shvetsa-5953589.webp?resize=1024%2C683&ssl=1 1024w, https:\/\/i0.wp.com\/mdtunisie.com\/wp-content\/uploads\/2025\/01\/pexels-shvetsa-5953589.webp?resize=768%2C512&ssl=1 768w, https:\/\/i0.wp.com\/mdtunisie.com\/wp-content\/uploads\/2025\/01\/pexels-shvetsa-5953589.webp?resize=1536%2C1024&ssl=1 1536w, https:\/\/i0.wp.com\/mdtunisie.com\/wp-content\/uploads\/2025\/01\/pexels-shvetsa-5953589.webp?resize=930%2C620&ssl=1 930w\" \/><div class=\"wp-block-cover__inner-container is-layout-constrained wp-block-cover-is-layout-constrained\">\n<h2 class=\"wp-block-heading\">Humain-Machine Interface Design<\/h2>\n<\/div><\/div>\n\n\n\n<hr class=\"wp-block-separator has-alpha-channel-opacity\"\/>\n\n\n\n<p>Nous concevons des interfaces homme machine intuitives et performantes, pens\u00e9es pour offrir une exp\u00e9rience utilisateur optimale. Alliant ergonomie, design et technologies avanc\u00e9es, nos solutions sur mesure facilitent l\u2019interaction entre vos utilisateurs et vos syst\u00e8mes, quel que soit votre domaine d\u2019activit\u00e9<\/p>\n\n\n\n<hr class=\"wp-block-separator has-alpha-channel-opacity\"\/>\n\n\n\n<div class=\"wp-block-columns is-layout-flex wp-container-core-columns-is-layout-9d6595d7 wp-block-columns-is-layout-flex\">\n<div class=\"wp-block-column is-layout-flow wp-block-column-is-layout-flow\">\n<div class=\"wp-block-cover\" style=\"min-height:465px;aspect-ratio:unset;\"><span aria-hidden=\"true\" class=\"wp-block-cover__background has-neve-link-hover-color-background-color has-background-dim-100 has-background-dim\"><\/span><div class=\"wp-block-cover__inner-container is-layout-constrained wp-block-cover-is-layout-constrained\">\n<h2 class=\"wp-block-heading has-text-align-center\">PC Software HMI<\/h2>\n\n\n\n<p class=\"has-text-align-center\"><mark style=\"background-color:rgba(0, 0, 0, 0)\" class=\"has-inline-color has-nv-site-bg-color\">Que ce soit pour des applications autonomes ou connect\u00e9es, Micro Device Tunisie con\u00e7oit des interfaces logicielles personnalis\u00e9es pour Windows, Linux et d\u2019autres syst\u00e8mes d\u2019exploitation, r\u00e9pondant aux besoins sp\u00e9cifiques de chaque projet.<\/mark><\/p>\n<\/div><\/div>\n<\/div>\n\n\n\n<div class=\"wp-block-column is-layout-flow wp-block-column-is-layout-flow\">\n<div class=\"wp-block-cover\" style=\"min-height:465px;aspect-ratio:unset;\"><span aria-hidden=\"true\" class=\"wp-block-cover__background has-neve-link-hover-color-background-color has-background-dim-100 has-background-dim\"><\/span><div class=\"wp-block-cover__inner-container is-layout-constrained wp-block-cover-is-layout-constrained\">\n<h2 class=\"wp-block-heading has-text-align-center\">Embedded industrials HMI<\/h2>\n\n\n\n<p class=\"has-text-align-center\"><mark style=\"background-color:rgba(0, 0, 0, 0)\" class=\"has-inline-color has-nv-site-bg-color\">Micro-Device Tunisie assure la conception d\u2019interfaces homme-machine (IHM) sur mesure, parfaitement adapt\u00e9es aux exigences sp\u00e9cifiques de vos environnements industriels. Nos ing\u00e9nieurs d\u00e9veloppent des solutions intuitives et robustes, con\u00e7ues pour optimiser l\u2019interaction entre l\u2019op\u00e9rateur et la machine.<\/mark><\/p>\n<\/div><\/div>\n<\/div>\n<\/div>\n\n\n\n<div class=\"wp-block-cover has-custom-content-position is-position-top-center\" style=\"min-height:508px;aspect-ratio:unset;\"><span aria-hidden=\"true\" class=\"wp-block-cover__background has-nv-dark-bg-background-color has-background-dim-100 has-background-dim\"><\/span><div class=\"wp-block-cover__inner-container is-layout-constrained wp-block-cover-is-layout-constrained\">\n<p><\/p>\n\n\n\n<div class=\"wp-block-columns is-layout-flex wp-container-core-columns-is-layout-9d6595d7 wp-block-columns-is-layout-flex\">\n<div class=\"wp-block-column is-layout-flow wp-block-column-is-layout-flow\"><div class=\"wp-block-image\">\n<figure class=\"aligncenter size-large is-resized\"><img data-recalc-dims=\"1\" loading=\"lazy\" decoding=\"async\" width=\"1024\" height=\"682\" sizes=\"auto, (max-width: 1200px) 100vw, 1200px\" src=\"https:\/\/i0.wp.com\/mdtunisie.com\/wp-content\/uploads\/2025\/01\/pexels-olly-845451.webp?resize=1024%2C682&ssl=1\" alt=\"\" class=\"wp-image-775\" style=\"width:435px;height:auto\" srcset=\"https:\/\/i0.wp.com\/mdtunisie.com\/wp-content\/uploads\/2025\/01\/pexels-olly-845451.webp?resize=1024%2C682&ssl=1 1024w, https:\/\/i0.wp.com\/mdtunisie.com\/wp-content\/uploads\/2025\/01\/pexels-olly-845451.webp?resize=300%2C200&ssl=1 300w, https:\/\/i0.wp.com\/mdtunisie.com\/wp-content\/uploads\/2025\/01\/pexels-olly-845451.webp?resize=768%2C512&ssl=1 768w, https:\/\/i0.wp.com\/mdtunisie.com\/wp-content\/uploads\/2025\/01\/pexels-olly-845451.webp?resize=930%2C620&ssl=1 930w, https:\/\/i0.wp.com\/mdtunisie.com\/wp-content\/uploads\/2025\/01\/pexels-olly-845451.webp?w=1525&ssl=1 1525w\" \/><\/figure>\n<\/div>\n\n\n<div style=\"height:25px\" aria-hidden=\"true\" class=\"wp-block-spacer\"><\/div>\n\n\n\n<div class=\"wp-block-buttons is-content-justification-center is-layout-flex wp-container-core-buttons-is-layout-16018d1d wp-block-buttons-is-layout-flex\">\n<div class=\"wp-block-button is-style-default\"><a class=\"wp-block-button__link wp-element-button\" href=\"https:\/\/mdtunisie.com\/index.php\/expertises\/\">Explore our expertise<\/a><\/div>\n<\/div>\n<\/div>\n\n\n\n<div class=\"wp-block-column is-layout-flow wp-block-column-is-layout-flow\"><div class=\"wp-block-image\">\n<figure class=\"aligncenter size-large is-resized\"><img data-recalc-dims=\"1\" loading=\"lazy\" decoding=\"async\" width=\"1024\" height=\"684\" sizes=\"auto, (max-width: 1200px) 100vw, 1200px\" src=\"https:\/\/i0.wp.com\/mdtunisie.com\/wp-content\/uploads\/2025\/01\/pexels-divinetechygirl-1181346.webp?resize=1024%2C684&ssl=1\" alt=\"\" class=\"wp-image-776\" style=\"width:439px;height:auto\" srcset=\"https:\/\/i0.wp.com\/mdtunisie.com\/wp-content\/uploads\/2025\/01\/pexels-divinetechygirl-1181346.webp?resize=1024%2C684&ssl=1 1024w, https:\/\/i0.wp.com\/mdtunisie.com\/wp-content\/uploads\/2025\/01\/pexels-divinetechygirl-1181346.webp?resize=300%2C200&ssl=1 300w, https:\/\/i0.wp.com\/mdtunisie.com\/wp-content\/uploads\/2025\/01\/pexels-divinetechygirl-1181346.webp?resize=768%2C513&ssl=1 768w, https:\/\/i0.wp.com\/mdtunisie.com\/wp-content\/uploads\/2025\/01\/pexels-divinetechygirl-1181346.webp?resize=930%2C620&ssl=1 930w, https:\/\/i0.wp.com\/mdtunisie.com\/wp-content\/uploads\/2025\/01\/pexels-divinetechygirl-1181346.webp?w=1203&ssl=1 1203w\" \/><\/figure>\n<\/div>\n\n\n<div style=\"height:25px\" aria-hidden=\"true\" class=\"wp-block-spacer\"><\/div>\n\n\n\n<div class=\"wp-block-buttons alignwide is-content-justification-center is-layout-flex wp-container-core-buttons-is-layout-16018d1d wp-block-buttons-is-layout-flex\">\n<div class=\"wp-block-button\"><a class=\"wp-block-button__link has-text-align-center wp-element-button\" href=\"https:\/\/mdtunisie.com\/index.php\/project-form\/\">Tell us about your project<\/a><\/div>\n<\/div>\n<\/div>\n<\/div>\n<\/div><\/div>\n\n\n\n<div class=\"wp-block-cover alignfull has-custom-content-position is-position-top-center\" style=\"min-height:60px;aspect-ratio:unset;\"><span aria-hidden=\"true\" class=\"wp-block-cover__background has-nv-light-bg-background-color has-background-dim-100 has-background-dim\"><\/span><div class=\"wp-block-cover__inner-container is-layout-constrained wp-block-cover-is-layout-constrained\">\n<p class=\"has-text-align-center has-neve-link-color-color has-text-color has-link-color wp-elements-6f1ef0452211a4e2a5770da552373032\">Copyright \u00a9 Micro Device Tunisie \u2013 2025<\/p>\n<\/div><\/div>","protected":false},"excerpt":{"rendered":"<p>Nous concevons des interfaces homme machine intuitives et performantes, pens\u00e9es pour offrir une exp\u00e9rience utilisateur optimale. Alliant ergonomie, design et technologies avanc\u00e9es, nos solutions sur mesure facilitent l\u2019interaction entre vos utilisateurs et vos syst\u00e8mes, quel que soit votre domaine d\u2019activit\u00e9<\/p>","protected":false},"author":1,"featured_media":0,"parent":0,"menu_order":0,"comment_status":"closed","ping_status":"closed","template":"","meta":{"neve_meta_sidebar":"","neve_meta_container":"","neve_meta_enable_content_width":"","neve_meta_content_width":0,"neve_meta_title_alignment":"","neve_meta_author_avatar":"","neve_post_elements_order":"","neve_meta_disable_header":"","neve_meta_disable_footer":"on","neve_meta_disable_title":"on","footnotes":""},"class_list":["post-844","page","type-page","status-publish","hentry"],"yoast_head":"<!-- This site is optimized with the Yoast SEO plugin v27.5 - https:\/\/yoast.com\/product\/yoast-seo-wordpress\/ -->\n<title>D\u00e9veloppement Interface utilisateur - Micro Device Tunisie<\/title>\n<meta name=\"description\" content=\"Conception d&#039;interfaces homme machine intuitives et performantes, pens\u00e9es pour offrir une exp\u00e9rience utilisateur optimale.\" \/>\n<meta name=\"robots\" content=\"index, follow, max-snippet:-1, max-image-preview:large, max-video-preview:-1\" \/>\n<link rel=\"canonical\" href=\"https:\/\/mdtunisie.com\/en\/developpement-interface-utilisateur\/\" \/>\n<meta property=\"og:locale\" content=\"en_US\" \/>\n<meta property=\"og:type\" content=\"article\" \/>\n<meta property=\"og:title\" content=\"D\u00e9veloppement Interface utilisateur - Micro Device Tunisie\" \/>\n<meta property=\"og:description\" content=\"Conception d&#039;interfaces homme machine intuitives et performantes, pens\u00e9es pour offrir une exp\u00e9rience utilisateur optimale.\" \/>\n<meta property=\"og:url\" content=\"https:\/\/mdtunisie.com\/en\/developpement-interface-utilisateur\/\" \/>\n<meta property=\"og:site_name\" content=\"Micro Device Tunisie\" \/>\n<meta property=\"article:modified_time\" content=\"2025-01-11T19:49:04+00:00\" \/>\n<meta property=\"og:image\" content=\"https:\/\/mdtunisie.com\/wp-content\/uploads\/2025\/01\/pexels-shvetsa-5953589.webp\" \/>\n<meta name=\"twitter:card\" content=\"summary_large_image\" \/>\n<meta name=\"twitter:label1\" content=\"Est. reading time\" \/>\n\t<meta name=\"twitter:data1\" content=\"2 minutes\" \/>\n<script type=\"application\/ld+json\" class=\"yoast-schema-graph\">{\"@context\":\"https:\\\/\\\/schema.org\",\"@graph\":[{\"@type\":\"WebPage\",\"@id\":\"https:\\\/\\\/mdtunisie.com\\\/de\\\/developpement-interface-utilisateur\\\/\",\"url\":\"https:\\\/\\\/mdtunisie.com\\\/de\\\/developpement-interface-utilisateur\\\/\",\"name\":\"D\u00e9veloppement Interface utilisateur - Micro Device Tunisie\",\"isPartOf\":{\"@id\":\"https:\\\/\\\/mdtunisie.com\\\/#website\"},\"primaryImageOfPage\":{\"@id\":\"https:\\\/\\\/mdtunisie.com\\\/de\\\/developpement-interface-utilisateur\\\/#primaryimage\"},\"image\":{\"@id\":\"https:\\\/\\\/mdtunisie.com\\\/de\\\/developpement-interface-utilisateur\\\/#primaryimage\"},\"thumbnailUrl\":\"https:\\\/\\\/mdtunisie.com\\\/wp-content\\\/uploads\\\/2025\\\/01\\\/pexels-shvetsa-5953589.webp\",\"datePublished\":\"2025-01-10T23:01:11+00:00\",\"dateModified\":\"2025-01-11T19:49:04+00:00\",\"description\":\"Conception d'interfaces homme machine intuitives et performantes, pens\u00e9es pour offrir une exp\u00e9rience utilisateur optimale.\",\"breadcrumb\":{\"@id\":\"https:\\\/\\\/mdtunisie.com\\\/de\\\/developpement-interface-utilisateur\\\/#breadcrumb\"},\"inLanguage\":\"en-US\",\"potentialAction\":[{\"@type\":\"ReadAction\",\"target\":[\"https:\\\/\\\/mdtunisie.com\\\/de\\\/developpement-interface-utilisateur\\\/\"]}]},{\"@type\":\"ImageObject\",\"inLanguage\":\"en-US\",\"@id\":\"https:\\\/\\\/mdtunisie.com\\\/de\\\/developpement-interface-utilisateur\\\/#primaryimage\",\"url\":\"https:\\\/\\\/mdtunisie.com\\\/wp-content\\\/uploads\\\/2025\\\/01\\\/pexels-shvetsa-5953589.webp\",\"contentUrl\":\"https:\\\/\\\/mdtunisie.com\\\/wp-content\\\/uploads\\\/2025\\\/01\\\/pexels-shvetsa-5953589.webp\"},{\"@type\":\"BreadcrumbList\",\"@id\":\"https:\\\/\\\/mdtunisie.com\\\/de\\\/developpement-interface-utilisateur\\\/#breadcrumb\",\"itemListElement\":[{\"@type\":\"ListItem\",\"position\":1,\"name\":\"Accueil\",\"item\":\"https:\\\/\\\/mdtunisie.com\\\/\"},{\"@type\":\"ListItem\",\"position\":2,\"name\":\"D\u00e9veloppement Interface utilisateur\"}]},{\"@type\":\"WebSite\",\"@id\":\"https:\\\/\\\/mdtunisie.com\\\/#website\",\"url\":\"https:\\\/\\\/mdtunisie.com\\\/\",\"name\":\"Micro Device Tunisie\",\"description\":\"Imaginons ensemble les innovations de demain\",\"alternateName\":\"Micro Device Tunisia\",\"potentialAction\":[{\"@type\":\"SearchAction\",\"target\":{\"@type\":\"EntryPoint\",\"urlTemplate\":\"https:\\\/\\\/mdtunisie.com\\\/?s={search_term_string}\"},\"query-input\":{\"@type\":\"PropertyValueSpecification\",\"valueRequired\":true,\"valueName\":\"search_term_string\"}}],\"inLanguage\":\"en-US\"}]}<\/script>\n<!-- \/ Yoast SEO plugin. -->","yoast_head_json":{"title":"User interface development - Micro Device Tunisie","description":"Intuitive, high-performance human-machine interfaces designed to deliver an optimal user experience.","robots":{"index":"index","follow":"follow","max-snippet":"max-snippet:-1","max-image-preview":"max-image-preview:large","max-video-preview":"max-video-preview:-1"},"canonical":"https:\/\/mdtunisie.com\/en\/developpement-interface-utilisateur\/","og_locale":"en_US","og_type":"article","og_title":"D\u00e9veloppement Interface utilisateur - Micro Device Tunisie","og_description":"Conception d'interfaces homme machine intuitives et performantes, pens\u00e9es pour offrir une exp\u00e9rience utilisateur optimale.","og_url":"https:\/\/mdtunisie.com\/en\/developpement-interface-utilisateur\/","og_site_name":"Micro Device Tunisie","article_modified_time":"2025-01-11T19:49:04+00:00","og_image":[{"url":"https:\/\/mdtunisie.com\/wp-content\/uploads\/2025\/01\/pexels-shvetsa-5953589.webp","type":"","width":"","height":""}],"twitter_card":"summary_large_image","twitter_misc":{"Est. reading time":"2 minutes"},"schema":{"@context":"https:\/\/schema.org","@graph":[{"@type":"WebPage","@id":"https:\/\/mdtunisie.com\/de\/developpement-interface-utilisateur\/","url":"https:\/\/mdtunisie.com\/de\/developpement-interface-utilisateur\/","name":"User interface development - Micro Device Tunisie","isPartOf":{"@id":"https:\/\/mdtunisie.com\/#website"},"primaryImageOfPage":{"@id":"https:\/\/mdtunisie.com\/de\/developpement-interface-utilisateur\/#primaryimage"},"image":{"@id":"https:\/\/mdtunisie.com\/de\/developpement-interface-utilisateur\/#primaryimage"},"thumbnailUrl":"https:\/\/mdtunisie.com\/wp-content\/uploads\/2025\/01\/pexels-shvetsa-5953589.webp","datePublished":"2025-01-10T23:01:11+00:00","dateModified":"2025-01-11T19:49:04+00:00","description":"Intuitive, high-performance human-machine interfaces designed to deliver an optimal user experience.","breadcrumb":{"@id":"https:\/\/mdtunisie.com\/de\/developpement-interface-utilisateur\/#breadcrumb"},"inLanguage":"en-US","potentialAction":[{"@type":"ReadAction","target":["https:\/\/mdtunisie.com\/de\/developpement-interface-utilisateur\/"]}]},{"@type":"ImageObject","inLanguage":"en-US","@id":"https:\/\/mdtunisie.com\/de\/developpement-interface-utilisateur\/#primaryimage","url":"https:\/\/mdtunisie.com\/wp-content\/uploads\/2025\/01\/pexels-shvetsa-5953589.webp","contentUrl":"https:\/\/mdtunisie.com\/wp-content\/uploads\/2025\/01\/pexels-shvetsa-5953589.webp"},{"@type":"BreadcrumbList","@id":"https:\/\/mdtunisie.com\/de\/developpement-interface-utilisateur\/#breadcrumb","itemListElement":[{"@type":"ListItem","position":1,"name":"Accueil","item":"https:\/\/mdtunisie.com\/"},{"@type":"ListItem","position":2,"name":"D\u00e9veloppement Interface utilisateur"}]},{"@type":"WebSite","@id":"https:\/\/mdtunisie.com\/#website","url":"https:\/\/mdtunisie.com\/","name":"Micro Device Tunisia","description":"Shaping tomorrow's innovations, together","alternateName":"Micro Device Tunisia","potentialAction":[{"@type":"SearchAction","target":{"@type":"EntryPoint","urlTemplate":"https:\/\/mdtunisie.com\/?s={search_term_string}"},"query-input":{"@type":"PropertyValueSpecification","valueRequired":true,"valueName":"search_term_string"}}],"inLanguage":"en-US"}]}},"jetpack_sharing_enabled":true,"jetpack_likes_enabled":true,"_links":{"self":[{"href":"https:\/\/mdtunisie.com\/en\/wp-json\/wp\/v2\/pages\/844","targetHints":{"allow":["GET"]}}],"collection":[{"href":"https:\/\/mdtunisie.com\/en\/wp-json\/wp\/v2\/pages"}],"about":[{"href":"https:\/\/mdtunisie.com\/en\/wp-json\/wp\/v2\/types\/page"}],"author":[{"embeddable":true,"href":"https:\/\/mdtunisie.com\/en\/wp-json\/wp\/v2\/users\/1"}],"replies":[{"embeddable":true,"href":"https:\/\/mdtunisie.com\/en\/wp-json\/wp\/v2\/comments?post=844"}],"version-history":[{"count":5,"href":"https:\/\/mdtunisie.com\/en\/wp-json\/wp\/v2\/pages\/844\/revisions"}],"predecessor-version":[{"id":992,"href":"https:\/\/mdtunisie.com\/en\/wp-json\/wp\/v2\/pages\/844\/revisions\/992"}],"wp:attachment":[{"href":"https:\/\/mdtunisie.com\/en\/wp-json\/wp\/v2\/media?parent=844"}],"curies":[{"name":"wp","href":"https:\/\/api.w.org\/{rel}","templated":true}]}}