{"id":1104,"date":"2025-05-15T23:47:59","date_gmt":"2025-05-15T21:47:59","guid":{"rendered":"https:\/\/mdtunisie.com\/?page_id=1104"},"modified":"2025-05-16T00:18:43","modified_gmt":"2025-05-15T22:18:43","slug":"devis","status":"publish","type":"page","link":"https:\/\/mdtunisie.com\/it\/devis\/","title":{"rendered":"Citazione"},"content":{"rendered":"\n<div class=\"wp-block-cover\" style=\"min-height:150px;aspect-ratio:unset;\"><img data-recalc-dims=\"1\" loading=\"lazy\" decoding=\"async\" width=\"985\" height=\"350\" sizes=\"auto, (max-width: 1200px) 100vw, 1200px\" class=\"wp-block-cover__image-background wp-image-1106 size-full\" alt=\"mdt\" src=\"https:\/\/i0.wp.com\/mdtunisie.com\/wp-content\/uploads\/2025\/05\/mdt_banner_quote.webp?resize=985%2C350&#038;ssl=1\" data-object-fit=\"cover\" srcset=\"https:\/\/i0.wp.com\/mdtunisie.com\/wp-content\/uploads\/2025\/05\/mdt_banner_quote.webp?w=985&amp;ssl=1 985w, https:\/\/i0.wp.com\/mdtunisie.com\/wp-content\/uploads\/2025\/05\/mdt_banner_quote.webp?resize=300%2C107&amp;ssl=1 300w, https:\/\/i0.wp.com\/mdtunisie.com\/wp-content\/uploads\/2025\/05\/mdt_banner_quote.webp?resize=768%2C273&amp;ssl=1 768w, https:\/\/i0.wp.com\/mdtunisie.com\/wp-content\/uploads\/2025\/05\/mdt_banner_quote.webp?resize=18%2C6&amp;ssl=1 18w\" \/><span aria-hidden=\"true\" class=\"wp-block-cover__background has-nv-dark-bg-background-color has-background-dim\"><\/span><div class=\"wp-block-cover__inner-container is-layout-constrained wp-block-cover-is-layout-constrained\">\n<h2 class=\"wp-block-heading\"><mark style=\"background-color:rgba(0, 0, 0, 0)\" class=\"has-inline-color has-nv-site-bg-color\">Demander un devis<\/mark><\/h2>\n<\/div><\/div>\n\n\n\n<hr class=\"wp-block-separator has-alpha-channel-opacity\"\/>\n\n\n\n<p>Int\u00e9ress\u00e9 par nos produits ? Demandez d\u00e8s maintenant votre devis personnalis\u00e9, rapide et sans engagement ! <\/p>\n\n\n\n<div class=\"wp-block-columns is-layout-flex wp-container-core-columns-is-layout-9d6595d7 wp-block-columns-is-layout-flex\">\n<div class=\"wp-block-column is-layout-flow wp-block-column-is-layout-flow\">\n<div class=\"wp-block-cover is-light\" style=\"min-height:120px;aspect-ratio:unset;\"><img data-recalc-dims=\"1\" loading=\"lazy\" decoding=\"async\" width=\"816\" height=\"376\" sizes=\"auto, (max-width: 1200px) 100vw, 1200px\" class=\"wp-block-cover__image-background wp-image-877 size-full\" alt=\"mdt stm32 esp32\" src=\"https:\/\/i0.wp.com\/mdtunisie.com\/wp-content\/uploads\/2025\/01\/20241218_132333.webp?resize=816%2C376&#038;ssl=1\" style=\"object-position:40% 61%\" data-object-fit=\"cover\" data-object-position=\"40% 61%\" srcset=\"https:\/\/i0.wp.com\/mdtunisie.com\/wp-content\/uploads\/2025\/01\/20241218_132333.webp?w=816&amp;ssl=1 816w, https:\/\/i0.wp.com\/mdtunisie.com\/wp-content\/uploads\/2025\/01\/20241218_132333.webp?resize=300%2C138&amp;ssl=1 300w, https:\/\/i0.wp.com\/mdtunisie.com\/wp-content\/uploads\/2025\/01\/20241218_132333.webp?resize=768%2C354&amp;ssl=1 768w\" \/><span aria-hidden=\"true\" class=\"wp-block-cover__background has-neve-link-hover-color-background-color has-background-dim-20 has-background-dim\"><\/span><div class=\"wp-block-cover__inner-container is-layout-constrained wp-block-cover-is-layout-constrained\">\n<div class=\"wp-block-buttons is-content-justification-center is-layout-flex wp-container-core-buttons-is-layout-16018d1d wp-block-buttons-is-layout-flex\">\n<div class=\"wp-block-button\"><a class=\"wp-block-button__link wp-element-button\" href=\"https:\/\/mdtunisie.com\/products\/\">Nos produits<\/a><\/div>\n<\/div>\n<\/div><\/div>\n<\/div>\n\n\n\n<div class=\"wp-block-column is-layout-flow wp-block-column-is-layout-flow\">\n<div class=\"wp-block-cover\" style=\"min-height:109px;aspect-ratio:unset;\"><img data-recalc-dims=\"1\" loading=\"lazy\" decoding=\"async\" width=\"1024\" height=\"683\" sizes=\"auto, (max-width: 1200px) 100vw, 1200px\" class=\"wp-block-cover__image-background wp-image-735 size-large\" alt=\"mdt services\" src=\"https:\/\/i0.wp.com\/mdtunisie.com\/wp-content\/uploads\/2024\/08\/pexels-fauxels-3184436-1024x683.webp?resize=1024%2C683&#038;ssl=1\" data-object-fit=\"cover\" srcset=\"https:\/\/i0.wp.com\/mdtunisie.com\/wp-content\/uploads\/2024\/08\/pexels-fauxels-3184436-jpg.webp?resize=1024%2C683&amp;ssl=1 1024w, https:\/\/i0.wp.com\/mdtunisie.com\/wp-content\/uploads\/2024\/08\/pexels-fauxels-3184436-jpg.webp?resize=300%2C200&amp;ssl=1 300w, https:\/\/i0.wp.com\/mdtunisie.com\/wp-content\/uploads\/2024\/08\/pexels-fauxels-3184436-jpg.webp?resize=768%2C512&amp;ssl=1 768w, https:\/\/i0.wp.com\/mdtunisie.com\/wp-content\/uploads\/2024\/08\/pexels-fauxels-3184436-jpg.webp?resize=930%2C620&amp;ssl=1 930w, https:\/\/i0.wp.com\/mdtunisie.com\/wp-content\/uploads\/2024\/08\/pexels-fauxels-3184436-jpg.webp?w=1200&amp;ssl=1 1200w\" \/><span aria-hidden=\"true\" class=\"wp-block-cover__background has-neve-link-hover-color-background-color has-background-dim-20 has-background-dim\"><\/span><div class=\"wp-block-cover__inner-container is-layout-constrained wp-block-cover-is-layout-constrained\">\n<div class=\"wp-block-buttons is-content-justification-center is-layout-flex wp-container-core-buttons-is-layout-16018d1d wp-block-buttons-is-layout-flex\">\n<div class=\"wp-block-button\"><a class=\"wp-block-button__link has-text-align-center wp-element-button\" href=\"https:\/\/mdtunisie.com\/services\/\">Nos services<\/a><\/div>\n<\/div>\n<\/div><\/div>\n<\/div>\n<\/div>\n\n\n\n<hr class=\"wp-block-separator has-alpha-channel-opacity\"\/>\n\n\n\n<div class=\"wp-block-cover\" style=\"min-height:100vh;aspect-ratio:unset;\"><span aria-hidden=\"true\" class=\"wp-block-cover__background has-neve-link-color-background-color has-background-dim-100 has-background-dim\"><\/span><div class=\"wp-block-cover__inner-container is-layout-constrained wp-block-cover-is-layout-constrained\"><style id=\"wpforms-css-vars-1089-block-484d9b11-e855-4d0f-b759-26084b1ae16b\">\n\t\t\t\t#wpforms-1089.wpforms-block-484d9b11-e855-4d0f-b759-26084b1ae16b {\n\t\t\t\t--wpforms-button-background-color: var(--nv-secondary-accent);\n--wpforms-field-size-input-height: 43px;\n--wpforms-field-size-input-spacing: 15px;\n--wpforms-field-size-font-size: 16px;\n--wpforms-field-size-line-height: 19px;\n--wpforms-field-size-padding-h: 14px;\n--wpforms-field-size-checkbox-size: 16px;\n--wpforms-field-size-sublabel-spacing: 5px;\n--wpforms-field-size-icon-size: 1;\n--wpforms-label-size-font-size: 16px;\n--wpforms-label-size-line-height: 19px;\n--wpforms-label-size-sublabel-font-size: 14px;\n--wpforms-label-size-sublabel-line-height: 17px;\n--wpforms-button-size-font-size: 17px;\n--wpforms-button-size-height: 41px;\n--wpforms-button-size-padding-h: 15px;\n--wpforms-button-size-margin-top: 10px;\n\t\t\t}\n\t\t\t<\/style><div class=\"wpforms-container wpforms-container-full wpforms-block wpforms-block-484d9b11-e855-4d0f-b759-26084b1ae16b wpforms-render-modern\" id=\"wpforms-1089\"><form id=\"wpforms-form-1089\" class=\"wpforms-validate wpforms-form wpforms-ajax-form\" data-formid=\"1089\" method=\"post\" enctype=\"multipart\/form-data\" action=\"\/it\/wp-json\/wp\/v2\/pages\/1104\" data-token=\"8d76b383e6d15287fa9711ba883c62f7\" data-token-time=\"1776412877\"><noscript class=\"wpforms-error-noscript\">Abilita JavaScript nel browser per completare questo modulo.<\/noscript><div id=\"wpforms-error-noscript\" style=\"display: none;\">Abilita JavaScript nel browser per completare questo modulo.<\/div><div class=\"wpforms-field-container\">\t\t<div id=\"wpforms-1089-field_3-container\"\n\t\t\tclass=\"wpforms-field wpforms-field-text\"\n\t\t\tdata-field-type=\"text\"\n\t\t\tdata-field-id=\"3\"\n\t\t\t>\n\t\t\t<label class=\"wpforms-field-label\" for=\"wpforms-1089-field_3\" >postal Nom Informations<\/label>\n\t\t\t<input type=\"text\" id=\"wpforms-1089-field_3\" class=\"wpforms-field-medium\" name=\"wpforms[fields][3]\" >\n\t\t<\/div>\n\t\t<div id=\"wpforms-1089-field_1-container\" class=\"wpforms-field wpforms-field-name\" data-field-id=\"1\"><fieldset><legend class=\"wpforms-field-label\">Nom complet <span class=\"wpforms-required-label\" aria-hidden=\"true\">*<\/span><\/legend><div class=\"wpforms-field-row wpforms-field-medium\"><div class=\"wpforms-field-row-block wpforms-first wpforms-one-half\"><input type=\"text\" id=\"wpforms-1089-field_1\" class=\"wpforms-field-name-first wpforms-field-required\" name=\"wpforms[fields][1][first]\" aria-errormessage=\"wpforms-1089-field_1-error\" required><label for=\"wpforms-1089-field_1\" class=\"wpforms-field-sublabel after\">Nome<\/label><\/div><div class=\"wpforms-field-row-block wpforms-one-half\"><input type=\"text\" id=\"wpforms-1089-field_1-last\" class=\"wpforms-field-name-last wpforms-field-required\" name=\"wpforms[fields][1][last]\" aria-errormessage=\"wpforms-1089-field_1-last-error\" required><label for=\"wpforms-1089-field_1-last\" class=\"wpforms-field-sublabel after\">Cognome<\/label><\/div><\/div><\/fieldset><\/div><div id=\"wpforms-1089-field_58-container\" class=\"wpforms-field wpforms-field-text\" data-field-id=\"58\"><label class=\"wpforms-field-label\" for=\"wpforms-1089-field_58\">Soci\u00e9t\u00e9 <span class=\"wpforms-required-label\" aria-hidden=\"true\">*<\/span><\/label><input type=\"text\" id=\"wpforms-1089-field_58\" class=\"wpforms-field-medium wpforms-field-required\" name=\"wpforms[fields][58]\" aria-errormessage=\"wpforms-1089-field_58-error\" required><\/div><div id=\"wpforms-1089-field_2-container\" class=\"wpforms-field wpforms-field-email\" data-field-id=\"2\"><label class=\"wpforms-field-label\" for=\"wpforms-1089-field_2\">Email <span class=\"wpforms-required-label\" aria-hidden=\"true\">*<\/span><\/label><input type=\"email\" id=\"wpforms-1089-field_2\" class=\"wpforms-field-medium wpforms-field-required\" name=\"wpforms[fields][2]\" spellcheck=\"false\" aria-errormessage=\"wpforms-1089-field_2-error\" required><\/div><div id=\"wpforms-1089-field_46-container\" class=\"wpforms-field wpforms-field-text\" data-field-id=\"46\"><label class=\"wpforms-field-label\" for=\"wpforms-1089-field_46\">T\u00e9l\u00e9phone <span class=\"wpforms-required-label\" aria-hidden=\"true\">*<\/span><\/label><input type=\"text\" id=\"wpforms-1089-field_46\" class=\"wpforms-field-medium wpforms-field-required\" name=\"wpforms[fields][46]\" aria-errormessage=\"wpforms-1089-field_46-error\" required><\/div><div id=\"wpforms-1089-field_54-container\" class=\"wpforms-field wpforms-field-select wpforms-field-select-style-classic\" data-field-id=\"54\"><label class=\"wpforms-field-label\" for=\"wpforms-1089-field_54\">Produit <span class=\"wpforms-required-label\" aria-hidden=\"true\">*<\/span><\/label><select id=\"wpforms-1089-field_54\" class=\"wpforms-field-medium wpforms-field-required\" name=\"wpforms[fields][54]\" required=\"required\"><option value=\"Cl\u00e9 USB GNSS\"  class=\"choice-1 depth-1\"  >Cl\u00e9 USB GNSS<\/option><option value=\"Programmateur STM32\/ESP32\"  class=\"choice-2 depth-1\"  >Programmateur STM32\/ESP32<\/option><option value=\"Carte extension ANT-B10\"  class=\"choice-3 depth-1\"  >Carte extension ANT-B10<\/option><\/select><\/div><div id=\"wpforms-1089-field_57-container\" class=\"wpforms-field wpforms-field-number\" data-field-id=\"57\"><label class=\"wpforms-field-label\" for=\"wpforms-1089-field_57\">Quantit\u00e9 <span class=\"wpforms-required-label\" aria-hidden=\"true\">*<\/span><\/label><input type=\"number\" id=\"wpforms-1089-field_57\" class=\"wpforms-field-medium wpforms-field-required\" name=\"wpforms[fields][57]\" value=\"1\" min=\"1\" max=\"100\" step=\"any\" aria-errormessage=\"wpforms-1089-field_57-error\" required><\/div><div id=\"wpforms-1089-field_51-container\" class=\"wpforms-field wpforms-field-text\" data-field-id=\"51\"><label class=\"wpforms-field-label\" for=\"wpforms-1089-field_51\">Code postal <span class=\"wpforms-required-label\" aria-hidden=\"true\">*<\/span><\/label><input type=\"text\" id=\"wpforms-1089-field_51\" class=\"wpforms-field-medium wpforms-field-required\" name=\"wpforms[fields][51]\" aria-errormessage=\"wpforms-1089-field_51-error\" required><\/div><div id=\"wpforms-1089-field_52-container\" class=\"wpforms-field wpforms-field-text\" data-field-id=\"52\"><label class=\"wpforms-field-label\" for=\"wpforms-1089-field_52\">Pays <span class=\"wpforms-required-label\" aria-hidden=\"true\">*<\/span><\/label><input type=\"text\" id=\"wpforms-1089-field_52\" class=\"wpforms-field-medium wpforms-field-required\" name=\"wpforms[fields][52]\" aria-errormessage=\"wpforms-1089-field_52-error\" required><\/div><div id=\"wpforms-1089-field_7-container\" class=\"wpforms-field wpforms-field-textarea\" data-field-id=\"7\"><label class=\"wpforms-field-label\" for=\"wpforms-1089-field_7\">Informations compl\u00e9mentaire<\/label><textarea id=\"wpforms-1089-field_7\" class=\"wpforms-field-medium\" name=\"wpforms[fields][7]\" aria-errormessage=\"wpforms-1089-field_7-error\" ><\/textarea><\/div><script>\n\t\t\t\t( function() {\n\t\t\t\t\tconst style = document.createElement( 'style' );\n\t\t\t\t\tstyle.appendChild( document.createTextNode( '#wpforms-1089-field_3-container { position: absolute !important; overflow: hidden !important; display: inline !important; height: 1px !important; width: 1px !important; z-index: -1000 !important; padding: 0 !important; } #wpforms-1089-field_3-container input { visibility: hidden; } #wpforms-conversational-form-page #wpforms-1089-field_3-container label { counter-increment: none; }' ) );\n\t\t\t\t\tdocument.head.appendChild( style );\n\t\t\t\t\tdocument.currentScript?.remove();\n\t\t\t\t} )();\n\t\t\t<\/script><\/div><!-- .wpforms-field-container --><div class=\"wpforms-recaptcha-container wpforms-is-recaptcha wpforms-is-recaptcha-type-v2\" ><div class=\"g-recaptcha\" data-sitekey=\"6Le3qJkfAAAAAAkXaRvMirfZ7_c39j66WrS3Kb5H\"><\/div><input type=\"text\" name=\"g-recaptcha-hidden\" class=\"wpforms-recaptcha-hidden\" style=\"position:absolute!important;clip:rect(0,0,0,0)!important;height:1px!important;width:1px!important;border:0!important;overflow:hidden!important;padding:0!important;margin:0!important;\" data-rule-recaptcha=\"1\"><\/div><div class=\"wpforms-submit-container\" ><input type=\"hidden\" name=\"wpforms[id]\" value=\"1089\"><input type=\"hidden\" name=\"page_title\" value=\"\"><input type=\"hidden\" name=\"page_url\" value=\"https:\/\/mdtunisie.com\/it\/wp-json\/wp\/v2\/pages\/1104\"><input type=\"hidden\" name=\"url_referer\" value=\"\"><button type=\"submit\" name=\"wpforms[submit]\" id=\"wpforms-submit-1089\" class=\"wpforms-submit\" data-alt-text=\"Envoi en cours...\" data-submit-text=\"Envoyer\" aria-live=\"assertive\" value=\"wpforms-submit\">Envoyer<\/button><img loading=\"lazy\" decoding=\"async\" src=\"https:\/\/mdtunisie.com\/wp-content\/plugins\/wpforms-lite\/assets\/images\/submit-spin.svg\" class=\"wpforms-submit-spinner\" style=\"display: none;\" width=\"26\" height=\"26\" alt=\"Caricamento\"><\/div><\/form><\/div>  <!-- .wpforms-container --><\/div><\/div>\n\n\n\n<div class=\"wp-block-cover alignfull has-custom-content-position is-position-top-center\" style=\"min-height:60px;aspect-ratio:unset;\"><span aria-hidden=\"true\" class=\"wp-block-cover__background has-nv-light-bg-background-color has-background-dim-100 has-background-dim\"><\/span><div class=\"wp-block-cover__inner-container is-layout-constrained wp-block-cover-is-layout-constrained\">\n<p class=\"has-text-align-center has-neve-link-color-color has-text-color has-link-color wp-elements-6f1ef0452211a4e2a5770da552373032\">Copyright \u00a9 Micro Device Tunisie &#8211; 2025<\/p>\n<\/div><\/div>\n","protected":false},"excerpt":{"rendered":"<p>Siete interessati ai nostri prodotti? Richiedete subito un preventivo personalizzato e non vincolante!<\/p>","protected":false},"author":1,"featured_media":0,"parent":0,"menu_order":0,"comment_status":"closed","ping_status":"closed","template":"","meta":{"neve_meta_sidebar":"","neve_meta_container":"","neve_meta_enable_content_width":"","neve_meta_content_width":0,"neve_meta_title_alignment":"","neve_meta_author_avatar":"","neve_post_elements_order":"","neve_meta_disable_header":"","neve_meta_disable_footer":"","neve_meta_disable_title":"","footnotes":""},"class_list":["post-1104","page","type-page","status-publish","hentry"],"yoast_head":"<!-- This site is optimized with the Yoast SEO plugin v27.4 - https:\/\/yoast.com\/product\/yoast-seo-wordpress\/ -->\n<title>Devis - Micro Device Tunisie<\/title>\n<meta name=\"description\" content=\"Consultez nos produits et services et demandez d\u00e8s maintenant votre devis personnalis\u00e9, rapide et sans engagement.\" \/>\n<meta name=\"robots\" content=\"index, follow, max-snippet:-1, max-image-preview:large, max-video-preview:-1\" \/>\n<link rel=\"canonical\" href=\"https:\/\/mdtunisie.com\/it\/devis\/\" \/>\n<meta property=\"og:locale\" content=\"it_IT\" \/>\n<meta property=\"og:type\" content=\"article\" \/>\n<meta property=\"og:title\" content=\"Devis - Micro Device Tunisie\" \/>\n<meta property=\"og:description\" content=\"Consultez nos produits et services et demandez d\u00e8s maintenant votre devis personnalis\u00e9, rapide et sans engagement.\" \/>\n<meta property=\"og:url\" content=\"https:\/\/mdtunisie.com\/it\/devis\/\" \/>\n<meta property=\"og:site_name\" content=\"Micro Device Tunisie\" \/>\n<meta property=\"article:modified_time\" content=\"2025-05-15T22:18:43+00:00\" \/>\n<meta property=\"og:image\" content=\"https:\/\/mdtunisie.com\/wp-content\/uploads\/2025\/05\/mdt_banner_quote.webp\" \/>\n<meta name=\"twitter:card\" content=\"summary_large_image\" \/>\n<meta name=\"twitter:label1\" content=\"Tempo di lettura stimato\" \/>\n\t<meta name=\"twitter:data1\" content=\"1 minuto\" \/>\n<script type=\"application\/ld+json\" class=\"yoast-schema-graph\">{\"@context\":\"https:\\\/\\\/schema.org\",\"@graph\":[{\"@type\":\"WebPage\",\"@id\":\"https:\\\/\\\/mdtunisie.com\\\/devis\\\/\",\"url\":\"https:\\\/\\\/mdtunisie.com\\\/devis\\\/\",\"name\":\"Devis - Micro Device Tunisie\",\"isPartOf\":{\"@id\":\"https:\\\/\\\/mdtunisie.com\\\/#website\"},\"primaryImageOfPage\":{\"@id\":\"https:\\\/\\\/mdtunisie.com\\\/devis\\\/#primaryimage\"},\"image\":{\"@id\":\"https:\\\/\\\/mdtunisie.com\\\/devis\\\/#primaryimage\"},\"thumbnailUrl\":\"https:\\\/\\\/mdtunisie.com\\\/wp-content\\\/uploads\\\/2025\\\/05\\\/mdt_banner_quote.webp\",\"datePublished\":\"2025-05-15T21:47:59+00:00\",\"dateModified\":\"2025-05-15T22:18:43+00:00\",\"description\":\"Consultez nos produits et services et demandez d\u00e8s maintenant votre devis personnalis\u00e9, rapide et sans engagement.\",\"breadcrumb\":{\"@id\":\"https:\\\/\\\/mdtunisie.com\\\/devis\\\/#breadcrumb\"},\"inLanguage\":\"it-IT\",\"potentialAction\":[{\"@type\":\"ReadAction\",\"target\":[\"https:\\\/\\\/mdtunisie.com\\\/devis\\\/\"]}]},{\"@type\":\"ImageObject\",\"inLanguage\":\"it-IT\",\"@id\":\"https:\\\/\\\/mdtunisie.com\\\/devis\\\/#primaryimage\",\"url\":\"https:\\\/\\\/mdtunisie.com\\\/wp-content\\\/uploads\\\/2025\\\/05\\\/mdt_banner_quote.webp\",\"contentUrl\":\"https:\\\/\\\/mdtunisie.com\\\/wp-content\\\/uploads\\\/2025\\\/05\\\/mdt_banner_quote.webp\"},{\"@type\":\"BreadcrumbList\",\"@id\":\"https:\\\/\\\/mdtunisie.com\\\/devis\\\/#breadcrumb\",\"itemListElement\":[{\"@type\":\"ListItem\",\"position\":1,\"name\":\"Accueil\",\"item\":\"https:\\\/\\\/mdtunisie.com\\\/\"},{\"@type\":\"ListItem\",\"position\":2,\"name\":\"Devis\"}]},{\"@type\":\"WebSite\",\"@id\":\"https:\\\/\\\/mdtunisie.com\\\/#website\",\"url\":\"https:\\\/\\\/mdtunisie.com\\\/\",\"name\":\"Micro Device Tunisie\",\"description\":\"Imaginons ensemble les innovations de demain\",\"alternateName\":\"Micro Device Tunisia\",\"potentialAction\":[{\"@type\":\"SearchAction\",\"target\":{\"@type\":\"EntryPoint\",\"urlTemplate\":\"https:\\\/\\\/mdtunisie.com\\\/?s={search_term_string}\"},\"query-input\":{\"@type\":\"PropertyValueSpecification\",\"valueRequired\":true,\"valueName\":\"search_term_string\"}}],\"inLanguage\":\"it-IT\"}]}<\/script>\n<!-- \/ Yoast SEO plugin. -->","yoast_head_json":{"title":"Devis - Micro Device Tunisie","description":"Consultez nos produits et services et demandez d\u00e8s maintenant votre devis personnalis\u00e9, rapide et sans engagement.","robots":{"index":"index","follow":"follow","max-snippet":"max-snippet:-1","max-image-preview":"max-image-preview:large","max-video-preview":"max-video-preview:-1"},"canonical":"https:\/\/mdtunisie.com\/it\/devis\/","og_locale":"it_IT","og_type":"article","og_title":"Devis - Micro Device Tunisie","og_description":"Consultez nos produits et services et demandez d\u00e8s maintenant votre devis personnalis\u00e9, rapide et sans engagement.","og_url":"https:\/\/mdtunisie.com\/it\/devis\/","og_site_name":"Micro Device Tunisie","article_modified_time":"2025-05-15T22:18:43+00:00","og_image":[{"url":"https:\/\/mdtunisie.com\/wp-content\/uploads\/2025\/05\/mdt_banner_quote.webp","type":"","width":"","height":""}],"twitter_card":"summary_large_image","twitter_misc":{"Tempo di lettura stimato":"1 minuto"},"schema":{"@context":"https:\/\/schema.org","@graph":[{"@type":"WebPage","@id":"https:\/\/mdtunisie.com\/devis\/","url":"https:\/\/mdtunisie.com\/devis\/","name":"Devis - Micro Device Tunisie","isPartOf":{"@id":"https:\/\/mdtunisie.com\/#website"},"primaryImageOfPage":{"@id":"https:\/\/mdtunisie.com\/devis\/#primaryimage"},"image":{"@id":"https:\/\/mdtunisie.com\/devis\/#primaryimage"},"thumbnailUrl":"https:\/\/mdtunisie.com\/wp-content\/uploads\/2025\/05\/mdt_banner_quote.webp","datePublished":"2025-05-15T21:47:59+00:00","dateModified":"2025-05-15T22:18:43+00:00","description":"Consultez nos produits et services et demandez d\u00e8s maintenant votre devis personnalis\u00e9, rapide et sans engagement.","breadcrumb":{"@id":"https:\/\/mdtunisie.com\/devis\/#breadcrumb"},"inLanguage":"it-IT","potentialAction":[{"@type":"ReadAction","target":["https:\/\/mdtunisie.com\/devis\/"]}]},{"@type":"ImageObject","inLanguage":"it-IT","@id":"https:\/\/mdtunisie.com\/devis\/#primaryimage","url":"https:\/\/mdtunisie.com\/wp-content\/uploads\/2025\/05\/mdt_banner_quote.webp","contentUrl":"https:\/\/mdtunisie.com\/wp-content\/uploads\/2025\/05\/mdt_banner_quote.webp"},{"@type":"BreadcrumbList","@id":"https:\/\/mdtunisie.com\/devis\/#breadcrumb","itemListElement":[{"@type":"ListItem","position":1,"name":"Accueil","item":"https:\/\/mdtunisie.com\/"},{"@type":"ListItem","position":2,"name":"Devis"}]},{"@type":"WebSite","@id":"https:\/\/mdtunisie.com\/#website","url":"https:\/\/mdtunisie.com\/","name":"Micro Device Tunisia","description":"Lavorare insieme per immaginare le innovazioni di domani","alternateName":"Micro Device Tunisia","potentialAction":[{"@type":"SearchAction","target":{"@type":"EntryPoint","urlTemplate":"https:\/\/mdtunisie.com\/?s={search_term_string}"},"query-input":{"@type":"PropertyValueSpecification","valueRequired":true,"valueName":"search_term_string"}}],"inLanguage":"it-IT"}]}},"jetpack_sharing_enabled":true,"jetpack_likes_enabled":true,"_links":{"self":[{"href":"https:\/\/mdtunisie.com\/it\/wp-json\/wp\/v2\/pages\/1104","targetHints":{"allow":["GET"]}}],"collection":[{"href":"https:\/\/mdtunisie.com\/it\/wp-json\/wp\/v2\/pages"}],"about":[{"href":"https:\/\/mdtunisie.com\/it\/wp-json\/wp\/v2\/types\/page"}],"author":[{"embeddable":true,"href":"https:\/\/mdtunisie.com\/it\/wp-json\/wp\/v2\/users\/1"}],"replies":[{"embeddable":true,"href":"https:\/\/mdtunisie.com\/it\/wp-json\/wp\/v2\/comments?post=1104"}],"version-history":[{"count":4,"href":"https:\/\/mdtunisie.com\/it\/wp-json\/wp\/v2\/pages\/1104\/revisions"}],"predecessor-version":[{"id":1121,"href":"https:\/\/mdtunisie.com\/it\/wp-json\/wp\/v2\/pages\/1104\/revisions\/1121"}],"wp:attachment":[{"href":"https:\/\/mdtunisie.com\/it\/wp-json\/wp\/v2\/media?parent=1104"}],"curies":[{"name":"wp","href":"https:\/\/api.w.org\/{rel}","templated":true}]}}