{"id":443,"date":"2021-05-15T22:48:29","date_gmt":"2021-05-15T20:48:29","guid":{"rendered":"http:\/\/mdtunisie.com\/?page_id=443"},"modified":"2025-01-11T20:47:07","modified_gmt":"2025-01-11T19:47:07","slug":"project-form","status":"publish","type":"page","link":"https:\/\/mdtunisie.com\/it\/project-form\/","title":{"rendered":"Project Form"},"content":{"rendered":"\n<div class=\"wp-block-cover\" style=\"min-height:250px;aspect-ratio:unset;\"><span aria-hidden=\"true\" class=\"wp-block-cover__background has-background-dim\" style=\"background-color:#6c6260\"><\/span><img data-recalc-dims=\"1\" loading=\"lazy\" decoding=\"async\" width=\"1200\" height=\"801\" sizes=\"auto, (max-width: 1200px) 100vw, 1200px\" class=\"wp-block-cover__image-background wp-image-703\" alt=\"\" src=\"https:\/\/i0.wp.com\/mdtunisie.com\/wp-content\/uploads\/2024\/08\/pexels-fauxels-3183150-1-scaled.jpg?resize=1200%2C801&#038;ssl=1\" data-object-fit=\"cover\" srcset=\"https:\/\/i0.wp.com\/mdtunisie.com\/wp-content\/uploads\/2024\/08\/pexels-fauxels-3183150-1-scaled.jpg?w=2560&amp;ssl=1 2560w, https:\/\/i0.wp.com\/mdtunisie.com\/wp-content\/uploads\/2024\/08\/pexels-fauxels-3183150-1-scaled.jpg?resize=300%2C200&amp;ssl=1 300w, https:\/\/i0.wp.com\/mdtunisie.com\/wp-content\/uploads\/2024\/08\/pexels-fauxels-3183150-1-scaled.jpg?resize=1024%2C683&amp;ssl=1 1024w, https:\/\/i0.wp.com\/mdtunisie.com\/wp-content\/uploads\/2024\/08\/pexels-fauxels-3183150-1-scaled.jpg?resize=768%2C513&amp;ssl=1 768w, https:\/\/i0.wp.com\/mdtunisie.com\/wp-content\/uploads\/2024\/08\/pexels-fauxels-3183150-1-scaled.jpg?resize=1536%2C1025&amp;ssl=1 1536w, https:\/\/i0.wp.com\/mdtunisie.com\/wp-content\/uploads\/2024\/08\/pexels-fauxels-3183150-1-scaled.jpg?resize=2048%2C1367&amp;ssl=1 2048w, https:\/\/i0.wp.com\/mdtunisie.com\/wp-content\/uploads\/2024\/08\/pexels-fauxels-3183150-1-scaled.jpg?resize=930%2C620&amp;ssl=1 930w, https:\/\/i0.wp.com\/mdtunisie.com\/wp-content\/uploads\/2024\/08\/pexels-fauxels-3183150-1-scaled.jpg?w=2400&amp;ssl=1 2400w\" \/><div class=\"wp-block-cover__inner-container is-layout-constrained wp-block-cover-is-layout-constrained\">\n<h2 class=\"wp-block-heading\">Parlez nous de votre projet<\/h2>\n<\/div><\/div>\n\n\n\n<p>Nous serions ravis de le d\u00e9couvrir ! Partagez avec nous vos id\u00e9es, vos besoins et vos attentes, et ensemble, construisons la solution qui vous correspond. Plus nous en saurons, mieux nous pourrons vous accompagner dans la r\u00e9alisation de votre projet. Contactez nous d\u00e8s maintenant pour commencer cette aventure !<\/p>\n\n\n\n<div class=\"wp-block-columns has-nv-dark-bg-background-color has-background is-layout-flex wp-container-core-columns-is-layout-9d6595d7 wp-block-columns-is-layout-flex\">\n<div class=\"wp-block-column is-layout-flow wp-block-column-is-layout-flow\"><\/div>\n\n\n\n<div class=\"wp-block-column is-layout-flow wp-block-column-is-layout-flow\" style=\"flex-basis:100%\"><div class=\"wpforms-container wpforms-container-full wpforms-block wpforms-block-2b342c51-e192-4c50-8403-3c1ad93b31df wpforms-render-modern\" id=\"wpforms-444\"><form id=\"wpforms-form-444\" class=\"wpforms-validate wpforms-form\" data-formid=\"444\" method=\"post\" enctype=\"multipart\/form-data\" action=\"\/it\/wp-json\/wp\/v2\/pages\/443\" data-token=\"e89b33f1749ab5d9592c2201fd08c98b\" data-token-time=\"1776965860\"><noscript class=\"wpforms-error-noscript\">Abilita JavaScript nel browser per completare questo modulo.<\/noscript><div id=\"wpforms-error-noscript\" style=\"display: none;\">Abilita JavaScript nel browser per completare questo modulo.<\/div><div class=\"wpforms-field-container\"><div id=\"wpforms-444-field_1-container\" class=\"wpforms-field wpforms-field-select wpforms-field-select-style-modern\" data-field-id=\"1\"><label class=\"wpforms-field-label\" for=\"wpforms-444-field_1\">Salutation<\/label><select id=\"wpforms-444-field_1\" class=\"wpforms-field-medium choicesjs-select\" data-size-class=\"wpforms-field-row wpforms-field-medium\" data-search-enabled=\"\" name=\"wpforms[fields][1]\"><option value=\"\" class=\"placeholder\" disabled  selected='selected'>Salutation<\/option><option value=\"Aucune\"  class=\"choice-1 depth-1\"  >Aucune<\/option><option value=\"M.\"  class=\"choice-2 depth-1\"  >M.<\/option><option value=\"Mme.\"  class=\"choice-3 depth-1\"  >Mme.<\/option><\/select><\/div><div id=\"wpforms-444-field_2-container\" class=\"wpforms-field wpforms-field-name\" data-field-id=\"2\"><fieldset><legend class=\"wpforms-field-label\">Nom, pr\u00e9nom <span class=\"wpforms-required-label\" aria-hidden=\"true\">*<\/span><\/legend><div class=\"wpforms-field-row wpforms-field-medium\"><div class=\"wpforms-field-row-block wpforms-first wpforms-one-half\"><input type=\"text\" id=\"wpforms-444-field_2\" class=\"wpforms-field-name-first wpforms-field-required\" name=\"wpforms[fields][2][first]\" placeholder=\"Nom\" aria-errormessage=\"wpforms-444-field_2-error\" required><label for=\"wpforms-444-field_2\" class=\"wpforms-field-sublabel after wpforms-sublabel-hide\">Nome<\/label><\/div><div class=\"wpforms-field-row-block wpforms-one-half\"><input type=\"text\" id=\"wpforms-444-field_2-last\" class=\"wpforms-field-name-last wpforms-field-required\" name=\"wpforms[fields][2][last]\" placeholder=\"Pr\u00e9nom\" aria-errormessage=\"wpforms-444-field_2-last-error\" required><label for=\"wpforms-444-field_2-last\" class=\"wpforms-field-sublabel after wpforms-sublabel-hide\">Cognome<\/label><\/div><\/div><\/fieldset><\/div><div id=\"wpforms-444-field_4-container\" class=\"wpforms-field wpforms-field-email\" data-field-id=\"4\"><label class=\"wpforms-field-label\" for=\"wpforms-444-field_4\">Email <span class=\"wpforms-required-label\" aria-hidden=\"true\">*<\/span><\/label><input type=\"email\" id=\"wpforms-444-field_4\" class=\"wpforms-field-medium wpforms-field-required\" name=\"wpforms[fields][4]\" placeholder=\"Email\" spellcheck=\"false\" aria-errormessage=\"wpforms-444-field_4-error\" required><\/div><div id=\"wpforms-444-field_5-container\" class=\"wpforms-field wpforms-field-text\" data-field-id=\"5\"><label class=\"wpforms-field-label\" for=\"wpforms-444-field_5\">Num\u00e9ro t\u00e9l\u00e9phone <span class=\"wpforms-required-label\" aria-hidden=\"true\">*<\/span><\/label><input type=\"text\" id=\"wpforms-444-field_5\" class=\"wpforms-field-medium wpforms-field-required\" name=\"wpforms[fields][5]\" aria-errormessage=\"wpforms-444-field_5-error\" required><\/div><div id=\"wpforms-444-field_6-container\" class=\"wpforms-field wpforms-field-text\" data-field-id=\"6\"><label class=\"wpforms-field-label\" for=\"wpforms-444-field_6\">Nom de votre enreprise <span class=\"wpforms-required-label\" aria-hidden=\"true\">*<\/span><\/label><input type=\"text\" id=\"wpforms-444-field_6\" class=\"wpforms-field-medium wpforms-field-required\" name=\"wpforms[fields][6]\" aria-errormessage=\"wpforms-444-field_6-error\" required><\/div><div id=\"wpforms-444-field_7-container\" class=\"wpforms-field wpforms-field-text\" data-field-id=\"7\"><label class=\"wpforms-field-label\" for=\"wpforms-444-field_7\">Votre fonction dans l&#039;entreprise <span class=\"wpforms-required-label\" aria-hidden=\"true\">*<\/span><\/label><input type=\"text\" id=\"wpforms-444-field_7\" class=\"wpforms-field-medium wpforms-field-required\" name=\"wpforms[fields][7]\" aria-errormessage=\"wpforms-444-field_7-error\" required><\/div><div id=\"wpforms-444-field_8-container\" class=\"wpforms-field wpforms-field-select wpforms-field-select-style-classic\" data-field-id=\"8\"><label class=\"wpforms-field-label\" for=\"wpforms-444-field_8\">Taille de l&#039;entreprise <span class=\"wpforms-required-label\" aria-hidden=\"true\">*<\/span><\/label><select id=\"wpforms-444-field_8\" class=\"wpforms-field-medium wpforms-field-required\" name=\"wpforms[fields][8]\" required=\"required\"><option value=\"1-10\"  class=\"choice-1 depth-1\"  >1-10<\/option><option value=\"11-100\"  class=\"choice-2 depth-1\"  >11-100<\/option><option value=\"101-1000\"  class=\"choice-3 depth-1\"  >101-1000<\/option><option value=\"&gt;1000\"  class=\"choice-4 depth-1\"  >&gt;1000<\/option><\/select><\/div><div id=\"wpforms-444-field_14-container\" class=\"wpforms-field wpforms-field-textarea\" data-field-id=\"14\"><label class=\"wpforms-field-label\" for=\"wpforms-444-field_14\">Adresse<\/label><textarea id=\"wpforms-444-field_14\" class=\"wpforms-field-medium\" name=\"wpforms[fields][14]\" aria-errormessage=\"wpforms-444-field_14-error\" ><\/textarea><\/div><div id=\"wpforms-444-field_15-container\" class=\"wpforms-field wpforms-field-text\" data-field-id=\"15\"><label class=\"wpforms-field-label\" for=\"wpforms-444-field_15\">Pays <span class=\"wpforms-required-label\" aria-hidden=\"true\">*<\/span><\/label><input type=\"text\" id=\"wpforms-444-field_15\" class=\"wpforms-field-medium wpforms-field-required\" name=\"wpforms[fields][15]\" aria-errormessage=\"wpforms-444-field_15-error\" required><\/div><div id=\"wpforms-444-field_16-container\" class=\"wpforms-field wpforms-field-text\" data-field-id=\"16\"><label class=\"wpforms-field-label\" for=\"wpforms-444-field_16\">Nom du projet<\/label><input type=\"text\" id=\"wpforms-444-field_16\" class=\"wpforms-field-medium\" name=\"wpforms[fields][16]\" aria-errormessage=\"wpforms-444-field_16-error\" ><\/div><div id=\"wpforms-444-field_17-container\" class=\"wpforms-field wpforms-field-textarea\" data-field-id=\"17\"><label class=\"wpforms-field-label\" for=\"wpforms-444-field_17\">Description du projet<\/label><textarea id=\"wpforms-444-field_17\" class=\"wpforms-field-medium\" name=\"wpforms[fields][17]\" aria-errormessage=\"wpforms-444-field_17-error\" ><\/textarea><\/div><\/div><!-- .wpforms-field-container --><div class=\"wpforms-recaptcha-container wpforms-is-recaptcha wpforms-is-recaptcha-type-v2\" ><div class=\"g-recaptcha\" data-sitekey=\"6Le3qJkfAAAAAAkXaRvMirfZ7_c39j66WrS3Kb5H\"><\/div><input type=\"text\" name=\"g-recaptcha-hidden\" class=\"wpforms-recaptcha-hidden\" style=\"position:absolute!important;clip:rect(0,0,0,0)!important;height:1px!important;width:1px!important;border:0!important;overflow:hidden!important;padding:0!important;margin:0!important;\" data-rule-recaptcha=\"1\"><\/div><div class=\"wpforms-submit-container\" ><input type=\"hidden\" name=\"wpforms[id]\" value=\"444\"><input type=\"hidden\" name=\"page_title\" value=\"\"><input type=\"hidden\" name=\"page_url\" value=\"https:\/\/mdtunisie.com\/it\/wp-json\/wp\/v2\/pages\/443\"><input type=\"hidden\" name=\"url_referer\" value=\"\"><button type=\"submit\" name=\"wpforms[submit]\" id=\"wpforms-submit-444\" class=\"wpforms-submit\" data-alt-text=\"Envoi en cours\" data-submit-text=\"Envoyer\" aria-live=\"assertive\" value=\"wpforms-submit\">Envoyer<\/button><\/div><\/form><\/div>  <!-- .wpforms-container --><\/div>\n\n\n\n<div class=\"wp-block-column is-layout-flow wp-block-column-is-layout-flow\"><\/div>\n\n\n\n<div class=\"wp-block-column is-layout-flow wp-block-column-is-layout-flow\"><\/div>\n<\/div>\n\n\n\n<div class=\"wp-block-cover alignfull has-custom-content-position is-position-top-center\" style=\"min-height:60px;aspect-ratio:unset;\"><span aria-hidden=\"true\" class=\"wp-block-cover__background has-nv-light-bg-background-color has-background-dim-100 has-background-dim\"><\/span><div class=\"wp-block-cover__inner-container is-layout-constrained wp-block-cover-is-layout-constrained\">\n<p class=\"has-text-align-center has-neve-link-color-color has-text-color has-link-color wp-elements-6f1ef0452211a4e2a5770da552373032\">Copyright \u00a9 Micro Device Tunisie &#8211; 2025<\/p>\n<\/div><\/div>\n","protected":false},"excerpt":{"rendered":"<p>Ci piacerebbe sentirne parlare! Condividete con noi le vostre idee, esigenze e aspettative e insieme costruiremo la soluzione pi\u00f9 adatta a voi. Pi\u00f9 cose sappiamo, meglio possiamo aiutarvi a realizzare il vostro progetto. Contattateci subito per iniziare!<\/p>","protected":false},"author":1,"featured_media":699,"parent":0,"menu_order":0,"comment_status":"closed","ping_status":"closed","template":"","meta":{"neve_meta_sidebar":"default","neve_meta_container":"","neve_meta_enable_content_width":"on","neve_meta_content_width":100,"neve_meta_title_alignment":"","neve_meta_author_avatar":"","neve_post_elements_order":"","neve_meta_disable_header":"off","neve_meta_disable_footer":"on","neve_meta_disable_title":"on","footnotes":""},"class_list":["post-443","page","type-page","status-publish","has-post-thumbnail","hentry"],"yoast_head":"<!-- This site is optimized with the Yoast SEO plugin v27.4 - https:\/\/yoast.com\/product\/yoast-seo-wordpress\/ -->\n<title>Project Form - Micro Device Tunisie<\/title>\n<meta name=\"description\" content=\"Parlez nous de votre projet. Entrez les d\u00e9tails pr\u00e9liminaires et nous rentrerons en contact avec vous pour donner suite.\" \/>\n<meta name=\"robots\" content=\"index, follow, max-snippet:-1, max-image-preview:large, max-video-preview:-1\" \/>\n<link rel=\"canonical\" href=\"https:\/\/mdtunisie.com\/it\/project-form\/\" \/>\n<meta property=\"og:locale\" content=\"it_IT\" \/>\n<meta property=\"og:type\" content=\"article\" \/>\n<meta property=\"og:title\" content=\"Project Form - Micro Device Tunisie\" \/>\n<meta property=\"og:description\" content=\"Parlez nous de votre projet. Entrez les d\u00e9tails pr\u00e9liminaires et nous rentrerons en contact avec vous pour donner suite.\" \/>\n<meta property=\"og:url\" content=\"https:\/\/mdtunisie.com\/it\/project-form\/\" \/>\n<meta property=\"og:site_name\" content=\"Micro Device Tunisie\" \/>\n<meta property=\"article:modified_time\" content=\"2025-01-11T19:47:07+00:00\" \/>\n<meta property=\"og:image\" content=\"https:\/\/i0.wp.com\/mdtunisie.com\/wp-content\/uploads\/2024\/08\/pexels-fauxels-3183150-scaled.jpg?fit=2560%2C1708&ssl=1\" \/>\n\t<meta property=\"og:image:width\" content=\"2560\" \/>\n\t<meta property=\"og:image:height\" content=\"1708\" \/>\n\t<meta property=\"og:image:type\" content=\"image\/jpeg\" \/>\n<meta name=\"twitter:card\" content=\"summary_large_image\" \/>\n<meta name=\"twitter:label1\" content=\"Tempo di lettura stimato\" \/>\n\t<meta name=\"twitter:data1\" content=\"1 minuto\" \/>\n<script type=\"application\/ld+json\" class=\"yoast-schema-graph\">{\"@context\":\"https:\\\/\\\/schema.org\",\"@graph\":[{\"@type\":\"WebPage\",\"@id\":\"https:\\\/\\\/mdtunisie.com\\\/project-form\\\/\",\"url\":\"https:\\\/\\\/mdtunisie.com\\\/project-form\\\/\",\"name\":\"Project Form - Micro Device Tunisie\",\"isPartOf\":{\"@id\":\"https:\\\/\\\/mdtunisie.com\\\/#website\"},\"primaryImageOfPage\":{\"@id\":\"https:\\\/\\\/mdtunisie.com\\\/project-form\\\/#primaryimage\"},\"image\":{\"@id\":\"https:\\\/\\\/mdtunisie.com\\\/project-form\\\/#primaryimage\"},\"thumbnailUrl\":\"https:\\\/\\\/i0.wp.com\\\/mdtunisie.com\\\/wp-content\\\/uploads\\\/2024\\\/08\\\/pexels-fauxels-3183150-scaled.jpg?fit=2560%2C1708&ssl=1\",\"datePublished\":\"2021-05-15T20:48:29+00:00\",\"dateModified\":\"2025-01-11T19:47:07+00:00\",\"description\":\"Parlez nous de votre projet. Entrez les d\u00e9tails pr\u00e9liminaires et nous rentrerons en contact avec vous pour donner suite.\",\"breadcrumb\":{\"@id\":\"https:\\\/\\\/mdtunisie.com\\\/project-form\\\/#breadcrumb\"},\"inLanguage\":\"it-IT\",\"potentialAction\":[{\"@type\":\"ReadAction\",\"target\":[\"https:\\\/\\\/mdtunisie.com\\\/project-form\\\/\"]}]},{\"@type\":\"ImageObject\",\"inLanguage\":\"it-IT\",\"@id\":\"https:\\\/\\\/mdtunisie.com\\\/project-form\\\/#primaryimage\",\"url\":\"https:\\\/\\\/i0.wp.com\\\/mdtunisie.com\\\/wp-content\\\/uploads\\\/2024\\\/08\\\/pexels-fauxels-3183150-scaled.jpg?fit=2560%2C1708&ssl=1\",\"contentUrl\":\"https:\\\/\\\/i0.wp.com\\\/mdtunisie.com\\\/wp-content\\\/uploads\\\/2024\\\/08\\\/pexels-fauxels-3183150-scaled.jpg?fit=2560%2C1708&ssl=1\",\"width\":2560,\"height\":1708},{\"@type\":\"BreadcrumbList\",\"@id\":\"https:\\\/\\\/mdtunisie.com\\\/project-form\\\/#breadcrumb\",\"itemListElement\":[{\"@type\":\"ListItem\",\"position\":1,\"name\":\"Accueil\",\"item\":\"https:\\\/\\\/mdtunisie.com\\\/\"},{\"@type\":\"ListItem\",\"position\":2,\"name\":\"Project Form\"}]},{\"@type\":\"WebSite\",\"@id\":\"https:\\\/\\\/mdtunisie.com\\\/#website\",\"url\":\"https:\\\/\\\/mdtunisie.com\\\/\",\"name\":\"Micro Device Tunisie\",\"description\":\"Imaginons ensemble les innovations de demain\",\"alternateName\":\"Micro Device Tunisia\",\"potentialAction\":[{\"@type\":\"SearchAction\",\"target\":{\"@type\":\"EntryPoint\",\"urlTemplate\":\"https:\\\/\\\/mdtunisie.com\\\/?s={search_term_string}\"},\"query-input\":{\"@type\":\"PropertyValueSpecification\",\"valueRequired\":true,\"valueName\":\"search_term_string\"}}],\"inLanguage\":\"it-IT\"}]}<\/script>\n<!-- \/ Yoast SEO plugin. -->","yoast_head_json":{"title":"Project Form - Micro Device Tunisie","description":"Parlez nous de votre projet. Entrez les d\u00e9tails pr\u00e9liminaires et nous rentrerons en contact avec vous pour donner suite.","robots":{"index":"index","follow":"follow","max-snippet":"max-snippet:-1","max-image-preview":"max-image-preview:large","max-video-preview":"max-video-preview:-1"},"canonical":"https:\/\/mdtunisie.com\/it\/project-form\/","og_locale":"it_IT","og_type":"article","og_title":"Project Form - Micro Device Tunisie","og_description":"Parlez nous de votre projet. Entrez les d\u00e9tails pr\u00e9liminaires et nous rentrerons en contact avec vous pour donner suite.","og_url":"https:\/\/mdtunisie.com\/it\/project-form\/","og_site_name":"Micro Device Tunisie","article_modified_time":"2025-01-11T19:47:07+00:00","og_image":[{"width":2560,"height":1708,"url":"https:\/\/i0.wp.com\/mdtunisie.com\/wp-content\/uploads\/2024\/08\/pexels-fauxels-3183150-scaled.jpg?fit=2560%2C1708&ssl=1","type":"image\/jpeg"}],"twitter_card":"summary_large_image","twitter_misc":{"Tempo di lettura stimato":"1 minuto"},"schema":{"@context":"https:\/\/schema.org","@graph":[{"@type":"WebPage","@id":"https:\/\/mdtunisie.com\/project-form\/","url":"https:\/\/mdtunisie.com\/project-form\/","name":"Project Form - Micro Device Tunisie","isPartOf":{"@id":"https:\/\/mdtunisie.com\/#website"},"primaryImageOfPage":{"@id":"https:\/\/mdtunisie.com\/project-form\/#primaryimage"},"image":{"@id":"https:\/\/mdtunisie.com\/project-form\/#primaryimage"},"thumbnailUrl":"https:\/\/i0.wp.com\/mdtunisie.com\/wp-content\/uploads\/2024\/08\/pexels-fauxels-3183150-scaled.jpg?fit=2560%2C1708&ssl=1","datePublished":"2021-05-15T20:48:29+00:00","dateModified":"2025-01-11T19:47:07+00:00","description":"Parlez nous de votre projet. Entrez les d\u00e9tails pr\u00e9liminaires et nous rentrerons en contact avec vous pour donner suite.","breadcrumb":{"@id":"https:\/\/mdtunisie.com\/project-form\/#breadcrumb"},"inLanguage":"it-IT","potentialAction":[{"@type":"ReadAction","target":["https:\/\/mdtunisie.com\/project-form\/"]}]},{"@type":"ImageObject","inLanguage":"it-IT","@id":"https:\/\/mdtunisie.com\/project-form\/#primaryimage","url":"https:\/\/i0.wp.com\/mdtunisie.com\/wp-content\/uploads\/2024\/08\/pexels-fauxels-3183150-scaled.jpg?fit=2560%2C1708&ssl=1","contentUrl":"https:\/\/i0.wp.com\/mdtunisie.com\/wp-content\/uploads\/2024\/08\/pexels-fauxels-3183150-scaled.jpg?fit=2560%2C1708&ssl=1","width":2560,"height":1708},{"@type":"BreadcrumbList","@id":"https:\/\/mdtunisie.com\/project-form\/#breadcrumb","itemListElement":[{"@type":"ListItem","position":1,"name":"Accueil","item":"https:\/\/mdtunisie.com\/"},{"@type":"ListItem","position":2,"name":"Project Form"}]},{"@type":"WebSite","@id":"https:\/\/mdtunisie.com\/#website","url":"https:\/\/mdtunisie.com\/","name":"Micro Device Tunisia","description":"Lavorare insieme per immaginare le innovazioni di domani","alternateName":"Micro Device Tunisia","potentialAction":[{"@type":"SearchAction","target":{"@type":"EntryPoint","urlTemplate":"https:\/\/mdtunisie.com\/?s={search_term_string}"},"query-input":{"@type":"PropertyValueSpecification","valueRequired":true,"valueName":"search_term_string"}}],"inLanguage":"it-IT"}]}},"jetpack_sharing_enabled":true,"jetpack_likes_enabled":true,"_links":{"self":[{"href":"https:\/\/mdtunisie.com\/it\/wp-json\/wp\/v2\/pages\/443","targetHints":{"allow":["GET"]}}],"collection":[{"href":"https:\/\/mdtunisie.com\/it\/wp-json\/wp\/v2\/pages"}],"about":[{"href":"https:\/\/mdtunisie.com\/it\/wp-json\/wp\/v2\/types\/page"}],"author":[{"embeddable":true,"href":"https:\/\/mdtunisie.com\/it\/wp-json\/wp\/v2\/users\/1"}],"replies":[{"embeddable":true,"href":"https:\/\/mdtunisie.com\/it\/wp-json\/wp\/v2\/comments?post=443"}],"version-history":[{"count":19,"href":"https:\/\/mdtunisie.com\/it\/wp-json\/wp\/v2\/pages\/443\/revisions"}],"predecessor-version":[{"id":988,"href":"https:\/\/mdtunisie.com\/it\/wp-json\/wp\/v2\/pages\/443\/revisions\/988"}],"wp:featuredmedia":[{"embeddable":true,"href":"https:\/\/mdtunisie.com\/it\/wp-json\/wp\/v2\/media\/699"}],"wp:attachment":[{"href":"https:\/\/mdtunisie.com\/it\/wp-json\/wp\/v2\/media?parent=443"}],"curies":[{"name":"wp","href":"https:\/\/api.w.org\/{rel}","templated":true}]}}