{"id":475,"date":"2022-08-20T01:12:52","date_gmt":"2022-08-19T23:12:52","guid":{"rendered":"http:\/\/mdtunisie.com\/?page_id=475"},"modified":"2025-07-13T17:10:29","modified_gmt":"2025-07-13T15:10:29","slug":"carriere","status":"publish","type":"page","link":"https:\/\/mdtunisie.com\/it\/carriere\/","title":{"rendered":"Carriera"},"content":{"rendered":"<hr class=\"wp-block-separator has-alpha-channel-opacity\"\/>\n\n\n\n<div class=\"wp-block-cover aligncenter has-custom-content-position is-position-center-left\" style=\"min-height:604px;aspect-ratio:unset;\"><span aria-hidden=\"true\" class=\"wp-block-cover__background has-background-dim\"><\/span><img data-recalc-dims=\"1\" loading=\"lazy\" decoding=\"async\" width=\"1024\" height=\"683\" sizes=\"auto, (max-width: 1200px) 100vw, 1200px\" class=\"wp-block-cover__image-background wp-image-477\" alt=\"job offering\" src=\"https:\/\/i0.wp.com\/mdtunisie.com\/wp-content\/uploads\/2022\/08\/pexels-thisisengineering-3861958-1-1024x683.jpg?resize=1024%2C683\" data-object-fit=\"cover\" srcset=\"https:\/\/i0.wp.com\/mdtunisie.com\/wp-content\/uploads\/2022\/08\/pexels-thisisengineering-3861958-1.jpg?resize=1024%2C683&amp;ssl=1 1024w, https:\/\/i0.wp.com\/mdtunisie.com\/wp-content\/uploads\/2022\/08\/pexels-thisisengineering-3861958-1.jpg?resize=300%2C200&amp;ssl=1 300w, https:\/\/i0.wp.com\/mdtunisie.com\/wp-content\/uploads\/2022\/08\/pexels-thisisengineering-3861958-1.jpg?resize=768%2C512&amp;ssl=1 768w, https:\/\/i0.wp.com\/mdtunisie.com\/wp-content\/uploads\/2022\/08\/pexels-thisisengineering-3861958-1.jpg?resize=1536%2C1025&amp;ssl=1 1536w, https:\/\/i0.wp.com\/mdtunisie.com\/wp-content\/uploads\/2022\/08\/pexels-thisisengineering-3861958-1.jpg?resize=930%2C620&amp;ssl=1 930w, https:\/\/i0.wp.com\/mdtunisie.com\/wp-content\/uploads\/2022\/08\/pexels-thisisengineering-3861958-1.jpg?w=1988&amp;ssl=1 1988w\" \/><div class=\"wp-block-cover__inner-container is-layout-flow wp-block-cover-is-layout-flow\">\n<h2 class=\"wp-block-heading\">Entrare a far parte di una PMI a misura d'uomo<\/h2>\n<\/div><\/div>\n\n\n\n<hr class=\"wp-block-separator has-alpha-channel-opacity\"\/>\n\n\n\n<p class=\"has-text-align-left\">Entrate a far parte di una PMI a misura d'uomo, vicina ai suoi clienti e impegnata nello sviluppo e nella valorizzazione delle competenze di ciascuno dei suoi dipendenti. In un'atmosfera giovane e rilassata, lavorerete in un contesto internazionale e in un ambiente tecnico ricco. <\/p>\n\n\n\n<hr class=\"wp-block-separator has-alpha-channel-opacity\"\/>\n\n\n\n<h2 class=\"wp-block-heading\"><strong>Nessuna offerta disponibile al momento<\/strong><\/h2>\n\n\n\n<div style=\"height:100px\" aria-hidden=\"true\" class=\"wp-block-spacer\"><\/div>\n\n\n\n<hr class=\"wp-block-separator has-alpha-channel-opacity\"\/>\n\n\n\n<div class=\"wp-block-cover\" style=\"min-height:516px;aspect-ratio:unset;\"><span aria-hidden=\"true\" class=\"wp-block-cover__background has-nv-dark-bg-background-color has-background-dim-100 has-background-dim\"><\/span><div class=\"wp-block-cover__inner-container is-layout-constrained wp-block-cover-is-layout-constrained\">\n<div class=\"wp-block-columns is-layout-flex wp-container-core-columns-is-layout-9d6595d7 wp-block-columns-is-layout-flex\">\n<div class=\"wp-block-column is-layout-flow wp-block-column-is-layout-flow\"><div class=\"wp-block-image\">\n<figure class=\"aligncenter size-large\"><img data-recalc-dims=\"1\" loading=\"lazy\" decoding=\"async\" width=\"1024\" height=\"683\" sizes=\"auto, (max-width: 1200px) 100vw, 1200px\" src=\"https:\/\/i0.wp.com\/mdtunisie.com\/wp-content\/uploads\/2025\/01\/pexels-olia-danilevich-4974915.webp?resize=1024%2C683&#038;ssl=1\" alt=\"job\" class=\"wp-image-784\" srcset=\"https:\/\/i0.wp.com\/mdtunisie.com\/wp-content\/uploads\/2025\/01\/pexels-olia-danilevich-4974915.webp?resize=1024%2C683&amp;ssl=1 1024w, https:\/\/i0.wp.com\/mdtunisie.com\/wp-content\/uploads\/2025\/01\/pexels-olia-danilevich-4974915.webp?resize=300%2C200&amp;ssl=1 300w, https:\/\/i0.wp.com\/mdtunisie.com\/wp-content\/uploads\/2025\/01\/pexels-olia-danilevich-4974915.webp?resize=768%2C512&amp;ssl=1 768w, https:\/\/i0.wp.com\/mdtunisie.com\/wp-content\/uploads\/2025\/01\/pexels-olia-danilevich-4974915.webp?resize=930%2C620&amp;ssl=1 930w, https:\/\/i0.wp.com\/mdtunisie.com\/wp-content\/uploads\/2025\/01\/pexels-olia-danilevich-4974915.webp?w=1500&amp;ssl=1 1500w\" \/><\/figure>\n<\/div><\/div>\n\n\n\n<div class=\"wp-block-column is-layout-flow wp-block-column-is-layout-flow\">\n<p><\/p>\n\n\n\n<h3 class=\"wp-block-heading has-text-align-left translation-block\"><strong>Ci sono offerte disponibili in questo momento<\/strong>? Non siate troppo precipitosi!<\/h3>\n\n\n\n<h3 class=\"wp-block-heading\">Inviaci il tuo CV e condividi con noi la tua passione per lo sviluppo elettronico e informatico.<\/h3>\n\n\n\n<hr class=\"wp-block-separator has-alpha-channel-opacity\"\/>\n\n\n\n<div class=\"wp-block-buttons alignwide is-content-justification-center is-layout-flex wp-container-core-buttons-is-layout-16018d1d wp-block-buttons-is-layout-flex\">\n<div class=\"wp-block-button is-style-primary\"><a class=\"wp-block-button__link wp-element-button\" href=\"mailto:contact@mdtunisie.com\"><mark style=\"background-color:rgba(0, 0, 0, 0)\" class=\"has-inline-color has-nv-site-bg-color\">Inviare un'e-mail<\/mark><\/a><\/div>\n<\/div>\n<\/div>\n<\/div>\n<\/div><\/div>\n\n\n\n<div class=\"wp-block-cover alignfull has-custom-content-position is-position-top-center\" style=\"min-height:60px;aspect-ratio:unset;\"><span aria-hidden=\"true\" class=\"wp-block-cover__background has-nv-light-bg-background-color has-background-dim-100 has-background-dim\"><\/span><div class=\"wp-block-cover__inner-container is-layout-constrained wp-block-cover-is-layout-constrained\">\n<p class=\"has-text-align-center has-neve-link-color-color has-text-color has-link-color wp-elements-6f1ef0452211a4e2a5770da552373032\">Copyright \u00a9 Micro Device Tunisie - 2025<\/p>\n<\/div><\/div>","protected":false},"excerpt":{"rendered":"<p>Rejoignez une PME \u00e0 taille humaine, proche de ses clients et qui a \u00e0 c\u0153ur de d\u00e9velopper et faire monter en comp\u00e9tence chacun de ses collaborateurs. Dans une ambiance jeune et d\u00e9contract\u00e9e, vous \u00e9voluerez dans un contexte internationale et un environnement technique riche. Aucune offre n&rsquo;est disponible pour le moment<\/p>","protected":false},"author":1,"featured_media":0,"parent":0,"menu_order":0,"comment_status":"closed","ping_status":"closed","template":"","meta":{"neve_meta_sidebar":"","neve_meta_container":"default","neve_meta_enable_content_width":"","neve_meta_content_width":0,"neve_meta_title_alignment":"","neve_meta_author_avatar":"","neve_post_elements_order":"","neve_meta_disable_header":"off","neve_meta_disable_footer":"on","neve_meta_disable_title":"on","footnotes":""},"class_list":["post-475","page","type-page","status-publish","hentry"],"yoast_head":"<!-- This site is optimized with the Yoast SEO plugin v27.4 - https:\/\/yoast.com\/product\/yoast-seo-wordpress\/ -->\n<title>Carri\u00e8re - Offres d&#039;emploi<\/title>\n<meta name=\"description\" content=\"Consulter les offres d&#039;emploi chez MDT et rejoindre une \u00e9quipe sp\u00e9cialis\u00e9e dans divers discipline d&#039;\u00e9lectronique\" \/>\n<meta name=\"robots\" content=\"index, follow, max-snippet:-1, max-image-preview:large, max-video-preview:-1\" \/>\n<link rel=\"canonical\" href=\"https:\/\/mdtunisie.com\/it\/carriere\/\" \/>\n<meta property=\"og:locale\" content=\"it_IT\" \/>\n<meta property=\"og:type\" content=\"article\" \/>\n<meta property=\"og:title\" content=\"Carri\u00e8re - Offres d&#039;emploi\" \/>\n<meta property=\"og:description\" content=\"Consulter les offres d&#039;emploi chez MDT et rejoindre une \u00e9quipe sp\u00e9cialis\u00e9e dans divers discipline d&#039;\u00e9lectronique\" \/>\n<meta property=\"og:url\" content=\"https:\/\/mdtunisie.com\/it\/carriere\/\" \/>\n<meta property=\"og:site_name\" content=\"Micro Device Tunisie\" \/>\n<meta property=\"article:modified_time\" content=\"2025-07-13T15:10:29+00:00\" \/>\n<meta property=\"og:image\" content=\"http:\/\/mdtunisie.com\/wp-content\/uploads\/2022\/08\/pexels-thisisengineering-3861958-1-1024x683.jpg\" \/>\n<meta name=\"twitter:card\" content=\"summary_large_image\" \/>\n<meta name=\"twitter:label1\" content=\"Tempo di lettura stimato\" \/>\n\t<meta name=\"twitter:data1\" content=\"1 minuto\" \/>\n<script type=\"application\/ld+json\" class=\"yoast-schema-graph\">{\"@context\":\"https:\\\/\\\/schema.org\",\"@graph\":[{\"@type\":\"WebPage\",\"@id\":\"https:\\\/\\\/mdtunisie.com\\\/carriere\\\/\",\"url\":\"https:\\\/\\\/mdtunisie.com\\\/carriere\\\/\",\"name\":\"Carri\u00e8re - Offres d'emploi\",\"isPartOf\":{\"@id\":\"https:\\\/\\\/mdtunisie.com\\\/#website\"},\"primaryImageOfPage\":{\"@id\":\"https:\\\/\\\/mdtunisie.com\\\/carriere\\\/#primaryimage\"},\"image\":{\"@id\":\"https:\\\/\\\/mdtunisie.com\\\/carriere\\\/#primaryimage\"},\"thumbnailUrl\":\"http:\\\/\\\/mdtunisie.com\\\/wp-content\\\/uploads\\\/2022\\\/08\\\/pexels-thisisengineering-3861958-1-1024x683.jpg\",\"datePublished\":\"2022-08-19T23:12:52+00:00\",\"dateModified\":\"2025-07-13T15:10:29+00:00\",\"description\":\"Consulter les offres d'emploi chez MDT et rejoindre une \u00e9quipe sp\u00e9cialis\u00e9e dans divers discipline d'\u00e9lectronique\",\"breadcrumb\":{\"@id\":\"https:\\\/\\\/mdtunisie.com\\\/carriere\\\/#breadcrumb\"},\"inLanguage\":\"it-IT\",\"potentialAction\":[{\"@type\":\"ReadAction\",\"target\":[\"https:\\\/\\\/mdtunisie.com\\\/carriere\\\/\"]}]},{\"@type\":\"ImageObject\",\"inLanguage\":\"it-IT\",\"@id\":\"https:\\\/\\\/mdtunisie.com\\\/carriere\\\/#primaryimage\",\"url\":\"http:\\\/\\\/mdtunisie.com\\\/wp-content\\\/uploads\\\/2022\\\/08\\\/pexels-thisisengineering-3861958-1-1024x683.jpg\",\"contentUrl\":\"http:\\\/\\\/mdtunisie.com\\\/wp-content\\\/uploads\\\/2022\\\/08\\\/pexels-thisisengineering-3861958-1-1024x683.jpg\"},{\"@type\":\"BreadcrumbList\",\"@id\":\"https:\\\/\\\/mdtunisie.com\\\/carriere\\\/#breadcrumb\",\"itemListElement\":[{\"@type\":\"ListItem\",\"position\":1,\"name\":\"Accueil\",\"item\":\"https:\\\/\\\/mdtunisie.com\\\/\"},{\"@type\":\"ListItem\",\"position\":2,\"name\":\"Carri\u00e8re\"}]},{\"@type\":\"WebSite\",\"@id\":\"https:\\\/\\\/mdtunisie.com\\\/#website\",\"url\":\"https:\\\/\\\/mdtunisie.com\\\/\",\"name\":\"Micro Device Tunisie\",\"description\":\"Imaginons ensemble les innovations de demain\",\"alternateName\":\"Micro Device Tunisia\",\"potentialAction\":[{\"@type\":\"SearchAction\",\"target\":{\"@type\":\"EntryPoint\",\"urlTemplate\":\"https:\\\/\\\/mdtunisie.com\\\/?s={search_term_string}\"},\"query-input\":{\"@type\":\"PropertyValueSpecification\",\"valueRequired\":true,\"valueName\":\"search_term_string\"}}],\"inLanguage\":\"it-IT\"}]}<\/script>\n<!-- \/ Yoast SEO plugin. -->","yoast_head_json":{"title":"Carri\u00e8re - Offres d'emploi","description":"Consulter les offres d'emploi chez MDT et rejoindre une \u00e9quipe sp\u00e9cialis\u00e9e dans divers discipline d'\u00e9lectronique","robots":{"index":"index","follow":"follow","max-snippet":"max-snippet:-1","max-image-preview":"max-image-preview:large","max-video-preview":"max-video-preview:-1"},"canonical":"https:\/\/mdtunisie.com\/it\/carriere\/","og_locale":"it_IT","og_type":"article","og_title":"Carri\u00e8re - Offres d'emploi","og_description":"Consulter les offres d'emploi chez MDT et rejoindre une \u00e9quipe sp\u00e9cialis\u00e9e dans divers discipline d'\u00e9lectronique","og_url":"https:\/\/mdtunisie.com\/it\/carriere\/","og_site_name":"Micro Device Tunisie","article_modified_time":"2025-07-13T15:10:29+00:00","og_image":[{"url":"http:\/\/mdtunisie.com\/wp-content\/uploads\/2022\/08\/pexels-thisisengineering-3861958-1-1024x683.jpg","type":"","width":"","height":""}],"twitter_card":"summary_large_image","twitter_misc":{"Tempo di lettura stimato":"1 minuto"},"schema":{"@context":"https:\/\/schema.org","@graph":[{"@type":"WebPage","@id":"https:\/\/mdtunisie.com\/carriere\/","url":"https:\/\/mdtunisie.com\/carriere\/","name":"Carri\u00e8re - Offres d'emploi","isPartOf":{"@id":"https:\/\/mdtunisie.com\/#website"},"primaryImageOfPage":{"@id":"https:\/\/mdtunisie.com\/carriere\/#primaryimage"},"image":{"@id":"https:\/\/mdtunisie.com\/carriere\/#primaryimage"},"thumbnailUrl":"http:\/\/mdtunisie.com\/wp-content\/uploads\/2022\/08\/pexels-thisisengineering-3861958-1-1024x683.jpg","datePublished":"2022-08-19T23:12:52+00:00","dateModified":"2025-07-13T15:10:29+00:00","description":"Consulter les offres d'emploi chez MDT et rejoindre une \u00e9quipe sp\u00e9cialis\u00e9e dans divers discipline d'\u00e9lectronique","breadcrumb":{"@id":"https:\/\/mdtunisie.com\/carriere\/#breadcrumb"},"inLanguage":"it-IT","potentialAction":[{"@type":"ReadAction","target":["https:\/\/mdtunisie.com\/carriere\/"]}]},{"@type":"ImageObject","inLanguage":"it-IT","@id":"https:\/\/mdtunisie.com\/carriere\/#primaryimage","url":"http:\/\/mdtunisie.com\/wp-content\/uploads\/2022\/08\/pexels-thisisengineering-3861958-1-1024x683.jpg","contentUrl":"http:\/\/mdtunisie.com\/wp-content\/uploads\/2022\/08\/pexels-thisisengineering-3861958-1-1024x683.jpg"},{"@type":"BreadcrumbList","@id":"https:\/\/mdtunisie.com\/carriere\/#breadcrumb","itemListElement":[{"@type":"ListItem","position":1,"name":"Accueil","item":"https:\/\/mdtunisie.com\/"},{"@type":"ListItem","position":2,"name":"Carri\u00e8re"}]},{"@type":"WebSite","@id":"https:\/\/mdtunisie.com\/#website","url":"https:\/\/mdtunisie.com\/","name":"Micro Device Tunisia","description":"Lavorare insieme per immaginare le innovazioni di domani","alternateName":"Micro Device Tunisia","potentialAction":[{"@type":"SearchAction","target":{"@type":"EntryPoint","urlTemplate":"https:\/\/mdtunisie.com\/?s={search_term_string}"},"query-input":{"@type":"PropertyValueSpecification","valueRequired":true,"valueName":"search_term_string"}}],"inLanguage":"it-IT"}]}},"jetpack_sharing_enabled":true,"jetpack_likes_enabled":true,"_links":{"self":[{"href":"https:\/\/mdtunisie.com\/it\/wp-json\/wp\/v2\/pages\/475","targetHints":{"allow":["GET"]}}],"collection":[{"href":"https:\/\/mdtunisie.com\/it\/wp-json\/wp\/v2\/pages"}],"about":[{"href":"https:\/\/mdtunisie.com\/it\/wp-json\/wp\/v2\/types\/page"}],"author":[{"embeddable":true,"href":"https:\/\/mdtunisie.com\/it\/wp-json\/wp\/v2\/users\/1"}],"replies":[{"embeddable":true,"href":"https:\/\/mdtunisie.com\/it\/wp-json\/wp\/v2\/comments?post=475"}],"version-history":[{"count":21,"href":"https:\/\/mdtunisie.com\/it\/wp-json\/wp\/v2\/pages\/475\/revisions"}],"predecessor-version":[{"id":1144,"href":"https:\/\/mdtunisie.com\/it\/wp-json\/wp\/v2\/pages\/475\/revisions\/1144"}],"wp:attachment":[{"href":"https:\/\/mdtunisie.com\/it\/wp-json\/wp\/v2\/media?parent=475"}],"curies":[{"name":"wp","href":"https:\/\/api.w.org\/{rel}","templated":true}]}}