{"id":824,"date":"2025-01-10T23:09:04","date_gmt":"2025-01-10T22:09:04","guid":{"rendered":"https:\/\/mdtunisie.com\/?page_id=824"},"modified":"2025-01-11T20:50:32","modified_gmt":"2025-01-11T19:50:32","slug":"design-conception-electronique","status":"publish","type":"page","link":"https:\/\/mdtunisie.com\/it\/design-conception-electronique\/","title":{"rendered":"Progettazione elettronica"},"content":{"rendered":"<div class=\"wp-block-cover aligncenter has-custom-content-position is-position-center-left\" style=\"min-height:250px;aspect-ratio:unset;\"><span aria-hidden=\"true\" class=\"wp-block-cover__background has-neve-text-color-background-color has-background-dim\"><\/span><img data-recalc-dims=\"1\" loading=\"lazy\" decoding=\"async\" width=\"1033\" height=\"688\" sizes=\"auto, (max-width: 1200px) 100vw, 1200px\" class=\"wp-block-cover__image-background wp-image-800\" alt=\"\" src=\"https:\/\/i0.wp.com\/mdtunisie.com\/wp-content\/uploads\/2025\/01\/pexels-pixabay-163125.webp?resize=1033%2C688&ssl=1\" data-object-fit=\"cover\" srcset=\"https:\/\/i0.wp.com\/mdtunisie.com\/wp-content\/uploads\/2025\/01\/pexels-pixabay-163125.webp?w=1033&ssl=1 1033w, https:\/\/i0.wp.com\/mdtunisie.com\/wp-content\/uploads\/2025\/01\/pexels-pixabay-163125.webp?resize=300%2C200&ssl=1 300w, https:\/\/i0.wp.com\/mdtunisie.com\/wp-content\/uploads\/2025\/01\/pexels-pixabay-163125.webp?resize=1024%2C682&ssl=1 1024w, https:\/\/i0.wp.com\/mdtunisie.com\/wp-content\/uploads\/2025\/01\/pexels-pixabay-163125.webp?resize=768%2C512&ssl=1 768w, https:\/\/i0.wp.com\/mdtunisie.com\/wp-content\/uploads\/2025\/01\/pexels-pixabay-163125.webp?resize=930%2C620&ssl=1 930w\" \/><div class=\"wp-block-cover__inner-container is-layout-constrained wp-block-cover-is-layout-constrained\">\n<h2 class=\"wp-block-heading\">Progettazione elettronica<\/h2>\n<\/div><\/div>\n\n\n\n<hr class=\"wp-block-separator has-alpha-channel-opacity\"\/>\n\n\n\n<p>Nous concevons des syst\u00e8mes \u00e9lectroniques sur mesure pour r\u00e9pondre aux besoins uniques de nos clients. De l\u2019id\u00e9e initiale \u00e0 la mise en \u0153uvre, nous allions expertise technique et innovation pour cr\u00e9er des solutions performantes, adapt\u00e9es aux exigences les plus sp\u00e9cifiques et aux environnements les plus complexes.<\/p>\n\n\n\n<hr class=\"wp-block-separator has-alpha-channel-opacity\"\/>\n\n\n\n<div class=\"wp-block-columns is-layout-flex wp-container-core-columns-is-layout-9d6595d7 wp-block-columns-is-layout-flex\">\n<div class=\"wp-block-column is-layout-flow wp-block-column-is-layout-flow\">\n<div class=\"wp-block-cover has-custom-content-position is-position-top-center\"><span aria-hidden=\"true\" class=\"wp-block-cover__background has-neve-link-hover-color-background-color has-background-dim-100 has-background-dim\"><\/span><div class=\"wp-block-cover__inner-container is-layout-constrained wp-block-cover-is-layout-constrained\">\n<h2 class=\"wp-block-heading has-text-align-center\">Progettazione del sistema<\/h2>\n\n\n\n<p class=\"has-text-align-center\"><mark style=\"background-color:rgba(0, 0, 0, 0)\" class=\"has-inline-color has-nv-site-bg-color\">Conception de syst\u00e8me complet, ceci peut inclure : d\u00e9finition de l\u2019architecture, la d\u00e9finition du boitier, l\u2019alimentation, la conception des \u00e9l\u00e9ments analogiques et num\u00e9riques, choix de processeur, etc\u2026<\/mark><\/p>\n<\/div><\/div>\n<\/div>\n\n\n\n<div class=\"wp-block-column is-layout-flow wp-block-column-is-layout-flow\">\n<div class=\"wp-block-cover\"><span aria-hidden=\"true\" class=\"wp-block-cover__background has-neve-link-hover-color-background-color has-background-dim-100 has-background-dim\"><\/span><div class=\"wp-block-cover__inner-container is-layout-constrained wp-block-cover-is-layout-constrained\">\n<h2 class=\"wp-block-heading has-text-align-center\">Immissione di un diagramma<\/h2>\n\n\n\n<p class=\"has-text-align-center\"><mark style=\"background-color:rgba(0, 0, 0, 0)\" class=\"has-inline-color has-nv-site-bg-color\">Nos ing\u00e9nieurs concr\u00e9tisent les id\u00e9es de nos clients \u00e0 des blocs fonctionnelles dans les r\u00e8gles de l\u2019art et en prenant compte les diff\u00e9rents exigences du monde industriel.<\/mark><\/p>\n<\/div><\/div>\n<\/div>\n\n\n\n<div class=\"wp-block-column is-layout-flow wp-block-column-is-layout-flow\">\n<div class=\"wp-block-cover\"><span aria-hidden=\"true\" class=\"wp-block-cover__background has-neve-link-hover-color-background-color has-background-dim-100 has-background-dim\"><\/span><div class=\"wp-block-cover__inner-container is-layout-constrained wp-block-cover-is-layout-constrained\">\n<h2 class=\"wp-block-heading has-text-align-center\">Stesura del PCB<\/h2>\n\n\n\n<p class=\"has-text-align-center\"><mark style=\"background-color:rgba(0, 0, 0, 0)\" class=\"has-inline-color has-nv-site-bg-color\">L\u2019expertise de <strong>Micro Device Tunisia<\/strong> couvre le routage des PCB de divers complexit\u00e9s et r\u00e9pond aux exigences impos\u00e9s par le projet (m\u00e9canique, thermique, vitesses des signaux, etc\u2026)<\/mark><\/p>\n<\/div><\/div>\n<\/div>\n<\/div>\n\n\n\n<div class=\"wp-block-columns is-layout-flex wp-container-core-columns-is-layout-9d6595d7 wp-block-columns-is-layout-flex\">\n<div class=\"wp-block-column is-layout-flow wp-block-column-is-layout-flow\">\n<div class=\"wp-block-cover\"><span aria-hidden=\"true\" class=\"wp-block-cover__background has-neve-link-hover-color-background-color has-background-dim-100 has-background-dim\"><\/span><div class=\"wp-block-cover__inner-container is-layout-constrained wp-block-cover-is-layout-constrained\">\n<h2 class=\"wp-block-heading has-text-align-center\">File di produzione completo<\/h2>\n\n\n\n<p class=\"has-text-align-center\"><mark style=\"background-color:rgba(0, 0, 0, 0)\" class=\"has-inline-color has-nv-site-bg-color\">Al cliente e\/o al suo SGA viene fornito un file completo di tutti gli elementi necessari per la produzione.<\/mark><\/p>\n<\/div><\/div>\n<\/div>\n\n\n\n<div class=\"wp-block-column is-layout-flow wp-block-column-is-layout-flow\">\n<div class=\"wp-block-cover\"><span aria-hidden=\"true\" class=\"wp-block-cover__background has-neve-link-hover-color-background-color has-background-dim-100 has-background-dim\"><\/span><div class=\"wp-block-cover__inner-container is-layout-constrained wp-block-cover-is-layout-constrained\">\n<h2 class=\"wp-block-heading has-text-align-center\">Creazione di simboli e stampe<\/h2>\n\n\n\n<p class=\"has-text-align-center\"><mark style=\"background-color:rgba(0, 0, 0, 0)\" class=\"has-inline-color has-nv-site-bg-color\">Service d\u00e9di\u00e9 aux bureaux d\u2019\u00e9tudes d\u00e9sirant avoir plus de bande passante. <strong>Micro Device Tunisia<\/strong> aiuta a preparare i progetti creando le librerie necessarie.<\/mark><\/p>\n<\/div><\/div>\n<\/div>\n\n\n\n<div class=\"wp-block-column is-layout-flow wp-block-column-is-layout-flow\">\n<div class=\"wp-block-cover\"><span aria-hidden=\"true\" class=\"wp-block-cover__background has-neve-link-hover-color-background-color has-background-dim-100 has-background-dim\"><\/span><div class=\"wp-block-cover__inner-container is-layout-constrained wp-block-cover-is-layout-constrained\">\n<h2 class=\"wp-block-heading has-text-align-center\">Revisione degli schemi e del percorso<\/h2>\n\n\n\n<p class=\"has-text-align-center\"><mark style=\"background-color:rgba(0, 0, 0, 0)\" class=\"has-inline-color has-nv-site-bg-color\">Service d\u00e9di\u00e9 aux bureaux d\u2019\u00e9tudes. Profiter de l\u2019exp\u00e9rience de <strong>Micro Device Tunisia<\/strong> in varie applicazioni per confermare le scelte fatte prima di passare alla produzione.<\/mark><\/p>\n<\/div><\/div>\n<\/div>\n<\/div>\n\n\n\n<div class=\"wp-block-cover has-custom-content-position is-position-top-center\" style=\"min-height:508px;aspect-ratio:unset;\"><span aria-hidden=\"true\" class=\"wp-block-cover__background has-nv-dark-bg-background-color has-background-dim-100 has-background-dim\"><\/span><div class=\"wp-block-cover__inner-container is-layout-constrained wp-block-cover-is-layout-constrained\">\n<p><\/p>\n\n\n\n<div class=\"wp-block-columns is-layout-flex wp-container-core-columns-is-layout-9d6595d7 wp-block-columns-is-layout-flex\">\n<div class=\"wp-block-column is-layout-flow wp-block-column-is-layout-flow\"><div class=\"wp-block-image\">\n<figure class=\"aligncenter size-large is-resized\"><img data-recalc-dims=\"1\" loading=\"lazy\" decoding=\"async\" width=\"1024\" height=\"682\" sizes=\"auto, (max-width: 1200px) 100vw, 1200px\" src=\"https:\/\/i0.wp.com\/mdtunisie.com\/wp-content\/uploads\/2025\/01\/pexels-olly-845451.webp?resize=1024%2C682&ssl=1\" alt=\"\" class=\"wp-image-775\" style=\"width:435px;height:auto\" srcset=\"https:\/\/i0.wp.com\/mdtunisie.com\/wp-content\/uploads\/2025\/01\/pexels-olly-845451.webp?resize=1024%2C682&ssl=1 1024w, https:\/\/i0.wp.com\/mdtunisie.com\/wp-content\/uploads\/2025\/01\/pexels-olly-845451.webp?resize=300%2C200&ssl=1 300w, https:\/\/i0.wp.com\/mdtunisie.com\/wp-content\/uploads\/2025\/01\/pexels-olly-845451.webp?resize=768%2C512&ssl=1 768w, https:\/\/i0.wp.com\/mdtunisie.com\/wp-content\/uploads\/2025\/01\/pexels-olly-845451.webp?resize=930%2C620&ssl=1 930w, https:\/\/i0.wp.com\/mdtunisie.com\/wp-content\/uploads\/2025\/01\/pexels-olly-845451.webp?w=1525&ssl=1 1525w\" \/><\/figure>\n<\/div>\n\n\n<div style=\"height:25px\" aria-hidden=\"true\" class=\"wp-block-spacer\"><\/div>\n\n\n\n<div class=\"wp-block-buttons is-content-justification-center is-layout-flex wp-container-core-buttons-is-layout-16018d1d wp-block-buttons-is-layout-flex\">\n<div class=\"wp-block-button is-style-default\"><a class=\"wp-block-button__link wp-element-button\" href=\"https:\/\/mdtunisie.com\/index.php\/expertises\/\">Scopri la nostra esperienza<\/a><\/div>\n<\/div>\n<\/div>\n\n\n\n<div class=\"wp-block-column is-layout-flow wp-block-column-is-layout-flow\"><div class=\"wp-block-image\">\n<figure class=\"aligncenter size-large is-resized\"><img data-recalc-dims=\"1\" loading=\"lazy\" decoding=\"async\" width=\"1024\" height=\"684\" sizes=\"auto, (max-width: 1200px) 100vw, 1200px\" src=\"https:\/\/i0.wp.com\/mdtunisie.com\/wp-content\/uploads\/2025\/01\/pexels-divinetechygirl-1181346.webp?resize=1024%2C684&ssl=1\" alt=\"\" class=\"wp-image-776\" style=\"width:439px;height:auto\" srcset=\"https:\/\/i0.wp.com\/mdtunisie.com\/wp-content\/uploads\/2025\/01\/pexels-divinetechygirl-1181346.webp?resize=1024%2C684&ssl=1 1024w, https:\/\/i0.wp.com\/mdtunisie.com\/wp-content\/uploads\/2025\/01\/pexels-divinetechygirl-1181346.webp?resize=300%2C200&ssl=1 300w, https:\/\/i0.wp.com\/mdtunisie.com\/wp-content\/uploads\/2025\/01\/pexels-divinetechygirl-1181346.webp?resize=768%2C513&ssl=1 768w, https:\/\/i0.wp.com\/mdtunisie.com\/wp-content\/uploads\/2025\/01\/pexels-divinetechygirl-1181346.webp?resize=930%2C620&ssl=1 930w, https:\/\/i0.wp.com\/mdtunisie.com\/wp-content\/uploads\/2025\/01\/pexels-divinetechygirl-1181346.webp?w=1203&ssl=1 1203w\" \/><\/figure>\n<\/div>\n\n\n<div style=\"height:25px\" aria-hidden=\"true\" class=\"wp-block-spacer\"><\/div>\n\n\n\n<div class=\"wp-block-buttons alignwide is-content-justification-center is-layout-flex wp-container-core-buttons-is-layout-16018d1d wp-block-buttons-is-layout-flex\">\n<div class=\"wp-block-button\"><a class=\"wp-block-button__link has-text-align-center wp-element-button\" href=\"https:\/\/mdtunisie.com\/index.php\/project-form\/\">Parlaci del tuo progetto<\/a><\/div>\n<\/div>\n<\/div>\n<\/div>\n<\/div><\/div>\n\n\n\n<div class=\"wp-block-cover alignfull has-custom-content-position is-position-top-center\" style=\"min-height:60px;aspect-ratio:unset;\"><span aria-hidden=\"true\" class=\"wp-block-cover__background has-nv-light-bg-background-color has-background-dim-100 has-background-dim\"><\/span><div class=\"wp-block-cover__inner-container is-layout-constrained wp-block-cover-is-layout-constrained\">\n<p class=\"has-text-align-center has-neve-link-color-color has-text-color has-link-color wp-elements-6f1ef0452211a4e2a5770da552373032\">Copyright \u00a9 Micro Device Tunisie \u2013 2025<\/p>\n<\/div><\/div>","protected":false},"excerpt":{"rendered":"<p>Nous concevons des syst\u00e8mes \u00e9lectroniques sur mesure pour r\u00e9pondre aux besoins uniques de nos clients. De l\u2019id\u00e9e initiale \u00e0 la mise en \u0153uvre, nous allions expertise technique et innovation pour cr\u00e9er des solutions performantes, adapt\u00e9es aux exigences les plus sp\u00e9cifiques et aux environnements les plus complexes.<\/p>","protected":false},"author":1,"featured_media":0,"parent":0,"menu_order":0,"comment_status":"closed","ping_status":"closed","template":"","meta":{"neve_meta_sidebar":"","neve_meta_container":"","neve_meta_enable_content_width":"","neve_meta_content_width":0,"neve_meta_title_alignment":"","neve_meta_author_avatar":"","neve_post_elements_order":"","neve_meta_disable_header":"","neve_meta_disable_footer":"on","neve_meta_disable_title":"on","footnotes":""},"class_list":["post-824","page","type-page","status-publish","hentry"],"yoast_head":"<!-- This site is optimized with the Yoast SEO plugin v27.5 - https:\/\/yoast.com\/product\/yoast-seo-wordpress\/ -->\n<title>Conception \u00e9lectronique - Micro Device Tunisie<\/title>\n<meta name=\"description\" content=\"Nous concevons des syst\u00e8mes \u00e9lectroniques sur mesure pour r\u00e9pondre aux besoins uniques de nos clients. De l&#039;id\u00e9e initiale \u00e0 la mise en \u0153uvre.\" \/>\n<meta name=\"robots\" content=\"index, follow, max-snippet:-1, max-image-preview:large, max-video-preview:-1\" \/>\n<link rel=\"canonical\" href=\"https:\/\/mdtunisie.com\/it\/design-conception-electronique\/\" \/>\n<meta property=\"og:locale\" content=\"it_IT\" \/>\n<meta property=\"og:type\" content=\"article\" \/>\n<meta property=\"og:title\" content=\"Conception \u00e9lectronique - Micro Device Tunisie\" \/>\n<meta property=\"og:description\" content=\"Nous concevons des syst\u00e8mes \u00e9lectroniques sur mesure pour r\u00e9pondre aux besoins uniques de nos clients. De l&#039;id\u00e9e initiale \u00e0 la mise en \u0153uvre.\" \/>\n<meta property=\"og:url\" content=\"https:\/\/mdtunisie.com\/it\/design-conception-electronique\/\" \/>\n<meta property=\"og:site_name\" content=\"Micro Device Tunisie\" \/>\n<meta property=\"article:modified_time\" content=\"2025-01-11T19:50:32+00:00\" \/>\n<meta property=\"og:image\" content=\"https:\/\/mdtunisie.com\/wp-content\/uploads\/2025\/01\/pexels-pixabay-163125.webp\" \/>\n<meta name=\"twitter:card\" content=\"summary_large_image\" \/>\n<meta name=\"twitter:label1\" content=\"Tempo di lettura stimato\" \/>\n\t<meta name=\"twitter:data1\" content=\"2 minuti\" \/>\n<script type=\"application\/ld+json\" class=\"yoast-schema-graph\">{\"@context\":\"https:\\\/\\\/schema.org\",\"@graph\":[{\"@type\":\"WebPage\",\"@id\":\"https:\\\/\\\/mdtunisie.com\\\/design-conception-electronique\\\/\",\"url\":\"https:\\\/\\\/mdtunisie.com\\\/design-conception-electronique\\\/\",\"name\":\"Conception \u00e9lectronique - Micro Device Tunisie\",\"isPartOf\":{\"@id\":\"https:\\\/\\\/mdtunisie.com\\\/#website\"},\"primaryImageOfPage\":{\"@id\":\"https:\\\/\\\/mdtunisie.com\\\/design-conception-electronique\\\/#primaryimage\"},\"image\":{\"@id\":\"https:\\\/\\\/mdtunisie.com\\\/design-conception-electronique\\\/#primaryimage\"},\"thumbnailUrl\":\"https:\\\/\\\/mdtunisie.com\\\/wp-content\\\/uploads\\\/2025\\\/01\\\/pexels-pixabay-163125.webp\",\"datePublished\":\"2025-01-10T22:09:04+00:00\",\"dateModified\":\"2025-01-11T19:50:32+00:00\",\"description\":\"Nous concevons des syst\u00e8mes \u00e9lectroniques sur mesure pour r\u00e9pondre aux besoins uniques de nos clients. De l'id\u00e9e initiale \u00e0 la mise en \u0153uvre.\",\"breadcrumb\":{\"@id\":\"https:\\\/\\\/mdtunisie.com\\\/design-conception-electronique\\\/#breadcrumb\"},\"inLanguage\":\"it-IT\",\"potentialAction\":[{\"@type\":\"ReadAction\",\"target\":[\"https:\\\/\\\/mdtunisie.com\\\/design-conception-electronique\\\/\"]}]},{\"@type\":\"ImageObject\",\"inLanguage\":\"it-IT\",\"@id\":\"https:\\\/\\\/mdtunisie.com\\\/design-conception-electronique\\\/#primaryimage\",\"url\":\"https:\\\/\\\/mdtunisie.com\\\/wp-content\\\/uploads\\\/2025\\\/01\\\/pexels-pixabay-163125.webp\",\"contentUrl\":\"https:\\\/\\\/mdtunisie.com\\\/wp-content\\\/uploads\\\/2025\\\/01\\\/pexels-pixabay-163125.webp\"},{\"@type\":\"BreadcrumbList\",\"@id\":\"https:\\\/\\\/mdtunisie.com\\\/design-conception-electronique\\\/#breadcrumb\",\"itemListElement\":[{\"@type\":\"ListItem\",\"position\":1,\"name\":\"Accueil\",\"item\":\"https:\\\/\\\/mdtunisie.com\\\/\"},{\"@type\":\"ListItem\",\"position\":2,\"name\":\"Conception \u00e9lectronique\"}]},{\"@type\":\"WebSite\",\"@id\":\"https:\\\/\\\/mdtunisie.com\\\/#website\",\"url\":\"https:\\\/\\\/mdtunisie.com\\\/\",\"name\":\"Micro Device Tunisie\",\"description\":\"Imaginons ensemble les innovations de demain\",\"alternateName\":\"Micro Device Tunisia\",\"potentialAction\":[{\"@type\":\"SearchAction\",\"target\":{\"@type\":\"EntryPoint\",\"urlTemplate\":\"https:\\\/\\\/mdtunisie.com\\\/?s={search_term_string}\"},\"query-input\":{\"@type\":\"PropertyValueSpecification\",\"valueRequired\":true,\"valueName\":\"search_term_string\"}}],\"inLanguage\":\"it-IT\"}]}<\/script>\n<!-- \/ Yoast SEO plugin. -->","yoast_head_json":{"title":"Conception \u00e9lectronique - Micro Device Tunisie","description":"Nous concevons des syst\u00e8mes \u00e9lectroniques sur mesure pour r\u00e9pondre aux besoins uniques de nos clients. De l'id\u00e9e initiale \u00e0 la mise en \u0153uvre.","robots":{"index":"index","follow":"follow","max-snippet":"max-snippet:-1","max-image-preview":"max-image-preview:large","max-video-preview":"max-video-preview:-1"},"canonical":"https:\/\/mdtunisie.com\/it\/design-conception-electronique\/","og_locale":"it_IT","og_type":"article","og_title":"Conception \u00e9lectronique - Micro Device Tunisie","og_description":"Nous concevons des syst\u00e8mes \u00e9lectroniques sur mesure pour r\u00e9pondre aux besoins uniques de nos clients. De l'id\u00e9e initiale \u00e0 la mise en \u0153uvre.","og_url":"https:\/\/mdtunisie.com\/it\/design-conception-electronique\/","og_site_name":"Micro Device Tunisie","article_modified_time":"2025-01-11T19:50:32+00:00","og_image":[{"url":"https:\/\/mdtunisie.com\/wp-content\/uploads\/2025\/01\/pexels-pixabay-163125.webp","type":"","width":"","height":""}],"twitter_card":"summary_large_image","twitter_misc":{"Tempo di lettura stimato":"2 minuti"},"schema":{"@context":"https:\/\/schema.org","@graph":[{"@type":"WebPage","@id":"https:\/\/mdtunisie.com\/design-conception-electronique\/","url":"https:\/\/mdtunisie.com\/design-conception-electronique\/","name":"Conception \u00e9lectronique - Micro Device Tunisie","isPartOf":{"@id":"https:\/\/mdtunisie.com\/#website"},"primaryImageOfPage":{"@id":"https:\/\/mdtunisie.com\/design-conception-electronique\/#primaryimage"},"image":{"@id":"https:\/\/mdtunisie.com\/design-conception-electronique\/#primaryimage"},"thumbnailUrl":"https:\/\/mdtunisie.com\/wp-content\/uploads\/2025\/01\/pexels-pixabay-163125.webp","datePublished":"2025-01-10T22:09:04+00:00","dateModified":"2025-01-11T19:50:32+00:00","description":"Nous concevons des syst\u00e8mes \u00e9lectroniques sur mesure pour r\u00e9pondre aux besoins uniques de nos clients. De l'id\u00e9e initiale \u00e0 la mise en \u0153uvre.","breadcrumb":{"@id":"https:\/\/mdtunisie.com\/design-conception-electronique\/#breadcrumb"},"inLanguage":"it-IT","potentialAction":[{"@type":"ReadAction","target":["https:\/\/mdtunisie.com\/design-conception-electronique\/"]}]},{"@type":"ImageObject","inLanguage":"it-IT","@id":"https:\/\/mdtunisie.com\/design-conception-electronique\/#primaryimage","url":"https:\/\/mdtunisie.com\/wp-content\/uploads\/2025\/01\/pexels-pixabay-163125.webp","contentUrl":"https:\/\/mdtunisie.com\/wp-content\/uploads\/2025\/01\/pexels-pixabay-163125.webp"},{"@type":"BreadcrumbList","@id":"https:\/\/mdtunisie.com\/design-conception-electronique\/#breadcrumb","itemListElement":[{"@type":"ListItem","position":1,"name":"Accueil","item":"https:\/\/mdtunisie.com\/"},{"@type":"ListItem","position":2,"name":"Conception \u00e9lectronique"}]},{"@type":"WebSite","@id":"https:\/\/mdtunisie.com\/#website","url":"https:\/\/mdtunisie.com\/","name":"Micro Device Tunisia","description":"Lavorare insieme per immaginare le innovazioni di domani","alternateName":"Micro Device Tunisia","potentialAction":[{"@type":"SearchAction","target":{"@type":"EntryPoint","urlTemplate":"https:\/\/mdtunisie.com\/?s={search_term_string}"},"query-input":{"@type":"PropertyValueSpecification","valueRequired":true,"valueName":"search_term_string"}}],"inLanguage":"it-IT"}]}},"jetpack_sharing_enabled":true,"jetpack_likes_enabled":true,"_links":{"self":[{"href":"https:\/\/mdtunisie.com\/it\/wp-json\/wp\/v2\/pages\/824","targetHints":{"allow":["GET"]}}],"collection":[{"href":"https:\/\/mdtunisie.com\/it\/wp-json\/wp\/v2\/pages"}],"about":[{"href":"https:\/\/mdtunisie.com\/it\/wp-json\/wp\/v2\/types\/page"}],"author":[{"embeddable":true,"href":"https:\/\/mdtunisie.com\/it\/wp-json\/wp\/v2\/users\/1"}],"replies":[{"embeddable":true,"href":"https:\/\/mdtunisie.com\/it\/wp-json\/wp\/v2\/comments?post=824"}],"version-history":[{"count":7,"href":"https:\/\/mdtunisie.com\/it\/wp-json\/wp\/v2\/pages\/824\/revisions"}],"predecessor-version":[{"id":995,"href":"https:\/\/mdtunisie.com\/it\/wp-json\/wp\/v2\/pages\/824\/revisions\/995"}],"wp:attachment":[{"href":"https:\/\/mdtunisie.com\/it\/wp-json\/wp\/v2\/media?parent=824"}],"curies":[{"name":"wp","href":"https:\/\/api.w.org\/{rel}","templated":true}]}}